{"id":10076,"date":"2023-10-02T14:29:45","date_gmt":"2023-10-02T17:29:45","guid":{"rendered":"https:\/\/omel.com.br\/terminos-y-condiciones-generales-de-uso\/"},"modified":"2024-12-19T11:58:40","modified_gmt":"2024-12-19T14:58:40","slug":"terminos-y-condiciones-generales-de-uso","status":"publish","type":"page","link":"https:\/\/omel.com.br\/es\/terminos-y-condiciones-generales-de-uso\/","title":{"rendered":"T\u00e9rminos y condiciones generales de uso"},"content":{"rendered":"\t\t<div data-elementor-type=\"wp-page\" data-elementor-id=\"10076\" class=\"elementor elementor-10076 elementor-2443\" data-elementor-post-type=\"page\">\n\t\t\t\t<div class=\"elementor-element elementor-element-807a934 e-flex e-con-boxed e-con e-parent\" data-id=\"807a934\" data-element_type=\"container\">\n\t\t\t\t\t<div class=\"e-con-inner\">\n\t\t\t\t<div class=\"elementor-element elementor-element-4c19dd8 elementor-widget elementor-widget-heading\" data-id=\"4c19dd8\" data-element_type=\"widget\" data-widget_type=\"heading.default\">\n\t\t\t\t<div class=\"elementor-widget-container\">\n\t\t\t\t\t<h1 class=\"elementor-heading-title elementor-size-default\">T\u00e9rminos y condiciones generales de uso<\/h1>\t\t\t\t<\/div>\n\t\t\t\t<\/div>\n\t\t\t\t<div class=\"elementor-element elementor-element-dc53922 elementor-widget elementor-widget-text-editor\" data-id=\"dc53922\" data-element_type=\"widget\" data-widget_type=\"text-editor.default\">\n\t\t\t\t<div class=\"elementor-widget-container\">\n\t\t\t\t\t\t\t\t\t<p>Este instrumento contiene los t\u00e9rminos y condiciones generales de uso de los sitios web de Omel Bombas e Compressores Ltda. (\u201cOmel\u201d), es decir,<strong> <a href=\"https:\/\/omel.com.br\/es\/\">https:\/\/omel.com.br\/<\/a><\/strong> (en conjunto, los \u201cSitios Web\u201d, o, individual e indistintamente, el \u201cSitio Web\u201d), as\u00ed como los productos y servicios ofrecidos a trav\u00e9s de dichos Sitios Web (\u00abServicios\u00bb). Estos T\u00e9rminos de uso incluyen nuestra <strong><a href=\"https:\/\/omel.com.br\/es\/politica-de-privacidad\/\">Pol\u00edtica de privacidae<\/a><\/strong>, que contiene las reglas y condiciones para nuestro uso de sus datos personales.  <\/p>\n<h4>1. El servicio del sitio web<\/h4>\n<p>1.1. Los Sitios Web son operados por Omel Bombas e Compressores Ltda. (\u201cOmel\u201d, \u201cOmel Bombas\u201d, \u201cNosotros\u201d, \u201cNos\u201d, \u201cNuestro\u201d o \u201cCon Nosotros\u201d). \u201cUsted\u201d, \u201cSu\u201d, \u201cSu\u201d, \u201cUsuario\u201d o \u201cCliente\u201d significa la parte que hace uso de los Sitios web y\/o los Servicios. A trav\u00e9s del Sitio Web, Omel le ofrece acceso a datos e informaci\u00f3n relacionados con los productos y servicios ofrecidos por Omel.<\/p>\n<h4>2. Uso del Sitio Web y Aceptaci\u00f3n de las Condiciones de Uso<\/h4>\n<p>2.1. Su uso de los Servicios y los Sitios web se rige por estos T\u00e9rminos y condiciones generales de uso (los \u201cT\u00e9rminos generales\u201d), que debe leer atentamente antes de utilizar los Sitios web y los Servicios. <\/p>\n<p>2.2 Al registrarse, acceder y utilizar los Sitios web de cualquier manera, incluida la navegaci\u00f3n, la visualizaci\u00f3n, la descarga, la generaci\u00f3n, la recepci\u00f3n y la transmisi\u00f3n de cualquier dato, informaci\u00f3n o mensaje hacia o desde los Sitios web, usted expresa su acuerdo expreso, en su nombre y en nombre de Su empresa y\/o en nombre de Su empleador a estos T\u00e9rminos Generales, actualizados peri\u00f3dicamente, sea usted un usuario registrado de los Servicios o no, por lo que se compromete a respetar y cumplir todas las disposiciones aqu\u00ed contenidas, as\u00ed como las disposiciones legales. avisos que regulan el uso de Sitios web y servicios.<\/p>\n<p>2.3. Estos T\u00e9rminos generales constituyen un contrato vinculante entre Omel y usted. Si no acepta estos T\u00e9rminos generales, no utilice los sitios web ni los servicios.  <\/p>\n<p>2.4. Omel podr\u00e1 actualizar o modificar estas Condiciones Generales en cualquier momento. Luego de la publicaci\u00f3n de cambios a estos T\u00e9rminos de uso en los Sitios web, Su uso continuado de los Servicios o los Sitios web constituye Su aceptaci\u00f3n expresa de los T\u00e9rminos de uso, seg\u00fan sus modificaciones.  <\/p>\n<h4>3. Acceso al sitio web<\/h4>\n<p>3.1. Para acceder al sitio web, debe mantener y operar el software y hardware necesarios para hacerlo. Usted es el \u00fanico y exclusivo responsable de comprar, instalar y mantener todo el software y hardware necesarios para acceder al sitio web. No somos responsables de las dificultades t\u00e9cnicas que experimente debido al uso de este software y hardware.   <\/p>\n<h4>4. Proceso de registro<\/h4>\n<p>4.1. Omel puede solicitarle que se registre para obtener informaci\u00f3n adicional sobre nuestros productos y servicios, utilizar cualquier parte gratuita del sitio web, descargar o cargar archivos y otros materiales. <\/p>\n<p>4.2. Al registrarse, Usted acepta proporcionar informaci\u00f3n verdadera, correcta, actualizada y completa (los \u201cDatos de Registro\u201d) seg\u00fan lo solicitado en el formato de registro puesto a su disposici\u00f3n a trav\u00e9s de los Sitios Web, bajo pena de responsabilidad seg\u00fan la legislaci\u00f3n aplicable vigente. <\/p>\n<p>4.3. Podemos confiar en sus datos de registro para evaluar su situaci\u00f3n comercial, proporcionar informaci\u00f3n sobre nuestros productos y servicios (de acuerdo con nuestra pol\u00edtica de privacidad) o, alternativamente, para identificarlo y\/o contactarlo si sus datos de registro no son verdaderos. correcta, o est\u00e1 desactualizada o incompleta, Omel puede cancelar Su cuenta y todo uso actual o futuro.  <\/p>\n<p>4.4 Podr\u00e1 recibir una contrase\u00f1a y una designaci\u00f3n de cuenta al completar el proceso de registro, siempre que dichos datos sean personales e intransferibles (los \u201cDatos de Acceso\u201d). Usted es el \u00fanico y exclusivo responsable de mantener la confidencialidad de dichos datos, as\u00ed como de todas las actividades que ocurran mediante el uso de sus Datos de acceso.  <\/p>\n<p>4.5. Adem\u00e1s, Usted est\u00e1 obligado a: <\/p>\n<ul>\n<li>notificar inmediatamente a Omel sobre cualquier uso no autorizado de sus Datos de acceso o cualquier otra violaci\u00f3n de seguridad, incluido, entre otros, el extrav\u00edo, la p\u00e9rdida o el robo de sus Datos de acceso; y<\/li>\n<li>cierre sesi\u00f3n en su cuenta al final de cada sesi\u00f3n de uso.<\/li>\n<\/ul>\n<p>4.6. N\u00f3s n\u00e3o seremos respons\u00e1veis por qualquer perda ou dano decorrente da Sua falha em cumprir ao que estabelece esta se\u00e7\u00e3o. <\/p>\n<h4>5. Cambios a los Servicios o Sitios Web<\/h4>\n<p>5.1. Omel se reserva el derecho de modificar, suspender, terminar o discontinuar cualquier aspecto de los Sitios web en cualquier momento, incluida la disponibilidad de cualquier Servicio, informaci\u00f3n, caracter\u00edstica o funcionalidad accesible a trav\u00e9s de los Sitios web. Tambi\u00e9n podemos imponer limitaciones a ciertas caracter\u00edsticas, funcionalidades o servicios o restringir Su acceso a partes o la totalidad de los Sitios web y\/o Servicios sin previo aviso y sin que esto implique ninguna responsabilidad de nuestra parte por cualquier p\u00e9rdida que pueda sufrir.  <\/p>\n<p>5.2. Cualquier mejora o adici\u00f3n a los Sitios web o Servicios estar\u00e1 sujeta a estos T\u00e9rminos de uso a menos que establezcamos expresamente lo contrario. Podemos introducir nuevos conjuntos de t\u00e9rminos y condiciones espec\u00edficos para Servicios espec\u00edficos, seg\u00fan corresponda, o modificar los t\u00e9rminos y condiciones espec\u00edficos existentes.  <\/p>\n<p>5.3. Omel se reserva el derecho, en cualquier momento o t\u00edtulo, de controlar y\/o cambiar la apariencia, desarrollo y\/o operaciones del Sitio Web a Nuestro exclusivo criterio, as\u00ed como de establecer y modificar los procedimientos para Su contacto con Nosotros, sin el necesidad de notificaci\u00f3n previa. <\/p>\n<h4>6. Enlaces a otros sitios web<\/h4>\n<p>6.1. El contenido de cualquier sitio web al que acceda desde Nuestros sitios web est\u00e1 completamente fuera de nuestro control y el acceso y la permanencia en dichos sitios web es bajo su propio riesgo. La inclusi\u00f3n de estos enlaces en los sitios web no implica nuestro respaldo o aprobaci\u00f3n de ning\u00fan producto, servicio, contenido, informaci\u00f3n o material ofrecido por usted o accesible para usted en sitios web de terceros. No hacemos representaciones ni garant\u00edas sobre los sitios web de terceros a los que pueda acceder a trav\u00e9s de los Sitios web. No podemos aceptar ninguna responsabilidad ni asumir ninguna responsabilidad con respecto a cualquier material contenido en cualquier otro sitio web. Cualquier opini\u00f3n o recomendaci\u00f3n expresada en dichos otros sitios web es \u00fanicamente de proveedores independientes y no representa las opiniones o recomendaciones de Omel.     <\/p>\n<p>6.2. Todos los derechos de autor y marcas comerciales accesibles a trav\u00e9s de sitios web vinculados son propiedad de los respectivos propietarios de los sitios web o de sus licenciantes. <\/p>\n<h4>7. Propiedad intelectual<\/h4>\n<p>7.1. Los Sitios web, los Servicios, sus estructuras y todas las funcionalidades contenidas en ellos, toda la informaci\u00f3n, datos, textos, im\u00e1genes y gr\u00e1ficos y todos los componentes utilizados en los Sitios web (\u201cContenido\u201d) est\u00e1n protegidos por derechos de autor y otros derechos de propiedad intelectual. Usted reconoce que Omel conserva todos los derechos, t\u00edtulos e intereses sobre el Contenido y que, mediante el uso del sitio web, no adquirir\u00e1 ning\u00fan derecho sobre el mismo.  <\/p>\n<p>7.2. Somos propietarios de todos los datos que surgen de nuestra operaci\u00f3n de los sitios web y usted no debe oponerse a ning\u00fan uso que hagamos de dichos datos. <\/p>\n<p>7.3. Puede imprimir una copia de sesiones individuales de nuestros sitios web \u00fanicamente para su uso personal, siempre que no se eliminen avisos de derechos de autor u otros avisos de propiedad. La informaci\u00f3n contenida en los Sitios web y su Contenido no debe modificarse, reproducirse (en su totalidad o en parte), distribuirse, transmitirse a ninguna otra persona o entidad, incorporarse a ning\u00fan documento u otro material ni vincularse (por v\u00eda electr\u00f3nica o de otro modo) sin la autorizaci\u00f3n expresa por escrito de Omel, salvo licencia expresa en estas Condiciones Generales de Uso.  <\/p>\n<p>7.4. La licencia para usar Nuestro sitio web se otorga de forma no exclusiva, intransferible y no sublicenciable, y es revocable en cualquier momento en relaci\u00f3n con todo el Contenido que se le proporciona para uso exclusivo en el procesamiento de sistemas internos. Omel no concede ninguna otra licencia o autorizaci\u00f3n sobre sus derechos de propiedad industrial e intelectual o cualesquiera otras propiedades o derechos relacionados con los Servicios y\/o Sitios Web. Omel se reserva todos y cada uno de los derechos sobre sus marcas comerciales, derechos de autor y otros derechos de propiedad intelectual, disponibles en Nuestros sitios web, y su uso sin Nuestra autorizaci\u00f3n expresa est\u00e1 prohibido, bajo pena de delitos civiles y penales.   <\/p>\n<h4>8. Falta de Garant\u00edas<\/h4>\n<p>8.1. Aunque hemos hecho nuestros mejores esfuerzos para garantizar que el Contenido del sitio web sea confiable, no se ofrece ninguna garant\u00eda (expresa o impl\u00edcita) en cuanto a su actualidad, exactitud, integridad o imparcialidad y, por lo tanto, debe, si es necesario, obtener una verificaci\u00f3n independiente de cualquiera de los informaci\u00f3n aqu\u00ed contenida. <\/p>\n<p>8.2. Nosotros (I) no asumimos ninguna responsabilidad, de ninguna naturaleza o t\u00edtulo, con respecto a cualquier Contenido contenido en los Sitios web, o los Servicios proporcionados o cualquier informaci\u00f3n proporcionada por o a trav\u00e9s de los Sitios web, y (II) no garantizamos que el Sitio web o cualquier Los Servicios o Contenidos de los mismos ser\u00e1n ininterrumpidos o estar\u00e1n libres de errores, que los defectos ser\u00e1n corregidos o que los Sitios Web, el servidor en el que est\u00e1n disponibles o cualquier sistema conectado al mismo, est\u00e9n libres de virus u otros componentes da\u00f1inos.   <\/p>\n<p>8.3. Usted reconoce que utiliza los Sitios web, su Contenido y los Servicios bajo su propio riesgo, y que los Sitios web, su Contenido o los Servicios pueden contener problemas t\u00e9cnicos u otras limitaciones por los cuales no asumimos ninguna responsabilidad y no podemos ser considerados responsables por ning\u00fan da\u00f1o que puede surgir de problemas t\u00e9cnicos, limitaciones, errores o virus en relaci\u00f3n con Su acceso o uso de los Sitios web, su Contenido o Servicios. <\/p>\n<h4>9. Responsabilidades<\/h4>\n<p>9.1. Salvo en el caso de conducta intencional demostrada judicialmente, en ning\u00fan momento Omel ser\u00e1 responsable de (a) p\u00e9rdida o da\u00f1o de cualquier naturaleza que surja como resultado de cualquier Contenido publicado en los Sitios Web, estos T\u00e9rminos Generales, los Servicios o cualquier otra informaci\u00f3n. , datos, software o servicios proporcionados a trav\u00e9s de los sitios web; o (b) cualquier p\u00e9rdida resultante de pedidos o compras de bienes o servicios de terceros realizados a trav\u00e9s de o en base a informaci\u00f3n o Contenido proporcionado en los Sitios web. Nuestra responsabilidad total y acumulativa hacia Usted no ser\u00e1 bajo ninguna circunstancia superior a R$ 1.000 (mil reales).    <\/p>\n<p>9.2. En ning\u00fan caso Omel ser\u00e1 responsable de ning\u00fan da\u00f1o indirecto, de cualquier naturaleza, que pueda, directa o indirectamente, ser atribuible al uso o imposibilidad de uso de los Sitios Web, de cualquier contenido publicado en los Sitios Web o de las presentes Condiciones Generales. los Servicios o cualquier informaci\u00f3n, dato, software o servicio proporcionado a trav\u00e9s de los Sitios web, incluso si se le advirti\u00f3 de la posibilidad de tales da\u00f1os o si dichos da\u00f1os fueran previsibles. <\/p>\n<p>9.3. No seremos responsables de ning\u00fan retraso o incumplimiento de los Servicios, ni de la imposibilidad de acceder a los Sitios web o a cualquier parte de su Contenido, que surjan de cualquier causa que escape a nuestro control razonable o al de nuestros proveedores de servicios. <\/p>\n<p>9.4. Usted es responsable de todas las obligaciones con terceros que surjan de su uso de los sitios web, incluidas las responsabilidades contractuales, fiscales y regulatorias. Usted acepta indemnizarnos por cualquier costo, gasto o responsabilidad en que incurramos, y cualquier reclamo o acci\u00f3n legal que pueda interponerse contra Omel como resultado de su uso de los Servicios, los Sitios web o cualquier Contenido de los mismos.  <\/p>\n<h4>10. Pol\u00edtica de uso aceptable<\/h4>\n<p>10.1. Usted acepta no: <\/p>\n<ul>\n<li>utilizar los Sitios web, cualquier Contenido de los mismos, as\u00ed como los Servicios para fines privados o personales, pero solo para las actividades comerciales normales de Su empresa o su empleador;<\/li>\n<li>utilizar los Sitios web, cualquier Contenido de los mismos, as\u00ed como los Servicios para cualquier prop\u00f3sito ilegal;<\/li>\n<li>poner a disposici\u00f3n a sabiendas a trav\u00e9s de los Sitios web o cargar archivos, datos o cualquier otro material que no sea de su propiedad ni tenga licencia para usted;<\/li>\n<li>poner a disposici\u00f3n a trav\u00e9s de los Sitios web o cargar archivos u otros datos o materiales que contengan virus, errores, datos corruptos u otros elementos da\u00f1inos;<\/li>\n<li>interferir con el funcionamiento normal de los sitios web;<\/li>\n<li>interferir con el uso y acceso de otras personas a los Sitios web, su Contenido y Servicios; y<\/li>\n<li>publicar, publicar, distribuir o difundir material o informaci\u00f3n difamatoria, infractora, obscena, indecente o ilegal a trav\u00e9s de nuestros Servicios o los Sitios web.<\/li>\n<\/ul>\n<p>10.2. Omel se reserva el derecho de suspender o bloquear inmediatamente su acceso a los sitios web o cualquier servicio, y a eliminar cualquier informaci\u00f3n o dato que consideremos que viola cualquiera de estos T\u00e9rminos generales, sin previo aviso y\/o a poner dicha informaci\u00f3n a disposici\u00f3n cuando lo soliciten organismos p\u00fablicos o por orden judicial. <\/p>\n<p>10.3. Omel trabaja y har\u00e1 todos los esfuerzos posibles para mantener los Sitios web y los Servicios en funcionamiento; sin embargo, todos los servicios en l\u00ednea est\u00e1n sujetos a interrupciones e interrupciones ocasionales. Omel no es responsable de ninguna interrupci\u00f3n o p\u00e9rdida que Usted pueda sufrir como resultado de dichas interrupciones o tiempo de inactividad.  <\/p>\n<h4>11. Terminaci\u00f3n<\/h4>\n<p>11.1. Omel se reserva el derecho de rescindir estos T\u00e9rminos de uso y su acceso a los Sitios web o cualquier Servicio en cualquier momento, por cualquier motivo, sin previo aviso. <\/p>\n<p>11.2. Tiene derecho a cancelar su acceso a los Sitios web y a todos los Servicios enviando una notificaci\u00f3n por escrito a Omel, excepto por la existencia de disposiciones espec\u00edficas en el Acuerdo de prestaci\u00f3n de servicios y\/o la Propuesta de admisi\u00f3n celebrada entre Usted y Omel. <\/p>\n<h4>12. Legislaci\u00f3n Aplicable<\/h4>\n<p>12.1. Estos T\u00e9rminos de Uso y todas las relaciones que de ellos surgen est\u00e1n sujetos y deben ser interpretados de acuerdo con las leyes de la Rep\u00fablica Federativa de Brasil, siendo elegida la jurisdicci\u00f3n del Distrito de la Capital del Estado de S\u00e3o Paulo para resolver cualquier disputa. que surgen de este instrumento. <\/p>\n<h4>13. Notificaciones<\/h4>\n<p>13.1. Nosotros o usted podemos realizar y enviar notificaciones por correo electr\u00f3nico, a trav\u00e9s de nuestros canales disponibles y proporcionados en los sitios web. <\/p>\n<h4>14. Disposi\u00e7\u00f5es Gerais<\/h4>\n<p>14.1. No puede ceder, sublicenciar, subcontratar, transferir ni disponer de ning\u00fan derecho y obligaci\u00f3n asumido por usted en virtud de estos T\u00e9rminos de uso sin nuestro consentimiento previo. Omel podr\u00e1 ceder obligaciones y derechos derivados de las presentes Condiciones de Uso a terceros, quedando obligado a comunicar su intenci\u00f3n al Usuario.  <\/p>\n<p>14.2. Impuestos y otras cargas tributarias que se deban, directa o indirectamente, por las cantidades pagadas o recibidas como consecuencia de las obligaciones aqu\u00ed asumidas o por los derechos aqu\u00ed surgidos, as\u00ed como los que surjan con motivo de la ejecuci\u00f3n de servicios y\/o productos. de lo aqu\u00ed tratado ser\u00e1 responsabilidad del contribuyente seg\u00fan se define en la normativa tributaria, sin derecho a reembolso. <\/p>\n<p>14.3. Estos T\u00e9rminos de uso (junto con los t\u00e9rminos y condiciones espec\u00edficos para servicios espec\u00edficos, incluida la Propuesta de membres\u00eda y el Acuerdo de servicios) contienen el acuerdo completo entre nosotros en relaci\u00f3n con los Servicios y su uso de los sitios web y reemplazan todos los acuerdos anteriores entre nosotros en relaci\u00f3n con a ellos. <\/p>\n<p>14.4. Si en alg\u00fan momento cualquier disposici\u00f3n (o parte de cualquier disposici\u00f3n) de estos T\u00e9rminos de uso es, o se vuelve, ilegal, inv\u00e1lida o inaplicable en cualquier aspecto, esto no afectar\u00e1 ni perjudicar\u00e1 la legalidad, validez o aplicabilidad en esa o cualquier otra jurisdicci\u00f3n. cualquier otra disposici\u00f3n (o cualquier otra parte de la misma disposici\u00f3n) de estos T\u00e9rminos de uso. <\/p>\n\t\t\t\t\t\t\t\t<\/div>\n\t\t\t\t<\/div>\n\t\t\t\t\t<\/div>\n\t\t\t\t<\/div>\n\t\t\t\t<\/div>\n\t\t","protected":false},"excerpt":{"rendered":"<p>T\u00e9rminos y condiciones generales de uso Este instrumento contiene los t\u00e9rminos y condiciones generales de uso de los sitios web de Omel Bombas e Compressores Ltda. (\u201cOmel\u201d), es decir, https:\/\/omel.com.br\/ (en conjunto, los \u201cSitios Web\u201d, o, individual e indistintamente, el \u201cSitio Web\u201d), as\u00ed como los productos y servicios ofrecidos a trav\u00e9s de dichos Sitios Web [&hellip;]<\/p>\n","protected":false},"author":1,"featured_media":0,"parent":0,"menu_order":0,"comment_status":"closed","ping_status":"closed","template":"","meta":{"footnotes":""},"class_list":["post-10076","page","type-page","status-publish","hentry"],"_links":{"self":[{"href":"https:\/\/omel.com.br\/es\/wp-json\/wp\/v2\/pages\/10076","targetHints":{"allow":["GET"]}}],"collection":[{"href":"https:\/\/omel.com.br\/es\/wp-json\/wp\/v2\/pages"}],"about":[{"href":"https:\/\/omel.com.br\/es\/wp-json\/wp\/v2\/types\/page"}],"author":[{"embeddable":true,"href":"https:\/\/omel.com.br\/es\/wp-json\/wp\/v2\/users\/1"}],"replies":[{"embeddable":true,"href":"https:\/\/omel.com.br\/es\/wp-json\/wp\/v2\/comments?post=10076"}],"version-history":[{"count":5,"href":"https:\/\/omel.com.br\/es\/wp-json\/wp\/v2\/pages\/10076\/revisions"}],"predecessor-version":[{"id":10083,"href":"https:\/\/omel.com.br\/es\/wp-json\/wp\/v2\/pages\/10076\/revisions\/10083"}],"wp:attachment":[{"href":"https:\/\/omel.com.br\/es\/wp-json\/wp\/v2\/media?parent=10076"}],"curies":[{"name":"wp","href":"https:\/\/api.w.org\/{rel}","templated":true}]}}