{"id":9091,"date":"2023-07-11T21:13:41","date_gmt":"2023-07-12T00:13:41","guid":{"rendered":"https:\/\/omel.com.br\/aplicaciones-y-mercados\/"},"modified":"2026-03-09T13:40:34","modified_gmt":"2026-03-09T16:40:34","slug":"aplicaciones-y-mercados","status":"publish","type":"page","link":"https:\/\/omel.com.br\/es\/aplicaciones-y-mercados\/","title":{"rendered":"Aplicaciones y mercados"},"content":{"rendered":"\t\t<div data-elementor-type=\"wp-page\" data-elementor-id=\"9091\" class=\"elementor elementor-9091 elementor-563\" data-elementor-post-type=\"page\">\n\t\t\t\t<div class=\"elementor-element elementor-element-5f4b1c0 e-flex e-con-boxed e-con e-parent\" data-id=\"5f4b1c0\" data-element_type=\"container\" data-settings=\"{&quot;background_background&quot;:&quot;classic&quot;}\">\n\t\t\t\t\t<div class=\"e-con-inner\">\n\t\t\t\t<div class=\"elementor-element elementor-element-7da37a9 elementor-widget elementor-widget-spacer\" data-id=\"7da37a9\" data-element_type=\"widget\" data-widget_type=\"spacer.default\">\n\t\t\t\t<div class=\"elementor-widget-container\">\n\t\t\t\t\t\t\t<div class=\"elementor-spacer\">\n\t\t\t<div class=\"elementor-spacer-inner\"><\/div>\n\t\t<\/div>\n\t\t\t\t\t\t<\/div>\n\t\t\t\t<\/div>\n\t\t\t\t\t<\/div>\n\t\t\t\t<\/div>\n\t\t<div class=\"elementor-element elementor-element-77105e9 e-con-full e-flex e-con e-parent\" data-id=\"77105e9\" data-element_type=\"container\" data-settings=\"{&quot;background_background&quot;:&quot;classic&quot;}\">\n\t\t<div class=\"elementor-element elementor-element-2544665 e-con-full e-flex e-con e-child\" data-id=\"2544665\" data-element_type=\"container\">\n\t\t\t\t<div class=\"elementor-element elementor-element-33af77c elementor-widget elementor-widget-shortcode\" data-id=\"33af77c\" data-element_type=\"widget\" data-widget_type=\"shortcode.default\">\n\t\t\t\t<div class=\"elementor-widget-container\">\n\t\t\t\t\t\t\t<div class=\"elementor-shortcode\"><nav aria-label=\"breadcrumbs\" class=\"rank-math-breadcrumb\"><p><span class=\"last\">P\u00e1gina Inicial<\/span><\/p><\/nav><\/div>\n\t\t\t\t\t\t<\/div>\n\t\t\t\t<\/div>\n\t\t\t\t<div class=\"elementor-element elementor-element-6ded389 elementor-invisible elementor-widget elementor-widget-heading\" data-id=\"6ded389\" data-element_type=\"widget\" data-settings=\"{&quot;_animation&quot;:&quot;fadeInUp&quot;}\" data-widget_type=\"heading.default\">\n\t\t\t\t<div class=\"elementor-widget-container\">\n\t\t\t\t\t<h1 class=\"elementor-heading-title elementor-size-default\">Aplicaciones y mercados<\/h1>\t\t\t\t<\/div>\n\t\t\t\t<\/div>\n\t\t\t\t<div class=\"elementor-element elementor-element-43a7cf3 elementor-invisible elementor-widget elementor-widget-text-editor\" data-id=\"43a7cf3\" data-element_type=\"widget\" data-settings=\"{&quot;_animation&quot;:&quot;fadeInUp&quot;}\" data-widget_type=\"text-editor.default\">\n\t\t\t\t<div class=\"elementor-widget-container\">\n\t\t\t\t\t\t\t\t\t<p>OMEL Bombas sigue constantemente las novedades e innovaciones tecnol\u00f3gicas, ofreciendo soluciones de calidad que satisfacen con eficiencia y seguridad las necesidades de las aplicaciones de sus clientes en los m\u00e1s variados segmentos de mercado.<\/p>\t\t\t\t\t\t\t\t<\/div>\n\t\t\t\t<\/div>\n\t\t\t\t<div class=\"elementor-element elementor-element-f8c6f48 elementor-widget elementor-widget-spacer\" data-id=\"f8c6f48\" data-element_type=\"widget\" data-widget_type=\"spacer.default\">\n\t\t\t\t<div class=\"elementor-widget-container\">\n\t\t\t\t\t\t\t<div class=\"elementor-spacer\">\n\t\t\t<div class=\"elementor-spacer-inner\"><\/div>\n\t\t<\/div>\n\t\t\t\t\t\t<\/div>\n\t\t\t\t<\/div>\n\t\t<div class=\"elementor-element elementor-element-08e0e90 e-con-full e-flex e-con e-child\" data-id=\"08e0e90\" data-element_type=\"container\">\n\t\t<div class=\"elementor-element elementor-element-1427461 e-con-full e-flex elementor-invisible e-con e-child\" data-id=\"1427461\" data-element_type=\"container\" data-settings=\"{&quot;animation&quot;:&quot;fadeIn&quot;}\">\n\t\t<a class=\"elementor-element elementor-element-89329e8 e-con-full e-flex e-con e-child\" data-id=\"89329e8\" data-element_type=\"container\" data-settings=\"{&quot;background_background&quot;:&quot;classic&quot;}\" href=\"https:\/\/omel.com.br\/es\/aplicaciones-y-mercados\/mineria-y-siderurgia\/\">\n\t\t\t\t<div class=\"elementor-element elementor-element-cc8f9ea elementor-widget elementor-widget-image\" data-id=\"cc8f9ea\" data-element_type=\"widget\" data-widget_type=\"image.default\">\n\t\t\t\t<div class=\"elementor-widget-container\">\n\t\t\t\t\t\t\t\t\t\t\t\t\t\t\t<img decoding=\"async\" src=\"https:\/\/omel.com.br\/wp-content\/uploads\/elementor\/thumbs\/icone-mineracao-omel-qdnsj5vip3f2teiikb42q9hz4lyd1yrzd7g1tm7gls.png\" title=\"icone-minera\u00e7\u00e3o-omel\" alt=\"icone-minera\u00e7\u00e3o-omel\" loading=\"lazy\" \/>\t\t\t\t\t\t\t\t\t\t\t\t\t\t\t<\/div>\n\t\t\t\t<\/div>\n\t\t<div class=\"elementor-element elementor-element-6b3f565 e-flex e-con-boxed e-con e-child\" data-id=\"6b3f565\" data-element_type=\"container\">\n\t\t\t\t\t<div class=\"e-con-inner\">\n\t\t\t\t<div class=\"elementor-element elementor-element-cb7c82d elementor-widget elementor-widget-heading\" data-id=\"cb7c82d\" data-element_type=\"widget\" data-widget_type=\"heading.default\">\n\t\t\t\t<div class=\"elementor-widget-container\">\n\t\t\t\t\t<h2 class=\"elementor-heading-title elementor-size-default\">Miner\u00eda y Siderurgia<\/h2>\t\t\t\t<\/div>\n\t\t\t\t<\/div>\n\t\t\t\t<div class=\"elementor-element elementor-element-8ef61c5 elementor-view-default elementor-widget elementor-widget-icon\" data-id=\"8ef61c5\" data-element_type=\"widget\" data-widget_type=\"icon.default\">\n\t\t\t\t<div class=\"elementor-widget-container\">\n\t\t\t\t\t\t\t<div class=\"elementor-icon-wrapper\">\n\t\t\t<div class=\"elementor-icon\">\n\t\t\t<i aria-hidden=\"true\" class=\"fas fa-angle-double-right\"><\/i>\t\t\t<\/div>\n\t\t<\/div>\n\t\t\t\t\t\t<\/div>\n\t\t\t\t<\/div>\n\t\t\t\t\t<\/div>\n\t\t\t\t<\/div>\n\t\t\t\t<\/a>\n\t\t<a class=\"elementor-element elementor-element-64a2e64 e-con-full e-flex e-con e-child\" data-id=\"64a2e64\" data-element_type=\"container\" data-settings=\"{&quot;background_background&quot;:&quot;classic&quot;}\" href=\"https:\/\/omel.com.br\/es\/aplicaciones-y-mercados\/papel-y-celulosa\/\">\n\t\t\t\t<div class=\"elementor-element elementor-element-e79bda1 elementor-widget elementor-widget-image\" data-id=\"e79bda1\" data-element_type=\"widget\" data-widget_type=\"image.default\">\n\t\t\t\t<div class=\"elementor-widget-container\">\n\t\t\t\t\t\t\t\t\t\t\t\t\t\t\t<img decoding=\"async\" src=\"https:\/\/omel.com.br\/wp-content\/uploads\/elementor\/thumbs\/icone-papel-omel-qdnsj8p19lixs8ef3ubyfqscwrkgp236dlei9g3a34.png\" title=\"icone-papel-omel\" alt=\"icone-papel-omel\" loading=\"lazy\" \/>\t\t\t\t\t\t\t\t\t\t\t\t\t\t\t<\/div>\n\t\t\t\t<\/div>\n\t\t<div class=\"elementor-element elementor-element-c5cc768 e-flex e-con-boxed e-con e-child\" data-id=\"c5cc768\" data-element_type=\"container\">\n\t\t\t\t\t<div class=\"e-con-inner\">\n\t\t\t\t<div class=\"elementor-element elementor-element-34924e2 elementor-widget elementor-widget-heading\" data-id=\"34924e2\" data-element_type=\"widget\" data-widget_type=\"heading.default\">\n\t\t\t\t<div class=\"elementor-widget-container\">\n\t\t\t\t\t<h2 class=\"elementor-heading-title elementor-size-default\">Papel y Celulosa<\/h2>\t\t\t\t<\/div>\n\t\t\t\t<\/div>\n\t\t\t\t<div class=\"elementor-element elementor-element-360f718 elementor-view-default elementor-widget elementor-widget-icon\" data-id=\"360f718\" data-element_type=\"widget\" data-widget_type=\"icon.default\">\n\t\t\t\t<div class=\"elementor-widget-container\">\n\t\t\t\t\t\t\t<div class=\"elementor-icon-wrapper\">\n\t\t\t<div class=\"elementor-icon\">\n\t\t\t<i aria-hidden=\"true\" class=\"fas fa-angle-double-right\"><\/i>\t\t\t<\/div>\n\t\t<\/div>\n\t\t\t\t\t\t<\/div>\n\t\t\t\t<\/div>\n\t\t\t\t\t<\/div>\n\t\t\t\t<\/div>\n\t\t\t\t<\/a>\n\t\t<a class=\"elementor-element elementor-element-7a026af e-con-full e-flex e-con e-child\" data-id=\"7a026af\" data-element_type=\"container\" data-settings=\"{&quot;background_background&quot;:&quot;classic&quot;}\" href=\"https:\/\/omel.com.br\/es\/aplicaciones-y-mercados\/petroleo-y-gas\/\">\n\t\t\t\t<div class=\"elementor-element elementor-element-6e658c4 elementor-widget elementor-widget-image\" data-id=\"6e658c4\" data-element_type=\"widget\" data-widget_type=\"image.default\">\n\t\t\t\t<div class=\"elementor-widget-container\">\n\t\t\t\t\t\t\t\t\t\t\t\t\t\t\t<img decoding=\"async\" src=\"https:\/\/omel.com.br\/wp-content\/uploads\/elementor\/thumbs\/icone-petroleo-omel-qdnsjbiju3msr2abndju582qox6kc5eddzcyp9z3kg.png\" title=\"icone-petroleo-omel\" alt=\"icone-petroleo-omel\" loading=\"lazy\" \/>\t\t\t\t\t\t\t\t\t\t\t\t\t\t\t<\/div>\n\t\t\t\t<\/div>\n\t\t<div class=\"elementor-element elementor-element-b7da5f4 e-flex e-con-boxed e-con e-child\" data-id=\"b7da5f4\" data-element_type=\"container\">\n\t\t\t\t\t<div class=\"e-con-inner\">\n\t\t\t\t<div class=\"elementor-element elementor-element-99b0ca8 elementor-widget elementor-widget-heading\" data-id=\"99b0ca8\" data-element_type=\"widget\" data-widget_type=\"heading.default\">\n\t\t\t\t<div class=\"elementor-widget-container\">\n\t\t\t\t\t<h2 class=\"elementor-heading-title elementor-size-default\">Petr\u00f3leo y Gas<\/h2>\t\t\t\t<\/div>\n\t\t\t\t<\/div>\n\t\t\t\t<div class=\"elementor-element elementor-element-30e6a83 elementor-view-default elementor-widget elementor-widget-icon\" data-id=\"30e6a83\" data-element_type=\"widget\" data-widget_type=\"icon.default\">\n\t\t\t\t<div class=\"elementor-widget-container\">\n\t\t\t\t\t\t\t<div class=\"elementor-icon-wrapper\">\n\t\t\t<div class=\"elementor-icon\">\n\t\t\t<i aria-hidden=\"true\" class=\"fas fa-angle-double-right\"><\/i>\t\t\t<\/div>\n\t\t<\/div>\n\t\t\t\t\t\t<\/div>\n\t\t\t\t<\/div>\n\t\t\t\t\t<\/div>\n\t\t\t\t<\/div>\n\t\t\t\t<\/a>\n\t\t<a class=\"elementor-element elementor-element-af703a0 e-con-full e-flex e-con e-child\" data-id=\"af703a0\" data-element_type=\"container\" data-settings=\"{&quot;background_background&quot;:&quot;classic&quot;}\" href=\"https:\/\/omel.com.br\/es\/aplicaciones-y-mercados\/petroquimica-y-quimica\/\">\n\t\t\t\t<div class=\"elementor-element elementor-element-94e8481 elementor-widget elementor-widget-image\" data-id=\"94e8481\" data-element_type=\"widget\" data-widget_type=\"image.default\">\n\t\t\t\t<div class=\"elementor-widget-container\">\n\t\t\t\t\t\t\t\t\t\t\t\t\t\t\t<img decoding=\"async\" src=\"https:\/\/omel.com.br\/wp-content\/uploads\/elementor\/thumbs\/icone-quimico-omel-qdnsjec2elqnpw686wrpupd4h2snz8pkedbf53ux1s.png\" title=\"icone-quimico-omel\" alt=\"icone-quimico-omel\" loading=\"lazy\" \/>\t\t\t\t\t\t\t\t\t\t\t\t\t\t\t<\/div>\n\t\t\t\t<\/div>\n\t\t<div class=\"elementor-element elementor-element-dc0b03c e-flex e-con-boxed e-con e-child\" data-id=\"dc0b03c\" data-element_type=\"container\">\n\t\t\t\t\t<div class=\"e-con-inner\">\n\t\t\t\t<div class=\"elementor-element elementor-element-abb911c elementor-widget elementor-widget-heading\" data-id=\"abb911c\" data-element_type=\"widget\" data-widget_type=\"heading.default\">\n\t\t\t\t<div class=\"elementor-widget-container\">\n\t\t\t\t\t<h2 class=\"elementor-heading-title elementor-size-default\">Petroqu\u00edmica y Qu\u00edmica<\/h2>\t\t\t\t<\/div>\n\t\t\t\t<\/div>\n\t\t\t\t<div class=\"elementor-element elementor-element-e95ea73 elementor-view-default elementor-widget elementor-widget-icon\" data-id=\"e95ea73\" data-element_type=\"widget\" data-widget_type=\"icon.default\">\n\t\t\t\t<div class=\"elementor-widget-container\">\n\t\t\t\t\t\t\t<div class=\"elementor-icon-wrapper\">\n\t\t\t<div class=\"elementor-icon\">\n\t\t\t<i aria-hidden=\"true\" class=\"fas fa-angle-double-right\"><\/i>\t\t\t<\/div>\n\t\t<\/div>\n\t\t\t\t\t\t<\/div>\n\t\t\t\t<\/div>\n\t\t\t\t\t<\/div>\n\t\t\t\t<\/div>\n\t\t\t\t<\/a>\n\t\t<a class=\"elementor-element elementor-element-f9451f7 e-con-full e-flex e-con e-child\" data-id=\"f9451f7\" data-element_type=\"container\" data-settings=\"{&quot;background_background&quot;:&quot;classic&quot;}\" href=\"https:\/\/omel.com.br\/es\/aplicaciones-y-mercados\/saneamiento\/\">\n\t\t\t\t<div class=\"elementor-element elementor-element-f8490bd elementor-widget elementor-widget-image\" data-id=\"f8490bd\" data-element_type=\"widget\" data-widget_type=\"image.default\">\n\t\t\t\t<div class=\"elementor-widget-container\">\n\t\t\t\t\t\t\t\t\t\t\t\t\t\t\t<img decoding=\"async\" src=\"https:\/\/omel.com.br\/wp-content\/uploads\/elementor\/thumbs\/icone-saneamento-omel-qdnsjh5kz3uioq24qfzlk6ni98ermc0rer9vkxqqj4.png\" title=\"icone-saneamento-omel\" alt=\"icone-saneamento-omel\" loading=\"lazy\" \/>\t\t\t\t\t\t\t\t\t\t\t\t\t\t\t<\/div>\n\t\t\t\t<\/div>\n\t\t<div class=\"elementor-element elementor-element-fafd41f e-flex e-con-boxed e-con e-child\" data-id=\"fafd41f\" data-element_type=\"container\">\n\t\t\t\t\t<div class=\"e-con-inner\">\n\t\t\t\t<div class=\"elementor-element elementor-element-e7541dc elementor-widget elementor-widget-heading\" data-id=\"e7541dc\" data-element_type=\"widget\" data-widget_type=\"heading.default\">\n\t\t\t\t<div class=\"elementor-widget-container\">\n\t\t\t\t\t<h2 class=\"elementor-heading-title elementor-size-default\">Saneamiento<\/h2>\t\t\t\t<\/div>\n\t\t\t\t<\/div>\n\t\t\t\t<div class=\"elementor-element elementor-element-3274e65 elementor-view-default elementor-widget elementor-widget-icon\" data-id=\"3274e65\" data-element_type=\"widget\" data-widget_type=\"icon.default\">\n\t\t\t\t<div class=\"elementor-widget-container\">\n\t\t\t\t\t\t\t<div class=\"elementor-icon-wrapper\">\n\t\t\t<div class=\"elementor-icon\">\n\t\t\t<i aria-hidden=\"true\" class=\"fas fa-angle-double-right\"><\/i>\t\t\t<\/div>\n\t\t<\/div>\n\t\t\t\t\t\t<\/div>\n\t\t\t\t<\/div>\n\t\t\t\t\t<\/div>\n\t\t\t\t<\/div>\n\t\t\t\t<\/a>\n\t\t\t\t<\/div>\n\t\t<div class=\"elementor-element elementor-element-81b2f13 e-con-full e-flex elementor-invisible e-con e-child\" data-id=\"81b2f13\" data-element_type=\"container\" data-settings=\"{&quot;animation&quot;:&quot;fadeIn&quot;}\">\n\t\t<a class=\"elementor-element elementor-element-d1b76f1 e-con-full e-flex e-con e-child\" data-id=\"d1b76f1\" data-element_type=\"container\" data-settings=\"{&quot;background_background&quot;:&quot;classic&quot;}\" href=\"https:\/\/omel.com.br\/es\/aplicaciones-y-mercados\/alimentario\/\">\n\t\t\t\t<div class=\"elementor-element elementor-element-bee57ff elementor-widget elementor-widget-image\" data-id=\"bee57ff\" data-element_type=\"widget\" data-widget_type=\"image.default\">\n\t\t\t\t<div class=\"elementor-widget-container\">\n\t\t\t\t\t\t\t\t\t\t\t\t\t\t\t<img decoding=\"async\" src=\"https:\/\/omel.com.br\/wp-content\/uploads\/elementor\/thumbs\/icone-aliementicio-omel-qdnsitnm88ycmh09jntxbukzelml9wfgziyql0pkuo.png\" title=\"icone-aliementicio-omel\" alt=\"icone-aliementicio-omel\" loading=\"lazy\" \/>\t\t\t\t\t\t\t\t\t\t\t\t\t\t\t<\/div>\n\t\t\t\t<\/div>\n\t\t<div class=\"elementor-element elementor-element-23eb329 e-flex e-con-boxed e-con e-child\" data-id=\"23eb329\" data-element_type=\"container\">\n\t\t\t\t\t<div class=\"e-con-inner\">\n\t\t\t\t<div class=\"elementor-element elementor-element-b347f45 elementor-widget elementor-widget-heading\" data-id=\"b347f45\" data-element_type=\"widget\" data-widget_type=\"heading.default\">\n\t\t\t\t<div class=\"elementor-widget-container\">\n\t\t\t\t\t<h2 class=\"elementor-heading-title elementor-size-default\">Alimentario<\/h2>\t\t\t\t<\/div>\n\t\t\t\t<\/div>\n\t\t\t\t<div class=\"elementor-element elementor-element-45713da elementor-view-default elementor-widget elementor-widget-icon\" data-id=\"45713da\" data-element_type=\"widget\" data-widget_type=\"icon.default\">\n\t\t\t\t<div class=\"elementor-widget-container\">\n\t\t\t\t\t\t\t<div class=\"elementor-icon-wrapper\">\n\t\t\t<div class=\"elementor-icon\">\n\t\t\t<i aria-hidden=\"true\" class=\"fas fa-angle-double-right\"><\/i>\t\t\t<\/div>\n\t\t<\/div>\n\t\t\t\t\t\t<\/div>\n\t\t\t\t<\/div>\n\t\t\t\t\t<\/div>\n\t\t\t\t<\/div>\n\t\t\t\t<\/a>\n\t\t<a class=\"elementor-element elementor-element-9a5f562 e-con-full e-flex e-con e-child\" data-id=\"9a5f562\" data-element_type=\"container\" data-settings=\"{&quot;background_background&quot;:&quot;classic&quot;}\" href=\"https:\/\/omel.com.br\/es\/aplicaciones-y-mercados\/azucar-y-alcohol\/\">\n\t\t\t\t<div class=\"elementor-element elementor-element-6c242ee elementor-widget elementor-widget-image\" data-id=\"6c242ee\" data-element_type=\"widget\" data-widget_type=\"image.default\">\n\t\t\t\t<div class=\"elementor-widget-container\">\n\t\t\t\t\t\t\t\t\t\t\t\t\t\t\t<img decoding=\"async\" src=\"https:\/\/omel.com.br\/wp-content\/uploads\/elementor\/thumbs\/icone-acucar-e-alcool-omel-qdnsiqu3nquhnn4d04m1mdalmg0hmt49z50a56trdc.png\" title=\"icone-acucar-e-alcool-omel\" alt=\"icone-acucar-e-alcool-omel\" loading=\"lazy\" \/>\t\t\t\t\t\t\t\t\t\t\t\t\t\t\t<\/div>\n\t\t\t\t<\/div>\n\t\t<div class=\"elementor-element elementor-element-52deb34 e-flex e-con-boxed e-con e-child\" data-id=\"52deb34\" data-element_type=\"container\">\n\t\t\t\t\t<div class=\"e-con-inner\">\n\t\t\t\t<div class=\"elementor-element elementor-element-ccb153e elementor-widget elementor-widget-heading\" data-id=\"ccb153e\" data-element_type=\"widget\" data-widget_type=\"heading.default\">\n\t\t\t\t<div class=\"elementor-widget-container\">\n\t\t\t\t\t<h2 class=\"elementor-heading-title elementor-size-default\">Az\u00facar y Alcohol<\/h2>\t\t\t\t<\/div>\n\t\t\t\t<\/div>\n\t\t\t\t<div class=\"elementor-element elementor-element-96a4ce1 elementor-view-default elementor-widget elementor-widget-icon\" data-id=\"96a4ce1\" data-element_type=\"widget\" data-widget_type=\"icon.default\">\n\t\t\t\t<div class=\"elementor-widget-container\">\n\t\t\t\t\t\t\t<div class=\"elementor-icon-wrapper\">\n\t\t\t<div class=\"elementor-icon\">\n\t\t\t<i aria-hidden=\"true\" class=\"fas fa-angle-double-right\"><\/i>\t\t\t<\/div>\n\t\t<\/div>\n\t\t\t\t\t\t<\/div>\n\t\t\t\t<\/div>\n\t\t\t\t\t<\/div>\n\t\t\t\t<\/div>\n\t\t\t\t<\/a>\n\t\t<a class=\"elementor-element elementor-element-a1316ea e-con-full e-flex e-con e-child\" data-id=\"a1316ea\" data-element_type=\"container\" data-settings=\"{&quot;background_background&quot;:&quot;classic&quot;}\" href=\"https:\/\/omel.com.br\/es\/aplicaciones-y-mercados\/bebidas-y-cerveza\/\">\n\t\t\t\t<div class=\"elementor-element elementor-element-96a3a0e elementor-widget elementor-widget-image\" data-id=\"96a3a0e\" data-element_type=\"widget\" data-widget_type=\"image.default\">\n\t\t\t\t<div class=\"elementor-widget-container\">\n\t\t\t\t\t\t\t\t\t\t\t\t\t\t\t<img decoding=\"async\" src=\"https:\/\/omel.com.br\/wp-content\/uploads\/elementor\/thumbs\/icone-bebidas-e-cerveja-omel-qdnsixeyzl3hwwusxpgfltmts5424ouec1koi4k05s.png\" title=\"icone-bebidas-e-cerveja-omel\" alt=\"icone-bebidas-e-cerveja-omel\" loading=\"lazy\" \/>\t\t\t\t\t\t\t\t\t\t\t\t\t\t\t<\/div>\n\t\t\t\t<\/div>\n\t\t<div class=\"elementor-element elementor-element-d69d55c e-flex e-con-boxed e-con e-child\" data-id=\"d69d55c\" data-element_type=\"container\">\n\t\t\t\t\t<div class=\"e-con-inner\">\n\t\t\t\t<div class=\"elementor-element elementor-element-feb2bd7 elementor-widget elementor-widget-heading\" data-id=\"feb2bd7\" data-element_type=\"widget\" data-widget_type=\"heading.default\">\n\t\t\t\t<div class=\"elementor-widget-container\">\n\t\t\t\t\t<h2 class=\"elementor-heading-title elementor-size-default\">Bebidas y Cerveza<\/h2>\t\t\t\t<\/div>\n\t\t\t\t<\/div>\n\t\t\t\t<div class=\"elementor-element elementor-element-547e26f elementor-view-default elementor-widget elementor-widget-icon\" data-id=\"547e26f\" data-element_type=\"widget\" data-widget_type=\"icon.default\">\n\t\t\t\t<div class=\"elementor-widget-container\">\n\t\t\t\t\t\t\t<div class=\"elementor-icon-wrapper\">\n\t\t\t<div class=\"elementor-icon\">\n\t\t\t<i aria-hidden=\"true\" class=\"fas fa-angle-double-right\"><\/i>\t\t\t<\/div>\n\t\t<\/div>\n\t\t\t\t\t\t<\/div>\n\t\t\t\t<\/div>\n\t\t\t\t\t<\/div>\n\t\t\t\t<\/div>\n\t\t\t\t<\/a>\n\t\t<a class=\"elementor-element elementor-element-6662a3d e-con-full e-flex e-con e-child\" data-id=\"6662a3d\" data-element_type=\"container\" data-settings=\"{&quot;background_background&quot;:&quot;classic&quot;}\" href=\"https:\/\/omel.com.br\/es\/aplicaciones-y-mercados\/ceramico\/\">\n\t\t\t\t<div class=\"elementor-element elementor-element-f32002e elementor-widget elementor-widget-image\" data-id=\"f32002e\" data-element_type=\"widget\" data-widget_type=\"image.default\">\n\t\t\t\t<div class=\"elementor-widget-container\">\n\t\t\t\t\t\t\t\t\t\t\t\t\t\t\t<img decoding=\"async\" src=\"https:\/\/omel.com.br\/wp-content\/uploads\/elementor\/thumbs\/icone-ceramico-omel-qdnsj3204lb7ukmm0rw70s7lcgc9evgscthldsbn4g.png\" title=\"icone-ceramico-omel\" alt=\"icone-ceramico-omel\" loading=\"lazy\" \/>\t\t\t\t\t\t\t\t\t\t\t\t\t\t\t<\/div>\n\t\t\t\t<\/div>\n\t\t<div class=\"elementor-element elementor-element-f3ba3cc e-flex e-con-boxed e-con e-child\" data-id=\"f3ba3cc\" data-element_type=\"container\">\n\t\t\t\t\t<div class=\"e-con-inner\">\n\t\t\t\t<div class=\"elementor-element elementor-element-b82c2f7 elementor-widget elementor-widget-heading\" data-id=\"b82c2f7\" data-element_type=\"widget\" data-widget_type=\"heading.default\">\n\t\t\t\t<div class=\"elementor-widget-container\">\n\t\t\t\t\t<h2 class=\"elementor-heading-title elementor-size-default\">Cer\u00e1mico<\/h2>\t\t\t\t<\/div>\n\t\t\t\t<\/div>\n\t\t\t\t<div class=\"elementor-element elementor-element-de9b007 elementor-view-default elementor-widget elementor-widget-icon\" data-id=\"de9b007\" data-element_type=\"widget\" data-widget_type=\"icon.default\">\n\t\t\t\t<div class=\"elementor-widget-container\">\n\t\t\t\t\t\t\t<div class=\"elementor-icon-wrapper\">\n\t\t\t<div class=\"elementor-icon\">\n\t\t\t<i aria-hidden=\"true\" class=\"fas fa-angle-double-right\"><\/i>\t\t\t<\/div>\n\t\t<\/div>\n\t\t\t\t\t\t<\/div>\n\t\t\t\t<\/div>\n\t\t\t\t\t<\/div>\n\t\t\t\t<\/div>\n\t\t\t\t<\/a>\n\t\t<a class=\"elementor-element elementor-element-69a8058 e-con-full e-flex e-con e-child\" data-id=\"69a8058\" data-element_type=\"container\" data-settings=\"{&quot;background_background&quot;:&quot;classic&quot;}\" href=\"https:\/\/omel.com.br\/es\/aplicaciones-y-mercados\/farmaceutico-y-cosmetico\/\">\n\t\t\t\t<div class=\"elementor-element elementor-element-ce170fe elementor-widget elementor-widget-image\" data-id=\"ce170fe\" data-element_type=\"widget\" data-widget_type=\"image.default\">\n\t\t\t\t<div class=\"elementor-widget-container\">\n\t\t\t\t\t\t\t\t\t\t\t\t\t\t\t<img decoding=\"async\" src=\"https:\/\/omel.com.br\/wp-content\/uploads\/elementor\/thumbs\/icone-comestico-omel-qdnsj08hk37cvqqph8obbax7kaq5rs5lcfj4xyftn4.png\" title=\"icone-comestico-omel\" alt=\"icone-comestico-omel\" loading=\"lazy\" \/>\t\t\t\t\t\t\t\t\t\t\t\t\t\t\t<\/div>\n\t\t\t\t<\/div>\n\t\t<div class=\"elementor-element elementor-element-bf63a23 e-flex e-con-boxed e-con e-child\" data-id=\"bf63a23\" data-element_type=\"container\">\n\t\t\t\t\t<div class=\"e-con-inner\">\n\t\t\t\t<div class=\"elementor-element elementor-element-6ca3783 elementor-widget elementor-widget-heading\" data-id=\"6ca3783\" data-element_type=\"widget\" data-widget_type=\"heading.default\">\n\t\t\t\t<div class=\"elementor-widget-container\">\n\t\t\t\t\t<h2 class=\"elementor-heading-title elementor-size-default\">Farmac\u00e9utico y Cosm\u00e9tico<\/h2>\t\t\t\t<\/div>\n\t\t\t\t<\/div>\n\t\t\t\t<div class=\"elementor-element elementor-element-e646366 elementor-view-default elementor-widget elementor-widget-icon\" data-id=\"e646366\" data-element_type=\"widget\" data-widget_type=\"icon.default\">\n\t\t\t\t<div class=\"elementor-widget-container\">\n\t\t\t\t\t\t\t<div class=\"elementor-icon-wrapper\">\n\t\t\t<div class=\"elementor-icon\">\n\t\t\t<i aria-hidden=\"true\" class=\"fas fa-angle-double-right\"><\/i>\t\t\t<\/div>\n\t\t<\/div>\n\t\t\t\t\t\t<\/div>\n\t\t\t\t<\/div>\n\t\t\t\t\t<\/div>\n\t\t\t\t<\/div>\n\t\t\t\t<\/a>\n\t\t\t\t<\/div>\n\t\t\t\t<\/div>\n\t\t\t\t<\/div>\n\t\t\t\t<\/div>\n\t\t\t\t<\/div>\n\t\t","protected":false},"excerpt":{"rendered":"<p>Aplicaciones y mercados OMEL Bombas sigue constantemente las novedades e innovaciones tecnol\u00f3gicas, ofreciendo soluciones de calidad que satisfacen con eficiencia y seguridad las necesidades de las aplicaciones de sus clientes en los m\u00e1s variados segmentos de mercado. Miner\u00eda y Siderurgia Papel y Celulosa Petr\u00f3leo y Gas Petroqu\u00edmica y Qu\u00edmica Saneamiento Alimentario Az\u00facar y Alcohol Bebidas [&hellip;]<\/p>\n","protected":false},"author":1,"featured_media":0,"parent":0,"menu_order":0,"comment_status":"closed","ping_status":"closed","template":"","meta":{"footnotes":""},"class_list":["post-9091","page","type-page","status-publish","hentry"],"_links":{"self":[{"href":"https:\/\/omel.com.br\/es\/wp-json\/wp\/v2\/pages\/9091","targetHints":{"allow":["GET"]}}],"collection":[{"href":"https:\/\/omel.com.br\/es\/wp-json\/wp\/v2\/pages"}],"about":[{"href":"https:\/\/omel.com.br\/es\/wp-json\/wp\/v2\/types\/page"}],"author":[{"embeddable":true,"href":"https:\/\/omel.com.br\/es\/wp-json\/wp\/v2\/users\/1"}],"replies":[{"embeddable":true,"href":"https:\/\/omel.com.br\/es\/wp-json\/wp\/v2\/comments?post=9091"}],"version-history":[{"count":4,"href":"https:\/\/omel.com.br\/es\/wp-json\/wp\/v2\/pages\/9091\/revisions"}],"predecessor-version":[{"id":13548,"href":"https:\/\/omel.com.br\/es\/wp-json\/wp\/v2\/pages\/9091\/revisions\/13548"}],"wp:attachment":[{"href":"https:\/\/omel.com.br\/es\/wp-json\/wp\/v2\/media?parent=9091"}],"curies":[{"name":"wp","href":"https:\/\/api.w.org\/{rel}","templated":true}]}}