{"id":9127,"date":"2023-07-24T09:38:41","date_gmt":"2023-07-24T12:38:41","guid":{"rendered":"https:\/\/omel.com.br\/aplicaciones-y-mercados\/alimentario\/"},"modified":"2024-11-03T13:44:34","modified_gmt":"2024-11-03T16:44:34","slug":"alimentario","status":"publish","type":"page","link":"https:\/\/omel.com.br\/es\/aplicaciones-y-mercados\/alimentario\/","title":{"rendered":"Alimentario"},"content":{"rendered":"\t\t<div data-elementor-type=\"wp-page\" data-elementor-id=\"9127\" class=\"elementor elementor-9127 elementor-882\" data-elementor-post-type=\"page\">\n\t\t\t\t<div class=\"elementor-element elementor-element-8f07c84 animated-fast e-flex e-con-boxed elementor-invisible e-con e-parent\" data-id=\"8f07c84\" data-element_type=\"container\" data-settings=\"{&quot;background_background&quot;:&quot;classic&quot;,&quot;animation&quot;:&quot;fadeIn&quot;}\">\n\t\t\t\t\t<div class=\"e-con-inner\">\n\t\t\t\t\t<\/div>\n\t\t\t\t<\/div>\n\t\t<div class=\"elementor-element elementor-element-6d3c6cb e-con-full e-flex e-con e-parent\" data-id=\"6d3c6cb\" data-element_type=\"container\" data-settings=\"{&quot;background_background&quot;:&quot;classic&quot;}\">\n\t\t\t\t<div class=\"elementor-element elementor-element-9f4a6e9 breadcrumb-style elementor-widget elementor-widget-global elementor-global-1021 elementor-widget-shortcode\" data-id=\"9f4a6e9\" data-element_type=\"widget\" data-widget_type=\"shortcode.default\">\n\t\t\t\t<div class=\"elementor-widget-container\">\n\t\t\t\t\t\t\t<div class=\"elementor-shortcode\"><nav aria-label=\"breadcrumbs\" class=\"rank-math-breadcrumb\"><p><span class=\"last\">P\u00e1gina Inicial<\/span><\/p><\/nav><\/div>\n\t\t\t\t\t\t<\/div>\n\t\t\t\t<\/div>\n\t\t\t\t<div class=\"elementor-element elementor-element-f2adee0 elementor-widget elementor-widget-heading\" data-id=\"f2adee0\" data-element_type=\"widget\" data-widget_type=\"heading.default\">\n\t\t\t\t<div class=\"elementor-widget-container\">\n\t\t\t\t\t<h1 class=\"elementor-heading-title elementor-size-default\">Alimentario<\/h1>\t\t\t\t<\/div>\n\t\t\t\t<\/div>\n\t\t\t\t<\/div>\n\t\t<div class=\"elementor-element elementor-element-37a7f76 e-con-full e-flex e-con e-parent\" data-id=\"37a7f76\" data-element_type=\"container\" data-settings=\"{&quot;background_background&quot;:&quot;classic&quot;}\">\n\t\t<div class=\"elementor-element elementor-element-7a2ab4b e-con-full e-flex e-con e-child\" data-id=\"7a2ab4b\" data-element_type=\"container\">\n\t\t\t\t<div class=\"elementor-element elementor-element-18a4c4a elementor-widget elementor-widget-text-editor\" data-id=\"18a4c4a\" data-element_type=\"widget\" data-widget_type=\"text-editor.default\">\n\t\t\t\t<div class=\"elementor-widget-container\">\n\t\t\t\t\t\t\t\t\t<p>El sector alimentario engloba las industrias encargadas de transformar los productos agr\u00edcolas en alimentos y bebidas para consumo humano y animal. Es uno de los mayores segmentos de la econom\u00eda brasile\u00f1a, responsable de procesar el 58% de toda la producci\u00f3n agr\u00edcola del pa\u00eds y generar 1,8 millones de empleos directos. <\/p>\n\t\t\t\t\t\t\t\t<\/div>\n\t\t\t\t<\/div>\n\t\t\t\t<div class=\"elementor-element elementor-element-614c400 elementor-widget elementor-widget-text-editor\" data-id=\"614c400\" data-element_type=\"widget\" data-widget_type=\"text-editor.default\">\n\t\t\t\t<div class=\"elementor-widget-container\">\n\t\t\t\t\t\t\t\t\t<p>La industria alimentaria se compone de varias ramas, como la c\u00e1rnica, l\u00e1cteos, cereales, pastas, aceites, az\u00facar, caf\u00e9, chocolates, galletas, bebidas, condimentos, conservas, alimentos congelados, entre otros.<br \/>Brasil se destaca principalmente en las exportaciones de carnes, az\u00facar, caf\u00e9, jugos y frutas. Los principales socios comerciales son Estados Unidos, China, la Uni\u00f3n Europea y Jap\u00f3n <\/p>\n\t\t\t\t\t\t\t\t<\/div>\n\t\t\t\t<\/div>\n\t\t\t\t<div class=\"elementor-element elementor-element-1df0c0c elementor-widget elementor-widget-text-editor\" data-id=\"1df0c0c\" data-element_type=\"widget\" data-widget_type=\"text-editor.default\">\n\t\t\t\t<div class=\"elementor-widget-container\">\n\t\t\t\t\t\t\t\t\t<p>La industria alimentaria brasile\u00f1a enfrenta varios desaf\u00edos para seguir siendo competitiva y sostenible. Las empresas del sector deben estar atentas y preparadas para ajustar sus procesos a los cambios de h\u00e1bitos y preferencias de los consumidores, cada vez m\u00e1s exigentes y conscientes de la calidad, el origen, la seguridad y el impacto ambiental de los alimentos que consumen. Otro factor de gran impacto es la adaptaci\u00f3n a los est\u00e1ndares sanitarios y regulatorios de los mercados nacionales e internacionales, que exigen altos est\u00e1ndares de calidad y trazabilidad de los alimentos.  <\/p>\n\t\t\t\t\t\t\t\t<\/div>\n\t\t\t\t<\/div>\n\t\t\t\t<div class=\"elementor-element elementor-element-0237baf elementor-widget elementor-widget-text-editor\" data-id=\"0237baf\" data-element_type=\"widget\" data-widget_type=\"text-editor.default\">\n\t\t\t\t<div class=\"elementor-widget-container\">\n\t\t\t\t\t\t\t\t\t<p>OMEL proporciona productos y soluciones personalizadas para grandes empresas del sector alimentario y cuenta con equipos de ingenier\u00eda y fabricaci\u00f3n preparados para atender las nuevas demandas de este mercado.<\/p>\n\t\t\t\t\t\t\t\t<\/div>\n\t\t\t\t<\/div>\n\t\t\t\t<div class=\"elementor-element elementor-element-e815cbe elementor-widget elementor-widget-text-editor\" data-id=\"e815cbe\" data-element_type=\"widget\" data-widget_type=\"text-editor.default\">\n\t\t\t\t<div class=\"elementor-widget-container\">\n\t\t\t\t\t\t\t\t\t<p>Aplicaciones principales<\/p>\n\t\t\t\t\t\t\t\t<\/div>\n\t\t\t\t<\/div>\n\t\t\t\t<div class=\"elementor-element elementor-element-579b897 elementor-widget elementor-widget-text-editor\" data-id=\"579b897\" data-element_type=\"widget\" data-widget_type=\"text-editor.default\">\n\t\t\t\t<div class=\"elementor-widget-container\">\n\t\t\t\t\t\t\t\t\t<ul>\n<li>Procesos de evaporaci\u00f3n<\/li>\n<li>Secado al vac\u00edo<\/li>\n<li>Desbilitaci\u00f3n<\/li>\n<li>Envasado al vac\u00edo<\/li>\n<li>Traslado de productos diversos como jugos, suspensiones, emulsiones, caldos, amon\u00edaco, az\u00facar y alcohol<\/li>\n<li>Transporte neum\u00e1tico de productos a granel como caf\u00e9, harinas diversas, arroz, etc.<\/li>\n<li>Eliminaci\u00f3n de aire en pasta<\/li>\n<li>Transporte de fluidos de frutas y tomates mediante bombas vortex<\/li>\n<li>Descarga de cisternas y veh\u00edculos de transporte<\/li>\n<li>Suministro de aire a los quemadores<\/li>\n<li>Unidades de tratamiento de efluentes<\/li>\n<li>Cebado de bombas y sistemas<\/li>\n<li>Medici\u00f3n de flujo instant\u00e1neo de l\u00edquidos y gases<\/li>\n<\/ul>\n\t\t\t\t\t\t\t\t<\/div>\n\t\t\t\t<\/div>\n\t\t\t\t<\/div>\n\t\t\t\t<\/div>\n\t\t<div class=\"elementor-element elementor-element-7832a3a e-con-full e-flex e-con e-parent\" data-id=\"7832a3a\" data-element_type=\"container\" data-settings=\"{&quot;background_background&quot;:&quot;classic&quot;}\">\n\t\t<div class=\"elementor-element elementor-element-157ed4e e-con-full e-flex e-con e-child\" data-id=\"157ed4e\" data-element_type=\"container\">\n\t\t\t\t<div class=\"elementor-element elementor-element-87033fd elementor-widget elementor-widget-heading\" data-id=\"87033fd\" data-element_type=\"widget\" data-widget_type=\"heading.default\">\n\t\t\t\t<div class=\"elementor-widget-container\">\n\t\t\t\t\t<h2 class=\"elementor-heading-title elementor-size-default\">Los productos <strong style=\"font-weight:800\">OMEL <\/strong>en el mercado alimentario<\/h2>\t\t\t\t<\/div>\n\t\t\t\t<\/div>\n\t\t\t\t<\/div>\n\t\t\t\t<\/div>\n\t\t<div class=\"elementor-element elementor-element-7341e4b9 e-con-full e-flex e-con e-parent\" data-id=\"7341e4b9\" data-element_type=\"container\" data-settings=\"{&quot;background_background&quot;:&quot;classic&quot;}\">\n\t\t<div class=\"elementor-element elementor-element-5f3a8532 e-con-full e-flex e-con e-child\" data-id=\"5f3a8532\" data-element_type=\"container\">\n\t\t<a class=\"elementor-element elementor-element-389bec33 e-con-full e-flex elementor-invisible e-con e-child\" data-id=\"389bec33\" data-element_type=\"container\" data-settings=\"{&quot;animation&quot;:&quot;fadeIn&quot;}\" href=\"https:\/\/omel.com.br\/es\/bombas-centrifugas\/\">\n\t\t\t\t<div class=\"elementor-element elementor-element-53eea716 elementor-widget elementor-widget-image\" data-id=\"53eea716\" data-element_type=\"widget\" data-widget_type=\"image.default\">\n\t\t\t\t<div class=\"elementor-widget-container\">\n\t\t\t\t\t\t\t\t\t\t\t\t\t\t\t<img fetchpriority=\"high\" decoding=\"async\" width=\"768\" height=\"413\" src=\"https:\/\/omel.com.br\/wp-content\/uploads\/2023\/06\/bombas-centrifugas-omel-e1688952203572-768x413.webp\" class=\"attachment-medium_large size-medium_large wp-image-7498\" alt=\"\" srcset=\"https:\/\/omel.com.br\/wp-content\/uploads\/2023\/06\/bombas-centrifugas-omel-e1688952203572-768x413.webp 768w, https:\/\/omel.com.br\/wp-content\/uploads\/2023\/06\/bombas-centrifugas-omel-e1688952203572-300x161.webp 300w, https:\/\/omel.com.br\/wp-content\/uploads\/2023\/06\/bombas-centrifugas-omel-e1688952203572-1024x550.webp 1024w, https:\/\/omel.com.br\/wp-content\/uploads\/2023\/06\/bombas-centrifugas-omel-e1688952203572-jpg.webp 1200w\" sizes=\"(max-width: 768px) 100vw, 768px\" \/>\t\t\t\t\t\t\t\t\t\t\t\t\t\t\t<\/div>\n\t\t\t\t<\/div>\n\t\t<div class=\"elementor-element elementor-element-6d8330fd e-flex e-con-boxed e-con e-child\" data-id=\"6d8330fd\" data-element_type=\"container\" data-settings=\"{&quot;background_background&quot;:&quot;classic&quot;}\">\n\t\t\t\t\t<div class=\"e-con-inner\">\n\t\t<div class=\"elementor-element elementor-element-64dd479f e-flex e-con-boxed e-con e-child\" data-id=\"64dd479f\" data-element_type=\"container\">\n\t\t\t\t\t<div class=\"e-con-inner\">\n\t\t\t\t<div class=\"elementor-element elementor-element-35389965 elementor-widget elementor-widget-heading\" data-id=\"35389965\" data-element_type=\"widget\" data-widget_type=\"heading.default\">\n\t\t\t\t<div class=\"elementor-widget-container\">\n\t\t\t\t\t<h2 class=\"elementor-heading-title elementor-size-default\">Bombas Centr\u00edfugas<\/h2>\t\t\t\t<\/div>\n\t\t\t\t<\/div>\n\t\t\t\t<div class=\"elementor-element elementor-element-4de5536f elementor-widget elementor-widget-heading\" data-id=\"4de5536f\" data-element_type=\"widget\" data-widget_type=\"heading.default\">\n\t\t\t\t<div class=\"elementor-widget-container\">\n\t\t\t\t\t<h2 class=\"elementor-heading-title elementor-size-default\">ANSI y API <br>\n<br><\/h2>\t\t\t\t<\/div>\n\t\t\t\t<\/div>\n\t\t\t\t\t<\/div>\n\t\t\t\t<\/div>\n\t\t\t\t<div class=\"elementor-element elementor-element-6f504a1c elementor-view-default elementor-widget elementor-widget-icon\" data-id=\"6f504a1c\" data-element_type=\"widget\" data-widget_type=\"icon.default\">\n\t\t\t\t<div class=\"elementor-widget-container\">\n\t\t\t\t\t\t\t<div class=\"elementor-icon-wrapper\">\n\t\t\t<div class=\"elementor-icon\">\n\t\t\t<i aria-hidden=\"true\" class=\"fas fa-angle-double-right\"><\/i>\t\t\t<\/div>\n\t\t<\/div>\n\t\t\t\t\t\t<\/div>\n\t\t\t\t<\/div>\n\t\t\t\t\t<\/div>\n\t\t\t\t<\/div>\n\t\t\t\t<\/a>\n\t\t<a class=\"elementor-element elementor-element-2442fd3c e-con-full e-flex elementor-invisible e-con e-child\" data-id=\"2442fd3c\" data-element_type=\"container\" data-settings=\"{&quot;animation&quot;:&quot;fadeIn&quot;}\" href=\"https:\/\/omel.com.br\/es\/bombas-de-vacio\/\">\n\t\t\t\t<div class=\"elementor-element elementor-element-35d0e463 elementor-widget elementor-widget-image\" data-id=\"35d0e463\" data-element_type=\"widget\" data-widget_type=\"image.default\">\n\t\t\t\t<div class=\"elementor-widget-container\">\n\t\t\t\t\t\t\t\t\t\t\t\t\t\t\t<img decoding=\"async\" width=\"768\" height=\"413\" src=\"https:\/\/omel.com.br\/wp-content\/uploads\/2023\/06\/bombas-de-vacuo-omel-e1688952285778-768x413.webp\" class=\"attachment-medium_large size-medium_large wp-image-7500\" alt=\"\" srcset=\"https:\/\/omel.com.br\/wp-content\/uploads\/2023\/06\/bombas-de-vacuo-omel-e1688952285778-768x413.webp 768w, https:\/\/omel.com.br\/wp-content\/uploads\/2023\/06\/bombas-de-vacuo-omel-e1688952285778-300x161.webp 300w, https:\/\/omel.com.br\/wp-content\/uploads\/2023\/06\/bombas-de-vacuo-omel-e1688952285778-1024x550.webp 1024w, https:\/\/omel.com.br\/wp-content\/uploads\/2023\/06\/bombas-de-vacuo-omel-e1688952285778-jpg.webp 1200w\" sizes=\"(max-width: 768px) 100vw, 768px\" \/>\t\t\t\t\t\t\t\t\t\t\t\t\t\t\t<\/div>\n\t\t\t\t<\/div>\n\t\t<div class=\"elementor-element elementor-element-31bb56fa e-flex e-con-boxed e-con e-child\" data-id=\"31bb56fa\" data-element_type=\"container\" data-settings=\"{&quot;background_background&quot;:&quot;classic&quot;}\">\n\t\t\t\t\t<div class=\"e-con-inner\">\n\t\t<div class=\"elementor-element elementor-element-45b7aadd e-flex e-con-boxed e-con e-child\" data-id=\"45b7aadd\" data-element_type=\"container\">\n\t\t\t\t\t<div class=\"e-con-inner\">\n\t\t\t\t<div class=\"elementor-element elementor-element-66564885 elementor-widget elementor-widget-heading\" data-id=\"66564885\" data-element_type=\"widget\" data-widget_type=\"heading.default\">\n\t\t\t\t<div class=\"elementor-widget-container\">\n\t\t\t\t\t<h2 class=\"elementor-heading-title elementor-size-default\">Bombas de vac\u00edo<\/h2>\t\t\t\t<\/div>\n\t\t\t\t<\/div>\n\t\t\t\t<div class=\"elementor-element elementor-element-3e13df91 elementor-widget elementor-widget-heading\" data-id=\"3e13df91\" data-element_type=\"widget\" data-widget_type=\"heading.default\">\n\t\t\t\t<div class=\"elementor-widget-container\">\n\t\t\t\t\t<h2 class=\"elementor-heading-title elementor-size-default\">Para bajo, medio y alto flujo <br>\n<br><\/h2>\t\t\t\t<\/div>\n\t\t\t\t<\/div>\n\t\t\t\t\t<\/div>\n\t\t\t\t<\/div>\n\t\t\t\t<div class=\"elementor-element elementor-element-1c2ac4fa elementor-view-default elementor-widget elementor-widget-icon\" data-id=\"1c2ac4fa\" data-element_type=\"widget\" data-widget_type=\"icon.default\">\n\t\t\t\t<div class=\"elementor-widget-container\">\n\t\t\t\t\t\t\t<div class=\"elementor-icon-wrapper\">\n\t\t\t<div class=\"elementor-icon\">\n\t\t\t<i aria-hidden=\"true\" class=\"fas fa-angle-double-right\"><\/i>\t\t\t<\/div>\n\t\t<\/div>\n\t\t\t\t\t\t<\/div>\n\t\t\t\t<\/div>\n\t\t\t\t\t<\/div>\n\t\t\t\t<\/div>\n\t\t\t\t<\/a>\n\t\t<a class=\"elementor-element elementor-element-beccd7 e-con-full e-flex elementor-invisible e-con e-child\" data-id=\"beccd7\" data-element_type=\"container\" data-settings=\"{&quot;animation&quot;:&quot;fadeIn&quot;}\" href=\"https:\/\/omel.com.br\/es\/sopladores-tipo-roots\/\">\n\t\t\t\t<div class=\"elementor-element elementor-element-13abb1fb elementor-widget elementor-widget-image\" data-id=\"13abb1fb\" data-element_type=\"widget\" data-widget_type=\"image.default\">\n\t\t\t\t<div class=\"elementor-widget-container\">\n\t\t\t\t\t\t\t\t\t\t\t\t\t\t\t<img decoding=\"async\" width=\"768\" height=\"413\" src=\"https:\/\/omel.com.br\/wp-content\/uploads\/2023\/06\/sopradores-tipo-roots-omel-e1688952304999-768x413.webp\" class=\"attachment-medium_large size-medium_large wp-image-7506\" alt=\"\" srcset=\"https:\/\/omel.com.br\/wp-content\/uploads\/2023\/06\/sopradores-tipo-roots-omel-e1688952304999-768x413.webp 768w, https:\/\/omel.com.br\/wp-content\/uploads\/2023\/06\/sopradores-tipo-roots-omel-e1688952304999-300x161.webp 300w, https:\/\/omel.com.br\/wp-content\/uploads\/2023\/06\/sopradores-tipo-roots-omel-e1688952304999-1024x550.webp 1024w, https:\/\/omel.com.br\/wp-content\/uploads\/2023\/06\/sopradores-tipo-roots-omel-e1688952304999-jpg.webp 1200w\" sizes=\"(max-width: 768px) 100vw, 768px\" \/>\t\t\t\t\t\t\t\t\t\t\t\t\t\t\t<\/div>\n\t\t\t\t<\/div>\n\t\t<div class=\"elementor-element elementor-element-61f7228f e-flex e-con-boxed e-con e-child\" data-id=\"61f7228f\" data-element_type=\"container\" data-settings=\"{&quot;background_background&quot;:&quot;classic&quot;}\">\n\t\t\t\t\t<div class=\"e-con-inner\">\n\t\t<div class=\"elementor-element elementor-element-2023cb97 e-flex e-con-boxed e-con e-child\" data-id=\"2023cb97\" data-element_type=\"container\">\n\t\t\t\t\t<div class=\"e-con-inner\">\n\t\t\t\t<div class=\"elementor-element elementor-element-6da8a1e7 elementor-widget elementor-widget-heading\" data-id=\"6da8a1e7\" data-element_type=\"widget\" data-widget_type=\"heading.default\">\n\t\t\t\t<div class=\"elementor-widget-container\">\n\t\t\t\t\t<h2 class=\"elementor-heading-title elementor-size-default\">Sopladores tipo \"Ra\u00edces\"<\/h2>\t\t\t\t<\/div>\n\t\t\t\t<\/div>\n\t\t\t\t<div class=\"elementor-element elementor-element-5f9a7964 elementor-widget elementor-widget-heading\" data-id=\"5f9a7964\" data-element_type=\"widget\" data-widget_type=\"heading.default\">\n\t\t\t\t<div class=\"elementor-widget-container\">\n\t\t\t\t\t<h2 class=\"elementor-heading-title elementor-size-default\">Soplantes, cabinas y accesorios <br>\n<br><\/h2>\t\t\t\t<\/div>\n\t\t\t\t<\/div>\n\t\t\t\t\t<\/div>\n\t\t\t\t<\/div>\n\t\t\t\t<div class=\"elementor-element elementor-element-fb1485b elementor-view-default elementor-widget elementor-widget-icon\" data-id=\"fb1485b\" data-element_type=\"widget\" data-widget_type=\"icon.default\">\n\t\t\t\t<div class=\"elementor-widget-container\">\n\t\t\t\t\t\t\t<div class=\"elementor-icon-wrapper\">\n\t\t\t<div class=\"elementor-icon\">\n\t\t\t<i aria-hidden=\"true\" class=\"fas fa-angle-double-right\"><\/i>\t\t\t<\/div>\n\t\t<\/div>\n\t\t\t\t\t\t<\/div>\n\t\t\t\t<\/div>\n\t\t\t\t\t<\/div>\n\t\t\t\t<\/div>\n\t\t\t\t<\/a>\n\t\t<a class=\"elementor-element elementor-element-423c8359 e-con-full e-flex elementor-invisible e-con e-child\" data-id=\"423c8359\" data-element_type=\"container\" data-settings=\"{&quot;animation&quot;:&quot;fadeIn&quot;}\" href=\"https:\/\/omel.com.br\/es\/bombas-dosificadoras\/\">\n\t\t\t\t<div class=\"elementor-element elementor-element-64c664f7 elementor-widget elementor-widget-image\" data-id=\"64c664f7\" data-element_type=\"widget\" data-widget_type=\"image.default\">\n\t\t\t\t<div class=\"elementor-widget-container\">\n\t\t\t\t\t\t\t\t\t\t\t\t\t\t\t<img loading=\"lazy\" decoding=\"async\" width=\"768\" height=\"413\" src=\"https:\/\/omel.com.br\/wp-content\/uploads\/2023\/06\/bombas-dosadoras-omel-e1688952323954-768x413.webp\" class=\"attachment-medium_large size-medium_large wp-image-7502\" alt=\"\" srcset=\"https:\/\/omel.com.br\/wp-content\/uploads\/2023\/06\/bombas-dosadoras-omel-e1688952323954-768x413.webp 768w, https:\/\/omel.com.br\/wp-content\/uploads\/2023\/06\/bombas-dosadoras-omel-e1688952323954-300x161.webp 300w, https:\/\/omel.com.br\/wp-content\/uploads\/2023\/06\/bombas-dosadoras-omel-e1688952323954-1024x550.webp 1024w, https:\/\/omel.com.br\/wp-content\/uploads\/2023\/06\/bombas-dosadoras-omel-e1688952323954-jpg.webp 1200w\" sizes=\"(max-width: 768px) 100vw, 768px\" \/>\t\t\t\t\t\t\t\t\t\t\t\t\t\t\t<\/div>\n\t\t\t\t<\/div>\n\t\t<div class=\"elementor-element elementor-element-2df7162a e-flex e-con-boxed e-con e-child\" data-id=\"2df7162a\" data-element_type=\"container\" data-settings=\"{&quot;background_background&quot;:&quot;classic&quot;}\">\n\t\t\t\t\t<div class=\"e-con-inner\">\n\t\t<div class=\"elementor-element elementor-element-10a3ecbc e-flex e-con-boxed e-con e-child\" data-id=\"10a3ecbc\" data-element_type=\"container\">\n\t\t\t\t\t<div class=\"e-con-inner\">\n\t\t\t\t<div class=\"elementor-element elementor-element-2a624913 elementor-widget elementor-widget-heading\" data-id=\"2a624913\" data-element_type=\"widget\" data-widget_type=\"heading.default\">\n\t\t\t\t<div class=\"elementor-widget-container\">\n\t\t\t\t\t<h2 class=\"elementor-heading-title elementor-size-default\">Bombas dosificadoras<\/h2>\t\t\t\t<\/div>\n\t\t\t\t<\/div>\n\t\t\t\t<div class=\"elementor-element elementor-element-4f0b284 elementor-widget elementor-widget-heading\" data-id=\"4f0b284\" data-element_type=\"widget\" data-widget_type=\"heading.default\">\n\t\t\t\t<div class=\"elementor-widget-container\">\n\t\t\t\t\t<h2 class=\"elementor-heading-title elementor-size-default\">Diafragma o pist\u00f3n, tambi\u00e9n aptas para API<\/h2>\t\t\t\t<\/div>\n\t\t\t\t<\/div>\n\t\t\t\t\t<\/div>\n\t\t\t\t<\/div>\n\t\t\t\t<div class=\"elementor-element elementor-element-3d5a90ba elementor-view-default elementor-widget elementor-widget-icon\" data-id=\"3d5a90ba\" data-element_type=\"widget\" data-widget_type=\"icon.default\">\n\t\t\t\t<div class=\"elementor-widget-container\">\n\t\t\t\t\t\t\t<div class=\"elementor-icon-wrapper\">\n\t\t\t<div class=\"elementor-icon\">\n\t\t\t<i aria-hidden=\"true\" class=\"fas fa-angle-double-right\"><\/i>\t\t\t<\/div>\n\t\t<\/div>\n\t\t\t\t\t\t<\/div>\n\t\t\t\t<\/div>\n\t\t\t\t\t<\/div>\n\t\t\t\t<\/div>\n\t\t\t\t<\/a>\n\t\t<a class=\"elementor-element elementor-element-cbfca8d e-con-full e-flex elementor-invisible e-con e-child\" data-id=\"cbfca8d\" data-element_type=\"container\" data-settings=\"{&quot;animation&quot;:&quot;fadeIn&quot;}\" href=\"https:\/\/omel.com.br\/es\/rotametros\/\">\n\t\t\t\t<div class=\"elementor-element elementor-element-301d71a8 elementor-widget elementor-widget-image\" data-id=\"301d71a8\" data-element_type=\"widget\" data-widget_type=\"image.default\">\n\t\t\t\t<div class=\"elementor-widget-container\">\n\t\t\t\t\t\t\t\t\t\t\t\t\t\t\t<img loading=\"lazy\" decoding=\"async\" width=\"768\" height=\"413\" src=\"https:\/\/omel.com.br\/wp-content\/uploads\/2023\/06\/rotametros-omel-e1688952358472-768x413.webp\" class=\"attachment-medium_large size-medium_large wp-image-7504\" alt=\"\" srcset=\"https:\/\/omel.com.br\/wp-content\/uploads\/2023\/06\/rotametros-omel-e1688952358472-768x413.webp 768w, https:\/\/omel.com.br\/wp-content\/uploads\/2023\/06\/rotametros-omel-e1688952358472-300x161.webp 300w, https:\/\/omel.com.br\/wp-content\/uploads\/2023\/06\/rotametros-omel-e1688952358472-1024x550.webp 1024w, https:\/\/omel.com.br\/wp-content\/uploads\/2023\/06\/rotametros-omel-e1688952358472-jpg.webp 1200w\" sizes=\"(max-width: 768px) 100vw, 768px\" \/>\t\t\t\t\t\t\t\t\t\t\t\t\t\t\t<\/div>\n\t\t\t\t<\/div>\n\t\t<div class=\"elementor-element elementor-element-17173f2e e-flex e-con-boxed e-con e-child\" data-id=\"17173f2e\" data-element_type=\"container\" data-settings=\"{&quot;background_background&quot;:&quot;classic&quot;}\">\n\t\t\t\t\t<div class=\"e-con-inner\">\n\t\t<div class=\"elementor-element elementor-element-17a93cce e-flex e-con-boxed e-con e-child\" data-id=\"17a93cce\" data-element_type=\"container\">\n\t\t\t\t\t<div class=\"e-con-inner\">\n\t\t\t\t<div class=\"elementor-element elementor-element-22c7ce2a elementor-widget elementor-widget-heading\" data-id=\"22c7ce2a\" data-element_type=\"widget\" data-widget_type=\"heading.default\">\n\t\t\t\t<div class=\"elementor-widget-container\">\n\t\t\t\t\t<h2 class=\"elementor-heading-title elementor-size-default\">Rot\u00e1metros<\/h2>\t\t\t\t<\/div>\n\t\t\t\t<\/div>\n\t\t\t\t<div class=\"elementor-element elementor-element-10cde45d elementor-widget elementor-widget-heading\" data-id=\"10cde45d\" data-element_type=\"widget\" data-widget_type=\"heading.default\">\n\t\t\t\t<div class=\"elementor-widget-container\">\n\t\t\t\t\t<h2 class=\"elementor-heading-title elementor-size-default\">Calibrados para lectura sin tablas de conversi\u00f3n<\/h2>\t\t\t\t<\/div>\n\t\t\t\t<\/div>\n\t\t\t\t\t<\/div>\n\t\t\t\t<\/div>\n\t\t\t\t<div class=\"elementor-element elementor-element-6e87aa1f elementor-view-default elementor-widget elementor-widget-icon\" data-id=\"6e87aa1f\" data-element_type=\"widget\" data-widget_type=\"icon.default\">\n\t\t\t\t<div class=\"elementor-widget-container\">\n\t\t\t\t\t\t\t<div class=\"elementor-icon-wrapper\">\n\t\t\t<div class=\"elementor-icon\">\n\t\t\t<i aria-hidden=\"true\" class=\"fas fa-angle-double-right\"><\/i>\t\t\t<\/div>\n\t\t<\/div>\n\t\t\t\t\t\t<\/div>\n\t\t\t\t<\/div>\n\t\t\t\t\t<\/div>\n\t\t\t\t<\/div>\n\t\t\t\t<\/a>\n\t\t\t\t<\/div>\n\t\t\t\t<\/div>\n\t\t<div class=\"elementor-element elementor-element-7b01a30 e-con-full e-flex e-con e-parent\" data-id=\"7b01a30\" data-element_type=\"container\" data-settings=\"{&quot;background_background&quot;:&quot;classic&quot;}\">\n\t\t<div class=\"elementor-element elementor-element-bc5a827 e-con-full e-flex e-con e-child\" data-id=\"bc5a827\" data-element_type=\"container\">\n\t\t\t\t<div class=\"elementor-element elementor-element-96c096a elementor-widget elementor-widget-heading\" data-id=\"96c096a\" data-element_type=\"widget\" data-widget_type=\"heading.default\">\n\t\t\t\t<div class=\"elementor-widget-container\">\n\t\t\t\t\t<h2 class=\"elementor-heading-title elementor-size-default\">Solicita una propuesta personalizada<\/h2>\t\t\t\t<\/div>\n\t\t\t\t<\/div>\n\t\t\t\t<div class=\"elementor-element elementor-element-68f5828 elementor-widget elementor-widget-heading\" data-id=\"68f5828\" data-element_type=\"widget\" data-widget_type=\"heading.default\">\n\t\t\t\t<div class=\"elementor-widget-container\">\n\t\t\t\t\t<h2 class=\"elementor-heading-title elementor-size-default\">O haga clic en el bot\u00f3n de WhatsApp y hable con nuestro equipo de expertos sobre las necesidades de su aplicaci\u00f3n ahora.<\/h2>\t\t\t\t<\/div>\n\t\t\t\t<\/div>\n\t\t\t\t<div class=\"elementor-element elementor-element-1d6245c elementor-align-center elementor-widget elementor-widget-button\" data-id=\"1d6245c\" data-element_type=\"widget\" data-widget_type=\"button.default\">\n\t\t\t\t<div class=\"elementor-widget-container\">\n\t\t\t\t\t\t\t\t\t<div class=\"elementor-button-wrapper\">\n\t\t\t\t\t<a class=\"elementor-button elementor-button-link elementor-size-sm\" href=\"https:\/\/omel.com.br\/es\/contacto\/\">\n\t\t\t\t\t\t<span class=\"elementor-button-content-wrapper\">\n\t\t\t\t\t\t\t\t\t<span class=\"elementor-button-text\">Cont\u00e1ctenos<\/span>\n\t\t\t\t\t<\/span>\n\t\t\t\t\t<\/a>\n\t\t\t\t<\/div>\n\t\t\t\t\t\t\t\t<\/div>\n\t\t\t\t<\/div>\n\t\t\t\t<\/div>\n\t\t\t\t<\/div>\n\t\t\t\t<\/div>\n\t\t","protected":false},"excerpt":{"rendered":"<p>Alimentario El sector alimentario engloba las industrias encargadas de transformar los productos agr\u00edcolas en alimentos y bebidas para consumo humano y animal. Es uno de los mayores segmentos de la econom\u00eda brasile\u00f1a, responsable de procesar el 58% de toda la producci\u00f3n agr\u00edcola del pa\u00eds y generar 1,8 millones de empleos directos. La industria alimentaria se [&hellip;]<\/p>\n","protected":false},"author":1,"featured_media":0,"parent":9091,"menu_order":0,"comment_status":"closed","ping_status":"closed","template":"","meta":{"footnotes":""},"class_list":["post-9127","page","type-page","status-publish","hentry"],"_links":{"self":[{"href":"https:\/\/omel.com.br\/es\/wp-json\/wp\/v2\/pages\/9127","targetHints":{"allow":["GET"]}}],"collection":[{"href":"https:\/\/omel.com.br\/es\/wp-json\/wp\/v2\/pages"}],"about":[{"href":"https:\/\/omel.com.br\/es\/wp-json\/wp\/v2\/types\/page"}],"author":[{"embeddable":true,"href":"https:\/\/omel.com.br\/es\/wp-json\/wp\/v2\/users\/1"}],"replies":[{"embeddable":true,"href":"https:\/\/omel.com.br\/es\/wp-json\/wp\/v2\/comments?post=9127"}],"version-history":[{"count":2,"href":"https:\/\/omel.com.br\/es\/wp-json\/wp\/v2\/pages\/9127\/revisions"}],"predecessor-version":[{"id":9351,"href":"https:\/\/omel.com.br\/es\/wp-json\/wp\/v2\/pages\/9127\/revisions\/9351"}],"up":[{"embeddable":true,"href":"https:\/\/omel.com.br\/es\/wp-json\/wp\/v2\/pages\/9091"}],"wp:attachment":[{"href":"https:\/\/omel.com.br\/es\/wp-json\/wp\/v2\/media?parent=9127"}],"curies":[{"name":"wp","href":"https:\/\/api.w.org\/{rel}","templated":true}]}}