{"id":9135,"date":"2023-07-24T09:40:05","date_gmt":"2023-07-24T12:40:05","guid":{"rendered":"https:\/\/omel.com.br\/aplicaciones-y-mercados\/ceramico\/"},"modified":"2024-11-03T13:44:40","modified_gmt":"2024-11-03T16:44:40","slug":"ceramico","status":"publish","type":"page","link":"https:\/\/omel.com.br\/es\/aplicaciones-y-mercados\/ceramico\/","title":{"rendered":"Cer\u00e1mico"},"content":{"rendered":"\t\t<div data-elementor-type=\"wp-page\" data-elementor-id=\"9135\" class=\"elementor elementor-9135 elementor-886\" data-elementor-post-type=\"page\">\n\t\t\t\t<div class=\"elementor-element elementor-element-4fd7bdb8 animated-fast e-flex e-con-boxed elementor-invisible e-con e-parent\" data-id=\"4fd7bdb8\" data-element_type=\"container\" data-settings=\"{&quot;background_background&quot;:&quot;classic&quot;,&quot;animation&quot;:&quot;fadeIn&quot;}\">\n\t\t\t\t\t<div class=\"e-con-inner\">\n\t\t\t\t\t<\/div>\n\t\t\t\t<\/div>\n\t\t<div class=\"elementor-element elementor-element-55e3c8f e-con-full e-flex e-con e-parent\" data-id=\"55e3c8f\" data-element_type=\"container\" data-settings=\"{&quot;background_background&quot;:&quot;classic&quot;}\">\n\t\t\t\t<div class=\"elementor-element elementor-element-3683d5bb breadcrumb-style elementor-widget elementor-widget-global elementor-global-1021 elementor-widget-shortcode\" data-id=\"3683d5bb\" data-element_type=\"widget\" data-widget_type=\"shortcode.default\">\n\t\t\t\t<div class=\"elementor-widget-container\">\n\t\t\t\t\t\t\t<div class=\"elementor-shortcode\"><nav aria-label=\"breadcrumbs\" class=\"rank-math-breadcrumb\"><p><span class=\"last\">P\u00e1gina Inicial<\/span><\/p><\/nav><\/div>\n\t\t\t\t\t\t<\/div>\n\t\t\t\t<\/div>\n\t\t\t\t<div class=\"elementor-element elementor-element-50befd70 elementor-widget elementor-widget-heading\" data-id=\"50befd70\" data-element_type=\"widget\" data-widget_type=\"heading.default\">\n\t\t\t\t<div class=\"elementor-widget-container\">\n\t\t\t\t\t<h1 class=\"elementor-heading-title elementor-size-default\">Cer\u00e1mico<\/h1>\t\t\t\t<\/div>\n\t\t\t\t<\/div>\n\t\t\t\t<\/div>\n\t\t<div class=\"elementor-element elementor-element-72b2736b e-con-full e-flex e-con e-parent\" data-id=\"72b2736b\" data-element_type=\"container\" data-settings=\"{&quot;background_background&quot;:&quot;classic&quot;}\">\n\t\t<div class=\"elementor-element elementor-element-211df7e8 e-con-full e-flex e-con e-child\" data-id=\"211df7e8\" data-element_type=\"container\">\n\t\t\t\t<div class=\"elementor-element elementor-element-1ef214fa elementor-widget elementor-widget-text-editor\" data-id=\"1ef214fa\" data-element_type=\"widget\" data-widget_type=\"text-editor.default\">\n\t\t\t\t<div class=\"elementor-widget-container\">\n\t\t\t\t\t\t\t\t\t<p>La industria de productos cer\u00e1micos se encarga de la producci\u00f3n de distintos tipos de productos, como ladrillos, tejas, pisos, revestimientos, sanitarios, porcelanatos y artesan\u00edas.<\/p>\n\t\t\t\t\t\t\t\t<\/div>\n\t\t\t\t<\/div>\n\t\t\t\t<div class=\"elementor-element elementor-element-1827ecab elementor-widget elementor-widget-text-editor\" data-id=\"1827ecab\" data-element_type=\"widget\" data-widget_type=\"text-editor.default\">\n\t\t\t\t<div class=\"elementor-widget-container\">\n\t\t\t\t\t\t\t\t\t<p>Este mercado utiliza diferentes procesos de fabricaci\u00f3n, dependiendo del tipo de producto y del nivel de sofisticaci\u00f3n deseado. Los principales procesos industriales son el conformado, que da forma al producto; secado, que elimina el exceso de agua; quemado, que da resistencia y dureza al producto; y acabado, que aplica esmaltes, pinturas u otros revestimientos. <\/p>\n\t\t\t\t\t\t\t\t<\/div>\n\t\t\t\t<\/div>\n\t\t\t\t<div class=\"elementor-element elementor-element-e8af49b elementor-widget elementor-widget-text-editor\" data-id=\"e8af49b\" data-element_type=\"widget\" data-widget_type=\"text-editor.default\">\n\t\t\t\t<div class=\"elementor-widget-container\">\n\t\t\t\t\t\t\t\t\t<p>OMEL dispone de una l\u00ednea completa de bombas y sistemas que cubren las necesidades de todos los procesos industriales del sector cer\u00e1mico, desde la fase de fabricaci\u00f3n hasta la de tratamiento de efluentes.<\/p>\n\t\t\t\t\t\t\t\t<\/div>\n\t\t\t\t<\/div>\n\t\t\t\t<div class=\"elementor-element elementor-element-6e28bada elementor-widget elementor-widget-text-editor\" data-id=\"6e28bada\" data-element_type=\"widget\" data-widget_type=\"text-editor.default\">\n\t\t\t\t<div class=\"elementor-widget-container\">\n\t\t\t\t\t\t\t\t\t<p>Aplicaciones principales<\/p>\n\t\t\t\t\t\t\t\t<\/div>\n\t\t\t\t<\/div>\n\t\t\t\t<div class=\"elementor-element elementor-element-f847d36 elementor-widget elementor-widget-text-editor\" data-id=\"f847d36\" data-element_type=\"widget\" data-widget_type=\"text-editor.default\">\n\t\t\t\t<div class=\"elementor-widget-container\">\n\t\t\t\t\t\t\t\t\t<ul>\n<li>Secado al vac\u00edo<\/li>\n<li>En hornos para inyecci\u00f3n de aire de combusti\u00f3n o enfriamiento de toberas<\/li>\n<li>En Marombas<\/li>\n<li>Unidades de tratamiento de efluentes<\/li>\n<li>Transporte neum\u00e1tico de materiales a granel<\/li>\n<li>Cebado de bombas y sistemas<\/li>\n<\/ul>\n\t\t\t\t\t\t\t\t<\/div>\n\t\t\t\t<\/div>\n\t\t\t\t<\/div>\n\t\t\t\t<\/div>\n\t\t<div class=\"elementor-element elementor-element-1b16191a e-con-full e-flex e-con e-parent\" data-id=\"1b16191a\" data-element_type=\"container\" data-settings=\"{&quot;background_background&quot;:&quot;classic&quot;}\">\n\t\t<div class=\"elementor-element elementor-element-5f22ac32 e-con-full e-flex e-con e-child\" data-id=\"5f22ac32\" data-element_type=\"container\">\n\t\t\t\t<div class=\"elementor-element elementor-element-344d29a5 elementor-widget elementor-widget-heading\" data-id=\"344d29a5\" data-element_type=\"widget\" data-widget_type=\"heading.default\">\n\t\t\t\t<div class=\"elementor-widget-container\">\n\t\t\t\t\t<h2 class=\"elementor-heading-title elementor-size-default\">Los productos <strong style=\"font-weight:800\">OMEL <\/strong>en el mercado cer\u00e1mico<\/h2>\t\t\t\t<\/div>\n\t\t\t\t<\/div>\n\t\t\t\t<\/div>\n\t\t\t\t<\/div>\n\t\t<div class=\"elementor-element elementor-element-aace2b6 e-con-full e-flex e-con e-parent\" data-id=\"aace2b6\" data-element_type=\"container\" data-settings=\"{&quot;background_background&quot;:&quot;classic&quot;}\">\n\t\t<div class=\"elementor-element elementor-element-6f2f11ee e-con-full e-flex e-con e-child\" data-id=\"6f2f11ee\" data-element_type=\"container\">\n\t\t<a class=\"elementor-element elementor-element-467fa9af e-con-full e-flex elementor-invisible e-con e-child\" data-id=\"467fa9af\" data-element_type=\"container\" data-settings=\"{&quot;animation&quot;:&quot;fadeIn&quot;}\" href=\"https:\/\/omel.com.br\/es\/bombas-de-vacio\/\">\n\t\t\t\t<div class=\"elementor-element elementor-element-5659bf98 elementor-widget elementor-widget-image\" data-id=\"5659bf98\" data-element_type=\"widget\" data-widget_type=\"image.default\">\n\t\t\t\t<div class=\"elementor-widget-container\">\n\t\t\t\t\t\t\t\t\t\t\t\t\t\t\t<img fetchpriority=\"high\" decoding=\"async\" width=\"768\" height=\"413\" src=\"https:\/\/omel.com.br\/wp-content\/uploads\/2023\/06\/bombas-de-vacuo-omel-e1688952285778-768x413.webp\" class=\"attachment-medium_large size-medium_large wp-image-7500\" alt=\"\" srcset=\"https:\/\/omel.com.br\/wp-content\/uploads\/2023\/06\/bombas-de-vacuo-omel-e1688952285778-768x413.webp 768w, https:\/\/omel.com.br\/wp-content\/uploads\/2023\/06\/bombas-de-vacuo-omel-e1688952285778-300x161.webp 300w, https:\/\/omel.com.br\/wp-content\/uploads\/2023\/06\/bombas-de-vacuo-omel-e1688952285778-1024x550.webp 1024w, https:\/\/omel.com.br\/wp-content\/uploads\/2023\/06\/bombas-de-vacuo-omel-e1688952285778-jpg.webp 1200w\" sizes=\"(max-width: 768px) 100vw, 768px\" \/>\t\t\t\t\t\t\t\t\t\t\t\t\t\t\t<\/div>\n\t\t\t\t<\/div>\n\t\t<div class=\"elementor-element elementor-element-12b6103e e-flex e-con-boxed e-con e-child\" data-id=\"12b6103e\" data-element_type=\"container\" data-settings=\"{&quot;background_background&quot;:&quot;classic&quot;}\">\n\t\t\t\t\t<div class=\"e-con-inner\">\n\t\t<div class=\"elementor-element elementor-element-77b6bc49 e-flex e-con-boxed e-con e-child\" data-id=\"77b6bc49\" data-element_type=\"container\">\n\t\t\t\t\t<div class=\"e-con-inner\">\n\t\t\t\t<div class=\"elementor-element elementor-element-2a2e7612 elementor-widget elementor-widget-heading\" data-id=\"2a2e7612\" data-element_type=\"widget\" data-widget_type=\"heading.default\">\n\t\t\t\t<div class=\"elementor-widget-container\">\n\t\t\t\t\t<h2 class=\"elementor-heading-title elementor-size-default\">Bombas de vac\u00edo<\/h2>\t\t\t\t<\/div>\n\t\t\t\t<\/div>\n\t\t\t\t<div class=\"elementor-element elementor-element-49e5e242 elementor-widget elementor-widget-heading\" data-id=\"49e5e242\" data-element_type=\"widget\" data-widget_type=\"heading.default\">\n\t\t\t\t<div class=\"elementor-widget-container\">\n\t\t\t\t\t<h2 class=\"elementor-heading-title elementor-size-default\">Para bajo, medio y alto flujo <br>\n<br><\/h2>\t\t\t\t<\/div>\n\t\t\t\t<\/div>\n\t\t\t\t\t<\/div>\n\t\t\t\t<\/div>\n\t\t\t\t<div class=\"elementor-element elementor-element-5862616e elementor-view-default elementor-widget elementor-widget-icon\" data-id=\"5862616e\" data-element_type=\"widget\" data-widget_type=\"icon.default\">\n\t\t\t\t<div class=\"elementor-widget-container\">\n\t\t\t\t\t\t\t<div class=\"elementor-icon-wrapper\">\n\t\t\t<div class=\"elementor-icon\">\n\t\t\t<i aria-hidden=\"true\" class=\"fas fa-angle-double-right\"><\/i>\t\t\t<\/div>\n\t\t<\/div>\n\t\t\t\t\t\t<\/div>\n\t\t\t\t<\/div>\n\t\t\t\t\t<\/div>\n\t\t\t\t<\/div>\n\t\t\t\t<\/a>\n\t\t<a class=\"elementor-element elementor-element-5851be59 e-con-full e-flex elementor-invisible e-con e-child\" data-id=\"5851be59\" data-element_type=\"container\" data-settings=\"{&quot;animation&quot;:&quot;fadeIn&quot;}\" href=\"https:\/\/omel.com.br\/es\/sopladores-tipo-roots\/\">\n\t\t\t\t<div class=\"elementor-element elementor-element-43c1a727 elementor-widget elementor-widget-image\" data-id=\"43c1a727\" data-element_type=\"widget\" data-widget_type=\"image.default\">\n\t\t\t\t<div class=\"elementor-widget-container\">\n\t\t\t\t\t\t\t\t\t\t\t\t\t\t\t<img decoding=\"async\" width=\"768\" height=\"413\" src=\"https:\/\/omel.com.br\/wp-content\/uploads\/2023\/06\/sopradores-tipo-roots-omel-e1688952304999-768x413.webp\" class=\"attachment-medium_large size-medium_large wp-image-7506\" alt=\"\" srcset=\"https:\/\/omel.com.br\/wp-content\/uploads\/2023\/06\/sopradores-tipo-roots-omel-e1688952304999-768x413.webp 768w, https:\/\/omel.com.br\/wp-content\/uploads\/2023\/06\/sopradores-tipo-roots-omel-e1688952304999-300x161.webp 300w, https:\/\/omel.com.br\/wp-content\/uploads\/2023\/06\/sopradores-tipo-roots-omel-e1688952304999-1024x550.webp 1024w, https:\/\/omel.com.br\/wp-content\/uploads\/2023\/06\/sopradores-tipo-roots-omel-e1688952304999-jpg.webp 1200w\" sizes=\"(max-width: 768px) 100vw, 768px\" \/>\t\t\t\t\t\t\t\t\t\t\t\t\t\t\t<\/div>\n\t\t\t\t<\/div>\n\t\t<div class=\"elementor-element elementor-element-3076a05f e-flex e-con-boxed e-con e-child\" data-id=\"3076a05f\" data-element_type=\"container\" data-settings=\"{&quot;background_background&quot;:&quot;classic&quot;}\">\n\t\t\t\t\t<div class=\"e-con-inner\">\n\t\t<div class=\"elementor-element elementor-element-3552f4d9 e-flex e-con-boxed e-con e-child\" data-id=\"3552f4d9\" data-element_type=\"container\">\n\t\t\t\t\t<div class=\"e-con-inner\">\n\t\t\t\t<div class=\"elementor-element elementor-element-65b15a14 elementor-widget elementor-widget-heading\" data-id=\"65b15a14\" data-element_type=\"widget\" data-widget_type=\"heading.default\">\n\t\t\t\t<div class=\"elementor-widget-container\">\n\t\t\t\t\t<h2 class=\"elementor-heading-title elementor-size-default\">Sopladores tipo \"Ra\u00edces\"<\/h2>\t\t\t\t<\/div>\n\t\t\t\t<\/div>\n\t\t\t\t<div class=\"elementor-element elementor-element-5fbd4316 elementor-widget elementor-widget-heading\" data-id=\"5fbd4316\" data-element_type=\"widget\" data-widget_type=\"heading.default\">\n\t\t\t\t<div class=\"elementor-widget-container\">\n\t\t\t\t\t<h2 class=\"elementor-heading-title elementor-size-default\">Soplantes, cabinas y accesorios <br>\n<br><\/h2>\t\t\t\t<\/div>\n\t\t\t\t<\/div>\n\t\t\t\t\t<\/div>\n\t\t\t\t<\/div>\n\t\t\t\t<div class=\"elementor-element elementor-element-1a4cd23c elementor-view-default elementor-widget elementor-widget-icon\" data-id=\"1a4cd23c\" data-element_type=\"widget\" data-widget_type=\"icon.default\">\n\t\t\t\t<div class=\"elementor-widget-container\">\n\t\t\t\t\t\t\t<div class=\"elementor-icon-wrapper\">\n\t\t\t<div class=\"elementor-icon\">\n\t\t\t<i aria-hidden=\"true\" class=\"fas fa-angle-double-right\"><\/i>\t\t\t<\/div>\n\t\t<\/div>\n\t\t\t\t\t\t<\/div>\n\t\t\t\t<\/div>\n\t\t\t\t\t<\/div>\n\t\t\t\t<\/div>\n\t\t\t\t<\/a>\n\t\t<a class=\"elementor-element elementor-element-62bec667 e-con-full e-flex elementor-invisible e-con e-child\" data-id=\"62bec667\" data-element_type=\"container\" data-settings=\"{&quot;animation&quot;:&quot;fadeIn&quot;}\" href=\"https:\/\/omel.com.br\/es\/bombas-dosificadoras\/\">\n\t\t\t\t<div class=\"elementor-element elementor-element-2ead8 elementor-widget elementor-widget-image\" data-id=\"2ead8\" data-element_type=\"widget\" data-widget_type=\"image.default\">\n\t\t\t\t<div class=\"elementor-widget-container\">\n\t\t\t\t\t\t\t\t\t\t\t\t\t\t\t<img decoding=\"async\" width=\"768\" height=\"413\" src=\"https:\/\/omel.com.br\/wp-content\/uploads\/2023\/06\/bombas-dosadoras-omel-e1688952323954-768x413.webp\" class=\"attachment-medium_large size-medium_large wp-image-7502\" alt=\"\" srcset=\"https:\/\/omel.com.br\/wp-content\/uploads\/2023\/06\/bombas-dosadoras-omel-e1688952323954-768x413.webp 768w, https:\/\/omel.com.br\/wp-content\/uploads\/2023\/06\/bombas-dosadoras-omel-e1688952323954-300x161.webp 300w, https:\/\/omel.com.br\/wp-content\/uploads\/2023\/06\/bombas-dosadoras-omel-e1688952323954-1024x550.webp 1024w, https:\/\/omel.com.br\/wp-content\/uploads\/2023\/06\/bombas-dosadoras-omel-e1688952323954-jpg.webp 1200w\" sizes=\"(max-width: 768px) 100vw, 768px\" \/>\t\t\t\t\t\t\t\t\t\t\t\t\t\t\t<\/div>\n\t\t\t\t<\/div>\n\t\t<div class=\"elementor-element elementor-element-78676e70 e-flex e-con-boxed e-con e-child\" data-id=\"78676e70\" data-element_type=\"container\" data-settings=\"{&quot;background_background&quot;:&quot;classic&quot;}\">\n\t\t\t\t\t<div class=\"e-con-inner\">\n\t\t<div class=\"elementor-element elementor-element-4eeae9b9 e-flex e-con-boxed e-con e-child\" data-id=\"4eeae9b9\" data-element_type=\"container\">\n\t\t\t\t\t<div class=\"e-con-inner\">\n\t\t\t\t<div class=\"elementor-element elementor-element-58d56469 elementor-widget elementor-widget-heading\" data-id=\"58d56469\" data-element_type=\"widget\" data-widget_type=\"heading.default\">\n\t\t\t\t<div class=\"elementor-widget-container\">\n\t\t\t\t\t<h2 class=\"elementor-heading-title elementor-size-default\">Bombas dosificadoras<\/h2>\t\t\t\t<\/div>\n\t\t\t\t<\/div>\n\t\t\t\t<div class=\"elementor-element elementor-element-1ba962e8 elementor-widget elementor-widget-heading\" data-id=\"1ba962e8\" data-element_type=\"widget\" data-widget_type=\"heading.default\">\n\t\t\t\t<div class=\"elementor-widget-container\">\n\t\t\t\t\t<h2 class=\"elementor-heading-title elementor-size-default\">Diafragma o pist\u00f3n, tambi\u00e9n aptas para API<\/h2>\t\t\t\t<\/div>\n\t\t\t\t<\/div>\n\t\t\t\t\t<\/div>\n\t\t\t\t<\/div>\n\t\t\t\t<div class=\"elementor-element elementor-element-6caab6ac elementor-view-default elementor-widget elementor-widget-icon\" data-id=\"6caab6ac\" data-element_type=\"widget\" data-widget_type=\"icon.default\">\n\t\t\t\t<div class=\"elementor-widget-container\">\n\t\t\t\t\t\t\t<div class=\"elementor-icon-wrapper\">\n\t\t\t<div class=\"elementor-icon\">\n\t\t\t<i aria-hidden=\"true\" class=\"fas fa-angle-double-right\"><\/i>\t\t\t<\/div>\n\t\t<\/div>\n\t\t\t\t\t\t<\/div>\n\t\t\t\t<\/div>\n\t\t\t\t\t<\/div>\n\t\t\t\t<\/div>\n\t\t\t\t<\/a>\n\t\t<a class=\"elementor-element elementor-element-63aff717 e-con-full e-flex elementor-invisible e-con e-child\" data-id=\"63aff717\" data-element_type=\"container\" data-settings=\"{&quot;animation&quot;:&quot;fadeIn&quot;}\" href=\"https:\/\/omel.com.br\/es\/valvulas-de-manguito\/\">\n\t\t\t\t<div class=\"elementor-element elementor-element-5a44add elementor-widget elementor-widget-image\" data-id=\"5a44add\" data-element_type=\"widget\" data-widget_type=\"image.default\">\n\t\t\t\t<div class=\"elementor-widget-container\">\n\t\t\t\t\t\t\t\t\t\t\t\t\t\t\t<img loading=\"lazy\" decoding=\"async\" width=\"768\" height=\"413\" src=\"https:\/\/omel.com.br\/wp-content\/uploads\/2023\/06\/valvulas-de-mangote-omel-e1688952338312-768x413.webp\" class=\"attachment-medium_large size-medium_large wp-image-7508\" alt=\"\" srcset=\"https:\/\/omel.com.br\/wp-content\/uploads\/2023\/06\/valvulas-de-mangote-omel-e1688952338312-768x413.webp 768w, https:\/\/omel.com.br\/wp-content\/uploads\/2023\/06\/valvulas-de-mangote-omel-e1688952338312-300x161.webp 300w, https:\/\/omel.com.br\/wp-content\/uploads\/2023\/06\/valvulas-de-mangote-omel-e1688952338312-1024x550.webp 1024w, https:\/\/omel.com.br\/wp-content\/uploads\/2023\/06\/valvulas-de-mangote-omel-e1688952338312-jpg.webp 1200w\" sizes=\"(max-width: 768px) 100vw, 768px\" \/>\t\t\t\t\t\t\t\t\t\t\t\t\t\t\t<\/div>\n\t\t\t\t<\/div>\n\t\t<div class=\"elementor-element elementor-element-4a67e4b e-flex e-con-boxed e-con e-child\" data-id=\"4a67e4b\" data-element_type=\"container\" data-settings=\"{&quot;background_background&quot;:&quot;classic&quot;}\">\n\t\t\t\t\t<div class=\"e-con-inner\">\n\t\t<div class=\"elementor-element elementor-element-6141ec73 e-flex e-con-boxed e-con e-child\" data-id=\"6141ec73\" data-element_type=\"container\">\n\t\t\t\t\t<div class=\"e-con-inner\">\n\t\t\t\t<div class=\"elementor-element elementor-element-13250450 elementor-widget elementor-widget-heading\" data-id=\"13250450\" data-element_type=\"widget\" data-widget_type=\"heading.default\">\n\t\t\t\t<div class=\"elementor-widget-container\">\n\t\t\t\t\t<h2 class=\"elementor-heading-title elementor-size-default\">V\u00e1lvulas de manguito<\/h2>\t\t\t\t<\/div>\n\t\t\t\t<\/div>\n\t\t\t\t<div class=\"elementor-element elementor-element-91dce77 elementor-widget elementor-widget-heading\" data-id=\"91dce77\" data-element_type=\"widget\" data-widget_type=\"heading.default\">\n\t\t\t\t<div class=\"elementor-widget-container\">\n\t\t\t\t\t<h2 class=\"elementor-heading-title elementor-size-default\">Alta gama de procesos <br>\n<br><\/h2>\t\t\t\t<\/div>\n\t\t\t\t<\/div>\n\t\t\t\t\t<\/div>\n\t\t\t\t<\/div>\n\t\t\t\t<div class=\"elementor-element elementor-element-59688613 elementor-view-default elementor-widget elementor-widget-icon\" data-id=\"59688613\" data-element_type=\"widget\" data-widget_type=\"icon.default\">\n\t\t\t\t<div class=\"elementor-widget-container\">\n\t\t\t\t\t\t\t<div class=\"elementor-icon-wrapper\">\n\t\t\t<div class=\"elementor-icon\">\n\t\t\t<i aria-hidden=\"true\" class=\"fas fa-angle-double-right\"><\/i>\t\t\t<\/div>\n\t\t<\/div>\n\t\t\t\t\t\t<\/div>\n\t\t\t\t<\/div>\n\t\t\t\t\t<\/div>\n\t\t\t\t<\/div>\n\t\t\t\t<\/a>\n\t\t\t\t<\/div>\n\t\t\t\t<\/div>\n\t\t<div class=\"elementor-element elementor-element-613e7697 e-con-full e-flex e-con e-parent\" data-id=\"613e7697\" data-element_type=\"container\" data-settings=\"{&quot;background_background&quot;:&quot;classic&quot;}\">\n\t\t<div class=\"elementor-element elementor-element-4fc78553 e-con-full e-flex e-con e-child\" data-id=\"4fc78553\" data-element_type=\"container\">\n\t\t\t\t<div class=\"elementor-element elementor-element-6502a985 elementor-widget elementor-widget-heading\" data-id=\"6502a985\" data-element_type=\"widget\" data-widget_type=\"heading.default\">\n\t\t\t\t<div class=\"elementor-widget-container\">\n\t\t\t\t\t<h2 class=\"elementor-heading-title elementor-size-default\">Solicita una propuesta personalizada<\/h2>\t\t\t\t<\/div>\n\t\t\t\t<\/div>\n\t\t\t\t<div class=\"elementor-element elementor-element-5f0dc914 elementor-widget elementor-widget-heading\" data-id=\"5f0dc914\" data-element_type=\"widget\" data-widget_type=\"heading.default\">\n\t\t\t\t<div class=\"elementor-widget-container\">\n\t\t\t\t\t<h2 class=\"elementor-heading-title elementor-size-default\">O haga clic en el bot\u00f3n de WhatsApp y hable con nuestro equipo de expertos sobre las necesidades de su aplicaci\u00f3n ahora.<\/h2>\t\t\t\t<\/div>\n\t\t\t\t<\/div>\n\t\t\t\t<div class=\"elementor-element elementor-element-78ce490c elementor-align-center elementor-widget elementor-widget-button\" data-id=\"78ce490c\" data-element_type=\"widget\" data-widget_type=\"button.default\">\n\t\t\t\t<div class=\"elementor-widget-container\">\n\t\t\t\t\t\t\t\t\t<div class=\"elementor-button-wrapper\">\n\t\t\t\t\t<a class=\"elementor-button elementor-button-link elementor-size-sm\" href=\"https:\/\/omel.com.br\/es\/contacto\/\">\n\t\t\t\t\t\t<span class=\"elementor-button-content-wrapper\">\n\t\t\t\t\t\t\t\t\t<span class=\"elementor-button-text\">Cont\u00e1ctenos<\/span>\n\t\t\t\t\t<\/span>\n\t\t\t\t\t<\/a>\n\t\t\t\t<\/div>\n\t\t\t\t\t\t\t\t<\/div>\n\t\t\t\t<\/div>\n\t\t\t\t<\/div>\n\t\t\t\t<\/div>\n\t\t\t\t<\/div>\n\t\t","protected":false},"excerpt":{"rendered":"<p>Cer\u00e1mico La industria de productos cer\u00e1micos se encarga de la producci\u00f3n de distintos tipos de productos, como ladrillos, tejas, pisos, revestimientos, sanitarios, porcelanatos y artesan\u00edas. Este mercado utiliza diferentes procesos de fabricaci\u00f3n, dependiendo del tipo de producto y del nivel de sofisticaci\u00f3n deseado. Los principales procesos industriales son el conformado, que da forma al producto; [&hellip;]<\/p>\n","protected":false},"author":1,"featured_media":0,"parent":9091,"menu_order":0,"comment_status":"closed","ping_status":"closed","template":"","meta":{"footnotes":""},"class_list":["post-9135","page","type-page","status-publish","hentry"],"_links":{"self":[{"href":"https:\/\/omel.com.br\/es\/wp-json\/wp\/v2\/pages\/9135","targetHints":{"allow":["GET"]}}],"collection":[{"href":"https:\/\/omel.com.br\/es\/wp-json\/wp\/v2\/pages"}],"about":[{"href":"https:\/\/omel.com.br\/es\/wp-json\/wp\/v2\/types\/page"}],"author":[{"embeddable":true,"href":"https:\/\/omel.com.br\/es\/wp-json\/wp\/v2\/users\/1"}],"replies":[{"embeddable":true,"href":"https:\/\/omel.com.br\/es\/wp-json\/wp\/v2\/comments?post=9135"}],"version-history":[{"count":2,"href":"https:\/\/omel.com.br\/es\/wp-json\/wp\/v2\/pages\/9135\/revisions"}],"predecessor-version":[{"id":9353,"href":"https:\/\/omel.com.br\/es\/wp-json\/wp\/v2\/pages\/9135\/revisions\/9353"}],"up":[{"embeddable":true,"href":"https:\/\/omel.com.br\/es\/wp-json\/wp\/v2\/pages\/9091"}],"wp:attachment":[{"href":"https:\/\/omel.com.br\/es\/wp-json\/wp\/v2\/media?parent=9135"}],"curies":[{"name":"wp","href":"https:\/\/api.w.org\/{rel}","templated":true}]}}