{"id":9139,"date":"2023-07-24T09:40:25","date_gmt":"2023-07-24T12:40:25","guid":{"rendered":"https:\/\/omel.com.br\/aplicaciones-y-mercados\/farmaceutico-y-cosmetico\/"},"modified":"2024-11-03T13:44:43","modified_gmt":"2024-11-03T16:44:43","slug":"farmaceutico-y-cosmetico","status":"publish","type":"page","link":"https:\/\/omel.com.br\/es\/aplicaciones-y-mercados\/farmaceutico-y-cosmetico\/","title":{"rendered":"Farmac\u00e9utico y Cosm\u00e9tico"},"content":{"rendered":"\t\t<div data-elementor-type=\"wp-page\" data-elementor-id=\"9139\" class=\"elementor elementor-9139 elementor-888\" data-elementor-post-type=\"page\">\n\t\t\t\t<div class=\"elementor-element elementor-element-4843154f animated-fast e-flex e-con-boxed elementor-invisible e-con e-parent\" data-id=\"4843154f\" data-element_type=\"container\" data-settings=\"{&quot;background_background&quot;:&quot;classic&quot;,&quot;animation&quot;:&quot;fadeIn&quot;}\">\n\t\t\t\t\t<div class=\"e-con-inner\">\n\t\t\t\t\t<\/div>\n\t\t\t\t<\/div>\n\t\t<div class=\"elementor-element elementor-element-7e4bac3c e-con-full e-flex e-con e-parent\" data-id=\"7e4bac3c\" data-element_type=\"container\" data-settings=\"{&quot;background_background&quot;:&quot;classic&quot;}\">\n\t\t\t\t<div class=\"elementor-element elementor-element-6c64c025 breadcrumb-style elementor-widget elementor-widget-global elementor-global-1021 elementor-widget-shortcode\" data-id=\"6c64c025\" data-element_type=\"widget\" data-widget_type=\"shortcode.default\">\n\t\t\t\t<div class=\"elementor-widget-container\">\n\t\t\t\t\t\t\t<div class=\"elementor-shortcode\"><nav aria-label=\"breadcrumbs\" class=\"rank-math-breadcrumb\"><p><span class=\"last\">P\u00e1gina Inicial<\/span><\/p><\/nav><\/div>\n\t\t\t\t\t\t<\/div>\n\t\t\t\t<\/div>\n\t\t\t\t<div class=\"elementor-element elementor-element-7379062d elementor-widget elementor-widget-heading\" data-id=\"7379062d\" data-element_type=\"widget\" data-widget_type=\"heading.default\">\n\t\t\t\t<div class=\"elementor-widget-container\">\n\t\t\t\t\t<h1 class=\"elementor-heading-title elementor-size-default\">Farmac\u00e9utico y Cosm\u00e9tico<\/h1>\t\t\t\t<\/div>\n\t\t\t\t<\/div>\n\t\t\t\t<\/div>\n\t\t<div class=\"elementor-element elementor-element-65e5ab36 e-con-full e-flex e-con e-parent\" data-id=\"65e5ab36\" data-element_type=\"container\" data-settings=\"{&quot;background_background&quot;:&quot;classic&quot;}\">\n\t\t<div class=\"elementor-element elementor-element-6da2152d e-con-full e-flex e-con e-child\" data-id=\"6da2152d\" data-element_type=\"container\">\n\t\t\t\t<div class=\"elementor-element elementor-element-d853f34 elementor-widget elementor-widget-text-editor\" data-id=\"d853f34\" data-element_type=\"widget\" data-widget_type=\"text-editor.default\">\n\t\t\t\t<div class=\"elementor-widget-container\">\n\t\t\t\t\t\t\t\t\t<p>La industria farmac\u00e9utica involucra diversas actividades, como la producci\u00f3n de sueros, vacunas, anticonceptivos, fitoter\u00e1picos, kits de diagn\u00f3stico m\u00e9dico, entre otras. La industria cosm\u00e9tica, por su parte, est\u00e1 enfocada a la producci\u00f3n de art\u00edculos de higiene personal, perfumer\u00eda y cosm\u00e9tica que tienen como objetivo mejorar la apariencia y el bienestar de las personas. <\/p>\n\t\t\t\t\t\t\t\t<\/div>\n\t\t\t\t<\/div>\n\t\t\t\t<div class=\"elementor-element elementor-element-1cd5c7d6 elementor-widget elementor-widget-text-editor\" data-id=\"1cd5c7d6\" data-element_type=\"widget\" data-widget_type=\"text-editor.default\">\n\t\t\t\t<div class=\"elementor-widget-container\">\n\t\t\t\t\t\t\t\t\t<p>Las industrias del sector son responsables de las etapas de investigaci\u00f3n, desarrollo, fabricaci\u00f3n y distribuci\u00f3n. <span style=\"color: var( --e-global-color-153ec38 ); text-align: var(--text-align); background-color: var( --e-global-color-3ba0195 );\">Para trabajar en estos sectores es necesario tener conocimientos espec\u00edficos sobre materias primas, t\u00e9cnicas de producci\u00f3n,<\/span> <span style=\"color: var( --e-global-color-153ec38 ); text-align: var(--text-align); background-color: var( --e-global-color-3ba0195 );\">control de calidad, legislaci\u00f3n sanitaria, innovaci\u00f3n y tendencias del mercado.<\/span><\/p>\n\t\t\t\t\t\t\t\t<\/div>\n\t\t\t\t<\/div>\n\t\t\t\t<div class=\"elementor-element elementor-element-333ba5ba elementor-widget elementor-widget-text-editor\" data-id=\"333ba5ba\" data-element_type=\"widget\" data-widget_type=\"text-editor.default\">\n\t\t\t\t<div class=\"elementor-widget-container\">\n\t\t\t\t\t\t\t\t\t<p>Aplicaciones principales<\/p>\n\t\t\t\t\t\t\t\t<\/div>\n\t\t\t\t<\/div>\n\t\t\t\t<div class=\"elementor-element elementor-element-2684d38e elementor-widget elementor-widget-text-editor\" data-id=\"2684d38e\" data-element_type=\"widget\" data-widget_type=\"text-editor.default\">\n\t\t\t\t<div class=\"elementor-widget-container\">\n\t\t\t\t\t\t\t\t\t<ul>\n<li>Procesos de destilaci\u00f3n;<\/li>\n<li>Procesos de esterilizaci\u00f3n;<\/li>\n<li>Cebado de bombas y sistemas;<\/li>\n<li>Autoclaves;<\/li>\n<li>Tratamiento de efluentes;<\/li>\n<li>Medici\u00f3n instant\u00e1nea del flujo de l\u00edquidos y gases;<\/li>\n<li>Transporte neum\u00e1tico de materiales a granel;<\/li>\n<li>Reactores para batidoras de nata;<\/li>\n<li>Macetas<\/li>\n<\/ul>\n\t\t\t\t\t\t\t\t<\/div>\n\t\t\t\t<\/div>\n\t\t\t\t<\/div>\n\t\t\t\t<\/div>\n\t\t<div class=\"elementor-element elementor-element-2a815bee e-con-full e-flex e-con e-parent\" data-id=\"2a815bee\" data-element_type=\"container\" data-settings=\"{&quot;background_background&quot;:&quot;classic&quot;}\">\n\t\t<div class=\"elementor-element elementor-element-1e171033 e-con-full e-flex e-con e-child\" data-id=\"1e171033\" data-element_type=\"container\">\n\t\t\t\t<div class=\"elementor-element elementor-element-3944c09f elementor-widget elementor-widget-heading\" data-id=\"3944c09f\" data-element_type=\"widget\" data-widget_type=\"heading.default\">\n\t\t\t\t<div class=\"elementor-widget-container\">\n\t\t\t\t\t<h2 class=\"elementor-heading-title elementor-size-default\">Los productos <strong style=\"font-weight:800\">OMEL <\/strong>en el mercado Farmac\u00e9utico y Cosm\u00e9tico<br><\/h2>\t\t\t\t<\/div>\n\t\t\t\t<\/div>\n\t\t\t\t<\/div>\n\t\t\t\t<\/div>\n\t\t<div class=\"elementor-element elementor-element-5b35f2ef e-con-full e-flex e-con e-parent\" data-id=\"5b35f2ef\" data-element_type=\"container\" data-settings=\"{&quot;background_background&quot;:&quot;classic&quot;}\">\n\t\t<div class=\"elementor-element elementor-element-3ac2da58 e-con-full e-flex e-con e-child\" data-id=\"3ac2da58\" data-element_type=\"container\">\n\t\t<a class=\"elementor-element elementor-element-24b5a32d e-con-full e-flex elementor-invisible e-con e-child\" data-id=\"24b5a32d\" data-element_type=\"container\" data-settings=\"{&quot;animation&quot;:&quot;fadeIn&quot;}\" href=\"https:\/\/omel.com.br\/es\/bombas-de-vacio\/\">\n\t\t\t\t<div class=\"elementor-element elementor-element-3ccdfd59 elementor-widget elementor-widget-image\" data-id=\"3ccdfd59\" data-element_type=\"widget\" data-widget_type=\"image.default\">\n\t\t\t\t<div class=\"elementor-widget-container\">\n\t\t\t\t\t\t\t\t\t\t\t\t\t\t\t<img fetchpriority=\"high\" decoding=\"async\" width=\"768\" height=\"413\" src=\"https:\/\/omel.com.br\/wp-content\/uploads\/2023\/06\/bombas-de-vacuo-omel-e1688952285778-768x413.webp\" class=\"attachment-medium_large size-medium_large wp-image-7500\" alt=\"\" srcset=\"https:\/\/omel.com.br\/wp-content\/uploads\/2023\/06\/bombas-de-vacuo-omel-e1688952285778-768x413.webp 768w, https:\/\/omel.com.br\/wp-content\/uploads\/2023\/06\/bombas-de-vacuo-omel-e1688952285778-300x161.webp 300w, https:\/\/omel.com.br\/wp-content\/uploads\/2023\/06\/bombas-de-vacuo-omel-e1688952285778-1024x550.webp 1024w, https:\/\/omel.com.br\/wp-content\/uploads\/2023\/06\/bombas-de-vacuo-omel-e1688952285778-jpg.webp 1200w\" sizes=\"(max-width: 768px) 100vw, 768px\" \/>\t\t\t\t\t\t\t\t\t\t\t\t\t\t\t<\/div>\n\t\t\t\t<\/div>\n\t\t<div class=\"elementor-element elementor-element-44bae582 e-flex e-con-boxed e-con e-child\" data-id=\"44bae582\" data-element_type=\"container\" data-settings=\"{&quot;background_background&quot;:&quot;classic&quot;}\">\n\t\t\t\t\t<div class=\"e-con-inner\">\n\t\t<div class=\"elementor-element elementor-element-4cdcfb3d e-flex e-con-boxed e-con e-child\" data-id=\"4cdcfb3d\" data-element_type=\"container\">\n\t\t\t\t\t<div class=\"e-con-inner\">\n\t\t\t\t<div class=\"elementor-element elementor-element-696da303 elementor-widget elementor-widget-heading\" data-id=\"696da303\" data-element_type=\"widget\" data-widget_type=\"heading.default\">\n\t\t\t\t<div class=\"elementor-widget-container\">\n\t\t\t\t\t<h2 class=\"elementor-heading-title elementor-size-default\">Bombas de vac\u00edo<\/h2>\t\t\t\t<\/div>\n\t\t\t\t<\/div>\n\t\t\t\t<div class=\"elementor-element elementor-element-5698bd05 elementor-widget elementor-widget-heading\" data-id=\"5698bd05\" data-element_type=\"widget\" data-widget_type=\"heading.default\">\n\t\t\t\t<div class=\"elementor-widget-container\">\n\t\t\t\t\t<h2 class=\"elementor-heading-title elementor-size-default\">Para bajo, medio y alto flujo <br>\n<br><\/h2>\t\t\t\t<\/div>\n\t\t\t\t<\/div>\n\t\t\t\t\t<\/div>\n\t\t\t\t<\/div>\n\t\t\t\t<div class=\"elementor-element elementor-element-497f3e6b elementor-view-default elementor-widget elementor-widget-icon\" data-id=\"497f3e6b\" data-element_type=\"widget\" data-widget_type=\"icon.default\">\n\t\t\t\t<div class=\"elementor-widget-container\">\n\t\t\t\t\t\t\t<div class=\"elementor-icon-wrapper\">\n\t\t\t<div class=\"elementor-icon\">\n\t\t\t<i aria-hidden=\"true\" class=\"fas fa-angle-double-right\"><\/i>\t\t\t<\/div>\n\t\t<\/div>\n\t\t\t\t\t\t<\/div>\n\t\t\t\t<\/div>\n\t\t\t\t\t<\/div>\n\t\t\t\t<\/div>\n\t\t\t\t<\/a>\n\t\t<a class=\"elementor-element elementor-element-777a0373 e-con-full e-flex elementor-invisible e-con e-child\" data-id=\"777a0373\" data-element_type=\"container\" data-settings=\"{&quot;animation&quot;:&quot;fadeIn&quot;}\" href=\"https:\/\/omel.com.br\/es\/sopladores-tipo-roots\/\">\n\t\t\t\t<div class=\"elementor-element elementor-element-67371f40 elementor-widget elementor-widget-image\" data-id=\"67371f40\" data-element_type=\"widget\" data-widget_type=\"image.default\">\n\t\t\t\t<div class=\"elementor-widget-container\">\n\t\t\t\t\t\t\t\t\t\t\t\t\t\t\t<img decoding=\"async\" width=\"768\" height=\"413\" src=\"https:\/\/omel.com.br\/wp-content\/uploads\/2023\/06\/sopradores-tipo-roots-omel-e1688952304999-768x413.webp\" class=\"attachment-medium_large size-medium_large wp-image-7506\" alt=\"\" srcset=\"https:\/\/omel.com.br\/wp-content\/uploads\/2023\/06\/sopradores-tipo-roots-omel-e1688952304999-768x413.webp 768w, https:\/\/omel.com.br\/wp-content\/uploads\/2023\/06\/sopradores-tipo-roots-omel-e1688952304999-300x161.webp 300w, https:\/\/omel.com.br\/wp-content\/uploads\/2023\/06\/sopradores-tipo-roots-omel-e1688952304999-1024x550.webp 1024w, https:\/\/omel.com.br\/wp-content\/uploads\/2023\/06\/sopradores-tipo-roots-omel-e1688952304999-jpg.webp 1200w\" sizes=\"(max-width: 768px) 100vw, 768px\" \/>\t\t\t\t\t\t\t\t\t\t\t\t\t\t\t<\/div>\n\t\t\t\t<\/div>\n\t\t<div class=\"elementor-element elementor-element-d245a0d e-flex e-con-boxed e-con e-child\" data-id=\"d245a0d\" data-element_type=\"container\" data-settings=\"{&quot;background_background&quot;:&quot;classic&quot;}\">\n\t\t\t\t\t<div class=\"e-con-inner\">\n\t\t<div class=\"elementor-element elementor-element-2ec74992 e-flex e-con-boxed e-con e-child\" data-id=\"2ec74992\" data-element_type=\"container\">\n\t\t\t\t\t<div class=\"e-con-inner\">\n\t\t\t\t<div class=\"elementor-element elementor-element-540d5307 elementor-widget elementor-widget-heading\" data-id=\"540d5307\" data-element_type=\"widget\" data-widget_type=\"heading.default\">\n\t\t\t\t<div class=\"elementor-widget-container\">\n\t\t\t\t\t<h2 class=\"elementor-heading-title elementor-size-default\">Sopladores tipo \"Ra\u00edces\"<\/h2>\t\t\t\t<\/div>\n\t\t\t\t<\/div>\n\t\t\t\t<div class=\"elementor-element elementor-element-2451991b elementor-widget elementor-widget-heading\" data-id=\"2451991b\" data-element_type=\"widget\" data-widget_type=\"heading.default\">\n\t\t\t\t<div class=\"elementor-widget-container\">\n\t\t\t\t\t<h2 class=\"elementor-heading-title elementor-size-default\">Soplantes, cabinas y accesorios <br>\n<br><\/h2>\t\t\t\t<\/div>\n\t\t\t\t<\/div>\n\t\t\t\t\t<\/div>\n\t\t\t\t<\/div>\n\t\t\t\t<div class=\"elementor-element elementor-element-6af3463d elementor-view-default elementor-widget elementor-widget-icon\" data-id=\"6af3463d\" data-element_type=\"widget\" data-widget_type=\"icon.default\">\n\t\t\t\t<div class=\"elementor-widget-container\">\n\t\t\t\t\t\t\t<div class=\"elementor-icon-wrapper\">\n\t\t\t<div class=\"elementor-icon\">\n\t\t\t<i aria-hidden=\"true\" class=\"fas fa-angle-double-right\"><\/i>\t\t\t<\/div>\n\t\t<\/div>\n\t\t\t\t\t\t<\/div>\n\t\t\t\t<\/div>\n\t\t\t\t\t<\/div>\n\t\t\t\t<\/div>\n\t\t\t\t<\/a>\n\t\t<a class=\"elementor-element elementor-element-79893138 e-con-full e-flex elementor-invisible e-con e-child\" data-id=\"79893138\" data-element_type=\"container\" data-settings=\"{&quot;animation&quot;:&quot;fadeIn&quot;}\" href=\"https:\/\/omel.com.br\/es\/bombas-dosificadoras\/\">\n\t\t\t\t<div class=\"elementor-element elementor-element-6a693edb elementor-widget elementor-widget-image\" data-id=\"6a693edb\" data-element_type=\"widget\" data-widget_type=\"image.default\">\n\t\t\t\t<div class=\"elementor-widget-container\">\n\t\t\t\t\t\t\t\t\t\t\t\t\t\t\t<img decoding=\"async\" width=\"768\" height=\"413\" src=\"https:\/\/omel.com.br\/wp-content\/uploads\/2023\/06\/bombas-dosadoras-omel-e1688952323954-768x413.webp\" class=\"attachment-medium_large size-medium_large wp-image-7502\" alt=\"\" srcset=\"https:\/\/omel.com.br\/wp-content\/uploads\/2023\/06\/bombas-dosadoras-omel-e1688952323954-768x413.webp 768w, https:\/\/omel.com.br\/wp-content\/uploads\/2023\/06\/bombas-dosadoras-omel-e1688952323954-300x161.webp 300w, https:\/\/omel.com.br\/wp-content\/uploads\/2023\/06\/bombas-dosadoras-omel-e1688952323954-1024x550.webp 1024w, https:\/\/omel.com.br\/wp-content\/uploads\/2023\/06\/bombas-dosadoras-omel-e1688952323954-jpg.webp 1200w\" sizes=\"(max-width: 768px) 100vw, 768px\" \/>\t\t\t\t\t\t\t\t\t\t\t\t\t\t\t<\/div>\n\t\t\t\t<\/div>\n\t\t<div class=\"elementor-element elementor-element-53727660 e-flex e-con-boxed e-con e-child\" data-id=\"53727660\" data-element_type=\"container\" data-settings=\"{&quot;background_background&quot;:&quot;classic&quot;}\">\n\t\t\t\t\t<div class=\"e-con-inner\">\n\t\t<div class=\"elementor-element elementor-element-740b1114 e-flex e-con-boxed e-con e-child\" data-id=\"740b1114\" data-element_type=\"container\">\n\t\t\t\t\t<div class=\"e-con-inner\">\n\t\t\t\t<div class=\"elementor-element elementor-element-2233128d elementor-widget elementor-widget-heading\" data-id=\"2233128d\" data-element_type=\"widget\" data-widget_type=\"heading.default\">\n\t\t\t\t<div class=\"elementor-widget-container\">\n\t\t\t\t\t<h2 class=\"elementor-heading-title elementor-size-default\">Bombas dosificadoras<\/h2>\t\t\t\t<\/div>\n\t\t\t\t<\/div>\n\t\t\t\t<div class=\"elementor-element elementor-element-5033e84d elementor-widget elementor-widget-heading\" data-id=\"5033e84d\" data-element_type=\"widget\" data-widget_type=\"heading.default\">\n\t\t\t\t<div class=\"elementor-widget-container\">\n\t\t\t\t\t<h2 class=\"elementor-heading-title elementor-size-default\">Diafragma o pist\u00f3n, tambi\u00e9n aptas para API<\/h2>\t\t\t\t<\/div>\n\t\t\t\t<\/div>\n\t\t\t\t\t<\/div>\n\t\t\t\t<\/div>\n\t\t\t\t<div class=\"elementor-element elementor-element-7c0fd6e8 elementor-view-default elementor-widget elementor-widget-icon\" data-id=\"7c0fd6e8\" data-element_type=\"widget\" data-widget_type=\"icon.default\">\n\t\t\t\t<div class=\"elementor-widget-container\">\n\t\t\t\t\t\t\t<div class=\"elementor-icon-wrapper\">\n\t\t\t<div class=\"elementor-icon\">\n\t\t\t<i aria-hidden=\"true\" class=\"fas fa-angle-double-right\"><\/i>\t\t\t<\/div>\n\t\t<\/div>\n\t\t\t\t\t\t<\/div>\n\t\t\t\t<\/div>\n\t\t\t\t\t<\/div>\n\t\t\t\t<\/div>\n\t\t\t\t<\/a>\n\t\t<a class=\"elementor-element elementor-element-561d823a e-con-full e-flex elementor-invisible e-con e-child\" data-id=\"561d823a\" data-element_type=\"container\" data-settings=\"{&quot;animation&quot;:&quot;fadeIn&quot;}\" href=\"https:\/\/omel.com.br\/es\/rotametros\/\">\n\t\t\t\t<div class=\"elementor-element elementor-element-66c2854 elementor-widget elementor-widget-image\" data-id=\"66c2854\" data-element_type=\"widget\" data-widget_type=\"image.default\">\n\t\t\t\t<div class=\"elementor-widget-container\">\n\t\t\t\t\t\t\t\t\t\t\t\t\t\t\t<img loading=\"lazy\" decoding=\"async\" width=\"768\" height=\"413\" src=\"https:\/\/omel.com.br\/wp-content\/uploads\/2023\/06\/rotametros-omel-e1688952358472-768x413.webp\" class=\"attachment-medium_large size-medium_large wp-image-7504\" alt=\"\" srcset=\"https:\/\/omel.com.br\/wp-content\/uploads\/2023\/06\/rotametros-omel-e1688952358472-768x413.webp 768w, https:\/\/omel.com.br\/wp-content\/uploads\/2023\/06\/rotametros-omel-e1688952358472-300x161.webp 300w, https:\/\/omel.com.br\/wp-content\/uploads\/2023\/06\/rotametros-omel-e1688952358472-1024x550.webp 1024w, https:\/\/omel.com.br\/wp-content\/uploads\/2023\/06\/rotametros-omel-e1688952358472-jpg.webp 1200w\" sizes=\"(max-width: 768px) 100vw, 768px\" \/>\t\t\t\t\t\t\t\t\t\t\t\t\t\t\t<\/div>\n\t\t\t\t<\/div>\n\t\t<div class=\"elementor-element elementor-element-77487d6e e-flex e-con-boxed e-con e-child\" data-id=\"77487d6e\" data-element_type=\"container\" data-settings=\"{&quot;background_background&quot;:&quot;classic&quot;}\">\n\t\t\t\t\t<div class=\"e-con-inner\">\n\t\t<div class=\"elementor-element elementor-element-196b2740 e-flex e-con-boxed e-con e-child\" data-id=\"196b2740\" data-element_type=\"container\">\n\t\t\t\t\t<div class=\"e-con-inner\">\n\t\t\t\t<div class=\"elementor-element elementor-element-649212b8 elementor-widget elementor-widget-heading\" data-id=\"649212b8\" data-element_type=\"widget\" data-widget_type=\"heading.default\">\n\t\t\t\t<div class=\"elementor-widget-container\">\n\t\t\t\t\t<h2 class=\"elementor-heading-title elementor-size-default\">Rot\u00e1metros<\/h2>\t\t\t\t<\/div>\n\t\t\t\t<\/div>\n\t\t\t\t<div class=\"elementor-element elementor-element-3c3b9727 elementor-widget elementor-widget-heading\" data-id=\"3c3b9727\" data-element_type=\"widget\" data-widget_type=\"heading.default\">\n\t\t\t\t<div class=\"elementor-widget-container\">\n\t\t\t\t\t<h2 class=\"elementor-heading-title elementor-size-default\">Calibrados para lectura sin tablas de conversi\u00f3n<\/h2>\t\t\t\t<\/div>\n\t\t\t\t<\/div>\n\t\t\t\t\t<\/div>\n\t\t\t\t<\/div>\n\t\t\t\t<div class=\"elementor-element elementor-element-6b0e4bd1 elementor-view-default elementor-widget elementor-widget-icon\" data-id=\"6b0e4bd1\" data-element_type=\"widget\" data-widget_type=\"icon.default\">\n\t\t\t\t<div class=\"elementor-widget-container\">\n\t\t\t\t\t\t\t<div class=\"elementor-icon-wrapper\">\n\t\t\t<div class=\"elementor-icon\">\n\t\t\t<i aria-hidden=\"true\" class=\"fas fa-angle-double-right\"><\/i>\t\t\t<\/div>\n\t\t<\/div>\n\t\t\t\t\t\t<\/div>\n\t\t\t\t<\/div>\n\t\t\t\t\t<\/div>\n\t\t\t\t<\/div>\n\t\t\t\t<\/a>\n\t\t\t\t<\/div>\n\t\t\t\t<\/div>\n\t\t<div class=\"elementor-element elementor-element-5428380d e-con-full e-flex e-con e-parent\" data-id=\"5428380d\" data-element_type=\"container\" data-settings=\"{&quot;background_background&quot;:&quot;classic&quot;}\">\n\t\t<div class=\"elementor-element elementor-element-bdd2834 e-con-full e-flex e-con e-child\" data-id=\"bdd2834\" data-element_type=\"container\">\n\t\t\t\t<div class=\"elementor-element elementor-element-86b7ac elementor-widget elementor-widget-heading\" data-id=\"86b7ac\" data-element_type=\"widget\" data-widget_type=\"heading.default\">\n\t\t\t\t<div class=\"elementor-widget-container\">\n\t\t\t\t\t<h2 class=\"elementor-heading-title elementor-size-default\">Solicita una propuesta personalizada<\/h2>\t\t\t\t<\/div>\n\t\t\t\t<\/div>\n\t\t\t\t<div class=\"elementor-element elementor-element-39b92136 elementor-widget elementor-widget-heading\" data-id=\"39b92136\" data-element_type=\"widget\" data-widget_type=\"heading.default\">\n\t\t\t\t<div class=\"elementor-widget-container\">\n\t\t\t\t\t<h2 class=\"elementor-heading-title elementor-size-default\">O haga clic en el bot\u00f3n de WhatsApp y hable con nuestro equipo de expertos sobre las necesidades de su aplicaci\u00f3n ahora.<\/h2>\t\t\t\t<\/div>\n\t\t\t\t<\/div>\n\t\t\t\t<div class=\"elementor-element elementor-element-4b75df82 elementor-align-center elementor-widget elementor-widget-button\" data-id=\"4b75df82\" data-element_type=\"widget\" data-widget_type=\"button.default\">\n\t\t\t\t<div class=\"elementor-widget-container\">\n\t\t\t\t\t\t\t\t\t<div class=\"elementor-button-wrapper\">\n\t\t\t\t\t<a class=\"elementor-button elementor-button-link elementor-size-sm\" href=\"https:\/\/omel.com.br\/es\/contacto\/\">\n\t\t\t\t\t\t<span class=\"elementor-button-content-wrapper\">\n\t\t\t\t\t\t\t\t\t<span class=\"elementor-button-text\">Cont\u00e1ctenos<\/span>\n\t\t\t\t\t<\/span>\n\t\t\t\t\t<\/a>\n\t\t\t\t<\/div>\n\t\t\t\t\t\t\t\t<\/div>\n\t\t\t\t<\/div>\n\t\t\t\t<\/div>\n\t\t\t\t<\/div>\n\t\t\t\t<\/div>\n\t\t","protected":false},"excerpt":{"rendered":"<p>Farmac\u00e9utico y Cosm\u00e9tico La industria farmac\u00e9utica involucra diversas actividades, como la producci\u00f3n de sueros, vacunas, anticonceptivos, fitoter\u00e1picos, kits de diagn\u00f3stico m\u00e9dico, entre otras. La industria cosm\u00e9tica, por su parte, est\u00e1 enfocada a la producci\u00f3n de art\u00edculos de higiene personal, perfumer\u00eda y cosm\u00e9tica que tienen como objetivo mejorar la apariencia y el bienestar de las personas. [&hellip;]<\/p>\n","protected":false},"author":1,"featured_media":0,"parent":9091,"menu_order":0,"comment_status":"closed","ping_status":"closed","template":"","meta":{"footnotes":""},"class_list":["post-9139","page","type-page","status-publish","hentry"],"_links":{"self":[{"href":"https:\/\/omel.com.br\/es\/wp-json\/wp\/v2\/pages\/9139","targetHints":{"allow":["GET"]}}],"collection":[{"href":"https:\/\/omel.com.br\/es\/wp-json\/wp\/v2\/pages"}],"about":[{"href":"https:\/\/omel.com.br\/es\/wp-json\/wp\/v2\/types\/page"}],"author":[{"embeddable":true,"href":"https:\/\/omel.com.br\/es\/wp-json\/wp\/v2\/users\/1"}],"replies":[{"embeddable":true,"href":"https:\/\/omel.com.br\/es\/wp-json\/wp\/v2\/comments?post=9139"}],"version-history":[{"count":2,"href":"https:\/\/omel.com.br\/es\/wp-json\/wp\/v2\/pages\/9139\/revisions"}],"predecessor-version":[{"id":9354,"href":"https:\/\/omel.com.br\/es\/wp-json\/wp\/v2\/pages\/9139\/revisions\/9354"}],"up":[{"embeddable":true,"href":"https:\/\/omel.com.br\/es\/wp-json\/wp\/v2\/pages\/9091"}],"wp:attachment":[{"href":"https:\/\/omel.com.br\/es\/wp-json\/wp\/v2\/media?parent=9139"}],"curies":[{"name":"wp","href":"https:\/\/api.w.org\/{rel}","templated":true}]}}