{"id":9143,"date":"2023-07-24T09:41:19","date_gmt":"2023-07-24T12:41:19","guid":{"rendered":"https:\/\/omel.com.br\/aplicaciones-y-mercados\/mineria-y-siderurgia\/"},"modified":"2024-11-03T13:44:46","modified_gmt":"2024-11-03T16:44:46","slug":"mineria-y-siderurgia","status":"publish","type":"page","link":"https:\/\/omel.com.br\/es\/aplicaciones-y-mercados\/mineria-y-siderurgia\/","title":{"rendered":"Miner\u00eda y Siderurgia"},"content":{"rendered":"\t\t<div data-elementor-type=\"wp-page\" data-elementor-id=\"9143\" class=\"elementor elementor-9143 elementor-890\" data-elementor-post-type=\"page\">\n\t\t\t\t<div class=\"elementor-element elementor-element-2d8aec00 animated-fast e-flex e-con-boxed elementor-invisible e-con e-parent\" data-id=\"2d8aec00\" data-element_type=\"container\" data-settings=\"{&quot;background_background&quot;:&quot;classic&quot;,&quot;animation&quot;:&quot;fadeIn&quot;}\">\n\t\t\t\t\t<div class=\"e-con-inner\">\n\t\t\t\t\t<\/div>\n\t\t\t\t<\/div>\n\t\t<div class=\"elementor-element elementor-element-b70ed46 e-con-full e-flex e-con e-parent\" data-id=\"b70ed46\" data-element_type=\"container\" data-settings=\"{&quot;background_background&quot;:&quot;classic&quot;}\">\n\t\t\t\t<div class=\"elementor-element elementor-element-7e846c40 breadcrumb-style elementor-widget elementor-widget-global elementor-global-1021 elementor-widget-shortcode\" data-id=\"7e846c40\" data-element_type=\"widget\" data-widget_type=\"shortcode.default\">\n\t\t\t\t<div class=\"elementor-widget-container\">\n\t\t\t\t\t\t\t<div class=\"elementor-shortcode\"><nav aria-label=\"breadcrumbs\" class=\"rank-math-breadcrumb\"><p><span class=\"last\">P\u00e1gina Inicial<\/span><\/p><\/nav><\/div>\n\t\t\t\t\t\t<\/div>\n\t\t\t\t<\/div>\n\t\t\t\t<div class=\"elementor-element elementor-element-1d4b0e6c elementor-widget elementor-widget-heading\" data-id=\"1d4b0e6c\" data-element_type=\"widget\" data-widget_type=\"heading.default\">\n\t\t\t\t<div class=\"elementor-widget-container\">\n\t\t\t\t\t<h1 class=\"elementor-heading-title elementor-size-default\">Miner\u00eda y Siderurgia<\/h1>\t\t\t\t<\/div>\n\t\t\t\t<\/div>\n\t\t\t\t<\/div>\n\t\t<div class=\"elementor-element elementor-element-250fb8 e-con-full e-flex e-con e-parent\" data-id=\"250fb8\" data-element_type=\"container\" data-settings=\"{&quot;background_background&quot;:&quot;classic&quot;}\">\n\t\t<div class=\"elementor-element elementor-element-127ee162 e-con-full e-flex e-con e-child\" data-id=\"127ee162\" data-element_type=\"container\">\n\t\t\t\t<div class=\"elementor-element elementor-element-30731f90 elementor-widget elementor-widget-text-editor\" data-id=\"30731f90\" data-element_type=\"widget\" data-widget_type=\"text-editor.default\">\n\t\t\t\t<div class=\"elementor-widget-container\">\n\t\t\t\t\t\t\t\t\t<p>El mercado minero y sider\u00fargico es uno de los m\u00e1s importantes y estrat\u00e9gicos del mundo, ya que involucra la extracci\u00f3n, procesamiento, transporte y comercializaci\u00f3n de minerales met\u00e1licos y no met\u00e1licos como hierro, cobre, oro, bauxita, carb\u00f3n, entre otros, los cuales son insumos elementales en la producci\u00f3n de acero y otros productos metal\u00fargicos importantes.<\/p>\n\t\t\t\t\t\t\t\t<\/div>\n\t\t\t\t<\/div>\n\t\t\t\t<div class=\"elementor-element elementor-element-1426fc34 elementor-widget elementor-widget-text-editor\" data-id=\"1426fc34\" data-element_type=\"widget\" data-widget_type=\"text-editor.default\">\n\t\t\t\t<div class=\"elementor-widget-container\">\n\t\t\t\t\t\t\t\t\t<p>Sin embargo, las industrias del mercado minero y sider\u00fargico, adem\u00e1s de la competencia de empresas locales e internacionales, tambi\u00e9n enfrentan varios desaf\u00edos como la innovaci\u00f3n tecnol\u00f3gica, la regulaci\u00f3n ambiental, la sostenibilidad y la circularidad. Adem\u00e1s, el segmento se ve afectado por factores externos, como la din\u00e1mica de la oferta y la demanda de minerales y acero, que est\u00e1n influenciados por el crecimiento econ\u00f3mico, la urbanizaci\u00f3n, la industrializaci\u00f3n y la infraestructura del pa\u00eds.<br \/>Para seguir siendo competitivas, adem\u00e1s de las inversiones en investigaci\u00f3n y desarrollo, calidad y seguridad, es fundamental que las industrias del sector mantengan una mejora continua en la eficiencia de sus procesos productivos. <\/p>\n\t\t\t\t\t\t\t\t<\/div>\n\t\t\t\t<\/div>\n\t\t\t\t<div class=\"elementor-element elementor-element-61ac1fec elementor-widget elementor-widget-text-editor\" data-id=\"61ac1fec\" data-element_type=\"widget\" data-widget_type=\"text-editor.default\">\n\t\t\t\t<div class=\"elementor-widget-container\">\n\t\t\t\t\t\t\t\t\t<p>En estos escenarios, OMEL es el socio adecuado ya que ofrece una l\u00ednea completa de equipos y sistemas que ofrecen una gran relaci\u00f3n coste\/beneficio y satisfacen las necesidades de las distintas aplicaciones del sector con un excelente rendimiento.<\/p>\n\t\t\t\t\t\t\t\t<\/div>\n\t\t\t\t<\/div>\n\t\t\t\t<div class=\"elementor-element elementor-element-69baf1ed elementor-widget elementor-widget-text-editor\" data-id=\"69baf1ed\" data-element_type=\"widget\" data-widget_type=\"text-editor.default\">\n\t\t\t\t<div class=\"elementor-widget-container\">\n\t\t\t\t\t\t\t\t\t<p>Aplicaciones principales<\/p>\n\t\t\t\t\t\t\t\t<\/div>\n\t\t\t\t<\/div>\n\t\t\t\t<div class=\"elementor-element elementor-element-21a4bd66 elementor-widget elementor-widget-text-editor\" data-id=\"21a4bd66\" data-element_type=\"widget\" data-widget_type=\"text-editor.default\">\n\t\t\t\t<div class=\"elementor-widget-container\">\n\t\t\t\t\t\t\t\t\t<ul>\n<li>Cebado de bombas y sistemas<\/li>\n<li>Descarga de cisternas y veh\u00edculos que transporten l\u00edquidos sensibles.<\/li>\n<li>En el transporte y recirculaci\u00f3n de fluidos t\u00e9rmicos.<\/li>\n<li>Pozos de recolecci\u00f3n industriales.<\/li>\n<li>Agotamiento de minas y galer\u00edas<\/li>\n<li>Eliminaci\u00f3n de agua de s\u00f3tanos.<\/li>\n<li>Transferencia de l\u00edquidos que contengan s\u00f3lidos en suspensi\u00f3n.<\/li>\n<li>Tratamiento de efluentes.<\/li>\n<li>Medici\u00f3n de flujo instant\u00e1neo de l\u00edquidos y gases<\/li>\n<li>Al soplar hornos en plantas de reducci\u00f3n directa.<\/li>\n<li>En el control del flujo de lodos de mineral y otros fluidos cargados de s\u00f3lidos.<\/li>\n<li>Filtros rotativos.<\/li>\n<\/ul>\n\t\t\t\t\t\t\t\t<\/div>\n\t\t\t\t<\/div>\n\t\t\t\t<\/div>\n\t\t\t\t<\/div>\n\t\t<div class=\"elementor-element elementor-element-6a06e238 e-con-full e-flex e-con e-parent\" data-id=\"6a06e238\" data-element_type=\"container\" data-settings=\"{&quot;background_background&quot;:&quot;classic&quot;}\">\n\t\t<div class=\"elementor-element elementor-element-420ac14d e-con-full e-flex e-con e-child\" data-id=\"420ac14d\" data-element_type=\"container\">\n\t\t\t\t<div class=\"elementor-element elementor-element-591be754 elementor-widget elementor-widget-heading\" data-id=\"591be754\" data-element_type=\"widget\" data-widget_type=\"heading.default\">\n\t\t\t\t<div class=\"elementor-widget-container\">\n\t\t\t\t\t<h2 class=\"elementor-heading-title elementor-size-default\">Los productos <strong style=\"font-weight:800\">OMEL <\/strong>en el mercado Minero y Sider\u00fargico<\/h2>\t\t\t\t<\/div>\n\t\t\t\t<\/div>\n\t\t\t\t<\/div>\n\t\t\t\t<\/div>\n\t\t<div class=\"elementor-element elementor-element-4b2b7c2f e-con-full e-flex e-con e-parent\" data-id=\"4b2b7c2f\" data-element_type=\"container\" data-settings=\"{&quot;background_background&quot;:&quot;classic&quot;}\">\n\t\t<div class=\"elementor-element elementor-element-50ceb692 e-con-full e-flex e-con e-child\" data-id=\"50ceb692\" data-element_type=\"container\">\n\t\t<a class=\"elementor-element elementor-element-4c20733 e-con-full e-flex elementor-invisible e-con e-child\" data-id=\"4c20733\" data-element_type=\"container\" data-settings=\"{&quot;animation&quot;:&quot;fadeIn&quot;}\" href=\"https:\/\/omel.com.br\/es\/bombas-de-vacio\/\">\n\t\t\t\t<div class=\"elementor-element elementor-element-4e3bedde elementor-widget elementor-widget-image\" data-id=\"4e3bedde\" data-element_type=\"widget\" data-widget_type=\"image.default\">\n\t\t\t\t<div class=\"elementor-widget-container\">\n\t\t\t\t\t\t\t\t\t\t\t\t\t\t\t<img fetchpriority=\"high\" decoding=\"async\" width=\"768\" height=\"413\" src=\"https:\/\/omel.com.br\/wp-content\/uploads\/2023\/06\/bombas-de-vacuo-omel-e1688952285778-768x413.webp\" class=\"attachment-medium_large size-medium_large wp-image-7500\" alt=\"\" srcset=\"https:\/\/omel.com.br\/wp-content\/uploads\/2023\/06\/bombas-de-vacuo-omel-e1688952285778-768x413.webp 768w, https:\/\/omel.com.br\/wp-content\/uploads\/2023\/06\/bombas-de-vacuo-omel-e1688952285778-300x161.webp 300w, https:\/\/omel.com.br\/wp-content\/uploads\/2023\/06\/bombas-de-vacuo-omel-e1688952285778-1024x550.webp 1024w, https:\/\/omel.com.br\/wp-content\/uploads\/2023\/06\/bombas-de-vacuo-omel-e1688952285778-jpg.webp 1200w\" sizes=\"(max-width: 768px) 100vw, 768px\" \/>\t\t\t\t\t\t\t\t\t\t\t\t\t\t\t<\/div>\n\t\t\t\t<\/div>\n\t\t<div class=\"elementor-element elementor-element-324788ed e-flex e-con-boxed e-con e-child\" data-id=\"324788ed\" data-element_type=\"container\" data-settings=\"{&quot;background_background&quot;:&quot;classic&quot;}\">\n\t\t\t\t\t<div class=\"e-con-inner\">\n\t\t<div class=\"elementor-element elementor-element-bc50d74 e-flex e-con-boxed e-con e-child\" data-id=\"bc50d74\" data-element_type=\"container\">\n\t\t\t\t\t<div class=\"e-con-inner\">\n\t\t\t\t<div class=\"elementor-element elementor-element-785fed50 elementor-widget elementor-widget-heading\" data-id=\"785fed50\" data-element_type=\"widget\" data-widget_type=\"heading.default\">\n\t\t\t\t<div class=\"elementor-widget-container\">\n\t\t\t\t\t<h2 class=\"elementor-heading-title elementor-size-default\">Bombas de vac\u00edo<\/h2>\t\t\t\t<\/div>\n\t\t\t\t<\/div>\n\t\t\t\t<div class=\"elementor-element elementor-element-63b7ef9f elementor-widget elementor-widget-heading\" data-id=\"63b7ef9f\" data-element_type=\"widget\" data-widget_type=\"heading.default\">\n\t\t\t\t<div class=\"elementor-widget-container\">\n\t\t\t\t\t<h2 class=\"elementor-heading-title elementor-size-default\">Para bajo, medio y alto flujo <br>\n<br><\/h2>\t\t\t\t<\/div>\n\t\t\t\t<\/div>\n\t\t\t\t\t<\/div>\n\t\t\t\t<\/div>\n\t\t\t\t<div class=\"elementor-element elementor-element-49d0de61 elementor-view-default elementor-widget elementor-widget-icon\" data-id=\"49d0de61\" data-element_type=\"widget\" data-widget_type=\"icon.default\">\n\t\t\t\t<div class=\"elementor-widget-container\">\n\t\t\t\t\t\t\t<div class=\"elementor-icon-wrapper\">\n\t\t\t<div class=\"elementor-icon\">\n\t\t\t<i aria-hidden=\"true\" class=\"fas fa-angle-double-right\"><\/i>\t\t\t<\/div>\n\t\t<\/div>\n\t\t\t\t\t\t<\/div>\n\t\t\t\t<\/div>\n\t\t\t\t\t<\/div>\n\t\t\t\t<\/div>\n\t\t\t\t<\/a>\n\t\t<a class=\"elementor-element elementor-element-40c975cb e-con-full e-flex elementor-invisible e-con e-child\" data-id=\"40c975cb\" data-element_type=\"container\" data-settings=\"{&quot;animation&quot;:&quot;fadeIn&quot;}\" href=\"https:\/\/omel.com.br\/es\/sopladores-tipo-roots\/\">\n\t\t\t\t<div class=\"elementor-element elementor-element-7a939816 elementor-widget elementor-widget-image\" data-id=\"7a939816\" data-element_type=\"widget\" data-widget_type=\"image.default\">\n\t\t\t\t<div class=\"elementor-widget-container\">\n\t\t\t\t\t\t\t\t\t\t\t\t\t\t\t<img decoding=\"async\" width=\"768\" height=\"413\" src=\"https:\/\/omel.com.br\/wp-content\/uploads\/2023\/06\/sopradores-tipo-roots-omel-e1688952304999-768x413.webp\" class=\"attachment-medium_large size-medium_large wp-image-7506\" alt=\"\" srcset=\"https:\/\/omel.com.br\/wp-content\/uploads\/2023\/06\/sopradores-tipo-roots-omel-e1688952304999-768x413.webp 768w, https:\/\/omel.com.br\/wp-content\/uploads\/2023\/06\/sopradores-tipo-roots-omel-e1688952304999-300x161.webp 300w, https:\/\/omel.com.br\/wp-content\/uploads\/2023\/06\/sopradores-tipo-roots-omel-e1688952304999-1024x550.webp 1024w, https:\/\/omel.com.br\/wp-content\/uploads\/2023\/06\/sopradores-tipo-roots-omel-e1688952304999-jpg.webp 1200w\" sizes=\"(max-width: 768px) 100vw, 768px\" \/>\t\t\t\t\t\t\t\t\t\t\t\t\t\t\t<\/div>\n\t\t\t\t<\/div>\n\t\t<div class=\"elementor-element elementor-element-193ba636 e-flex e-con-boxed e-con e-child\" data-id=\"193ba636\" data-element_type=\"container\" data-settings=\"{&quot;background_background&quot;:&quot;classic&quot;}\">\n\t\t\t\t\t<div class=\"e-con-inner\">\n\t\t<div class=\"elementor-element elementor-element-4ebb222c e-flex e-con-boxed e-con e-child\" data-id=\"4ebb222c\" data-element_type=\"container\">\n\t\t\t\t\t<div class=\"e-con-inner\">\n\t\t\t\t<div class=\"elementor-element elementor-element-4d5e6cc9 elementor-widget elementor-widget-heading\" data-id=\"4d5e6cc9\" data-element_type=\"widget\" data-widget_type=\"heading.default\">\n\t\t\t\t<div class=\"elementor-widget-container\">\n\t\t\t\t\t<h2 class=\"elementor-heading-title elementor-size-default\">Sopladores tipo \"Ra\u00edces\"<\/h2>\t\t\t\t<\/div>\n\t\t\t\t<\/div>\n\t\t\t\t<div class=\"elementor-element elementor-element-2e964714 elementor-widget elementor-widget-heading\" data-id=\"2e964714\" data-element_type=\"widget\" data-widget_type=\"heading.default\">\n\t\t\t\t<div class=\"elementor-widget-container\">\n\t\t\t\t\t<h2 class=\"elementor-heading-title elementor-size-default\">Soplantes, cabinas y accesorios <br>\n<br><\/h2>\t\t\t\t<\/div>\n\t\t\t\t<\/div>\n\t\t\t\t\t<\/div>\n\t\t\t\t<\/div>\n\t\t\t\t<div class=\"elementor-element elementor-element-22fba928 elementor-view-default elementor-widget elementor-widget-icon\" data-id=\"22fba928\" data-element_type=\"widget\" data-widget_type=\"icon.default\">\n\t\t\t\t<div class=\"elementor-widget-container\">\n\t\t\t\t\t\t\t<div class=\"elementor-icon-wrapper\">\n\t\t\t<div class=\"elementor-icon\">\n\t\t\t<i aria-hidden=\"true\" class=\"fas fa-angle-double-right\"><\/i>\t\t\t<\/div>\n\t\t<\/div>\n\t\t\t\t\t\t<\/div>\n\t\t\t\t<\/div>\n\t\t\t\t\t<\/div>\n\t\t\t\t<\/div>\n\t\t\t\t<\/a>\n\t\t<a class=\"elementor-element elementor-element-2207fc83 e-con-full e-flex elementor-invisible e-con e-child\" data-id=\"2207fc83\" data-element_type=\"container\" data-settings=\"{&quot;animation&quot;:&quot;fadeIn&quot;}\" href=\"https:\/\/omel.com.br\/es\/bombas-dosificadoras\/\">\n\t\t\t\t<div class=\"elementor-element elementor-element-720c1fcd elementor-widget elementor-widget-image\" data-id=\"720c1fcd\" data-element_type=\"widget\" data-widget_type=\"image.default\">\n\t\t\t\t<div class=\"elementor-widget-container\">\n\t\t\t\t\t\t\t\t\t\t\t\t\t\t\t<img decoding=\"async\" width=\"768\" height=\"413\" src=\"https:\/\/omel.com.br\/wp-content\/uploads\/2023\/06\/bombas-dosadoras-omel-e1688952323954-768x413.webp\" class=\"attachment-medium_large size-medium_large wp-image-7502\" alt=\"\" srcset=\"https:\/\/omel.com.br\/wp-content\/uploads\/2023\/06\/bombas-dosadoras-omel-e1688952323954-768x413.webp 768w, https:\/\/omel.com.br\/wp-content\/uploads\/2023\/06\/bombas-dosadoras-omel-e1688952323954-300x161.webp 300w, https:\/\/omel.com.br\/wp-content\/uploads\/2023\/06\/bombas-dosadoras-omel-e1688952323954-1024x550.webp 1024w, https:\/\/omel.com.br\/wp-content\/uploads\/2023\/06\/bombas-dosadoras-omel-e1688952323954-jpg.webp 1200w\" sizes=\"(max-width: 768px) 100vw, 768px\" \/>\t\t\t\t\t\t\t\t\t\t\t\t\t\t\t<\/div>\n\t\t\t\t<\/div>\n\t\t<div class=\"elementor-element elementor-element-3b80a35f e-flex e-con-boxed e-con e-child\" data-id=\"3b80a35f\" data-element_type=\"container\" data-settings=\"{&quot;background_background&quot;:&quot;classic&quot;}\">\n\t\t\t\t\t<div class=\"e-con-inner\">\n\t\t<div class=\"elementor-element elementor-element-6cf3b1db e-flex e-con-boxed e-con e-child\" data-id=\"6cf3b1db\" data-element_type=\"container\">\n\t\t\t\t\t<div class=\"e-con-inner\">\n\t\t\t\t<div class=\"elementor-element elementor-element-6371eded elementor-widget elementor-widget-heading\" data-id=\"6371eded\" data-element_type=\"widget\" data-widget_type=\"heading.default\">\n\t\t\t\t<div class=\"elementor-widget-container\">\n\t\t\t\t\t<h2 class=\"elementor-heading-title elementor-size-default\">Bombas dosificadoras<\/h2>\t\t\t\t<\/div>\n\t\t\t\t<\/div>\n\t\t\t\t<div class=\"elementor-element elementor-element-32287ccd elementor-widget elementor-widget-heading\" data-id=\"32287ccd\" data-element_type=\"widget\" data-widget_type=\"heading.default\">\n\t\t\t\t<div class=\"elementor-widget-container\">\n\t\t\t\t\t<h2 class=\"elementor-heading-title elementor-size-default\">Diafragma o pist\u00f3n, tambi\u00e9n aptas para API<\/h2>\t\t\t\t<\/div>\n\t\t\t\t<\/div>\n\t\t\t\t\t<\/div>\n\t\t\t\t<\/div>\n\t\t\t\t<div class=\"elementor-element elementor-element-434ffcfb elementor-view-default elementor-widget elementor-widget-icon\" data-id=\"434ffcfb\" data-element_type=\"widget\" data-widget_type=\"icon.default\">\n\t\t\t\t<div class=\"elementor-widget-container\">\n\t\t\t\t\t\t\t<div class=\"elementor-icon-wrapper\">\n\t\t\t<div class=\"elementor-icon\">\n\t\t\t<i aria-hidden=\"true\" class=\"fas fa-angle-double-right\"><\/i>\t\t\t<\/div>\n\t\t<\/div>\n\t\t\t\t\t\t<\/div>\n\t\t\t\t<\/div>\n\t\t\t\t\t<\/div>\n\t\t\t\t<\/div>\n\t\t\t\t<\/a>\n\t\t<a class=\"elementor-element elementor-element-25480be9 e-con-full e-flex elementor-invisible e-con e-child\" data-id=\"25480be9\" data-element_type=\"container\" data-settings=\"{&quot;animation&quot;:&quot;fadeIn&quot;}\" href=\"https:\/\/omel.com.br\/es\/valvulas-de-manguito\/\">\n\t\t\t\t<div class=\"elementor-element elementor-element-226304b7 elementor-widget elementor-widget-image\" data-id=\"226304b7\" data-element_type=\"widget\" data-widget_type=\"image.default\">\n\t\t\t\t<div class=\"elementor-widget-container\">\n\t\t\t\t\t\t\t\t\t\t\t\t\t\t\t<img loading=\"lazy\" decoding=\"async\" width=\"768\" height=\"413\" src=\"https:\/\/omel.com.br\/wp-content\/uploads\/2023\/06\/valvulas-de-mangote-omel-e1688952338312-768x413.webp\" class=\"attachment-medium_large size-medium_large wp-image-7508\" alt=\"\" srcset=\"https:\/\/omel.com.br\/wp-content\/uploads\/2023\/06\/valvulas-de-mangote-omel-e1688952338312-768x413.webp 768w, https:\/\/omel.com.br\/wp-content\/uploads\/2023\/06\/valvulas-de-mangote-omel-e1688952338312-300x161.webp 300w, https:\/\/omel.com.br\/wp-content\/uploads\/2023\/06\/valvulas-de-mangote-omel-e1688952338312-1024x550.webp 1024w, https:\/\/omel.com.br\/wp-content\/uploads\/2023\/06\/valvulas-de-mangote-omel-e1688952338312-jpg.webp 1200w\" sizes=\"(max-width: 768px) 100vw, 768px\" \/>\t\t\t\t\t\t\t\t\t\t\t\t\t\t\t<\/div>\n\t\t\t\t<\/div>\n\t\t<div class=\"elementor-element elementor-element-ac8b5b e-flex e-con-boxed e-con e-child\" data-id=\"ac8b5b\" data-element_type=\"container\" data-settings=\"{&quot;background_background&quot;:&quot;classic&quot;}\">\n\t\t\t\t\t<div class=\"e-con-inner\">\n\t\t<div class=\"elementor-element elementor-element-442d2a06 e-flex e-con-boxed e-con e-child\" data-id=\"442d2a06\" data-element_type=\"container\">\n\t\t\t\t\t<div class=\"e-con-inner\">\n\t\t\t\t<div class=\"elementor-element elementor-element-55aac9ae elementor-widget elementor-widget-heading\" data-id=\"55aac9ae\" data-element_type=\"widget\" data-widget_type=\"heading.default\">\n\t\t\t\t<div class=\"elementor-widget-container\">\n\t\t\t\t\t<h2 class=\"elementor-heading-title elementor-size-default\">V\u00e1lvulas de manguito<\/h2>\t\t\t\t<\/div>\n\t\t\t\t<\/div>\n\t\t\t\t<div class=\"elementor-element elementor-element-2e27c8b7 elementor-widget elementor-widget-heading\" data-id=\"2e27c8b7\" data-element_type=\"widget\" data-widget_type=\"heading.default\">\n\t\t\t\t<div class=\"elementor-widget-container\">\n\t\t\t\t\t<h2 class=\"elementor-heading-title elementor-size-default\">Alta gama de procesos <br>\n<br><\/h2>\t\t\t\t<\/div>\n\t\t\t\t<\/div>\n\t\t\t\t\t<\/div>\n\t\t\t\t<\/div>\n\t\t\t\t<div class=\"elementor-element elementor-element-16e1be07 elementor-view-default elementor-widget elementor-widget-icon\" data-id=\"16e1be07\" data-element_type=\"widget\" data-widget_type=\"icon.default\">\n\t\t\t\t<div class=\"elementor-widget-container\">\n\t\t\t\t\t\t\t<div class=\"elementor-icon-wrapper\">\n\t\t\t<div class=\"elementor-icon\">\n\t\t\t<i aria-hidden=\"true\" class=\"fas fa-angle-double-right\"><\/i>\t\t\t<\/div>\n\t\t<\/div>\n\t\t\t\t\t\t<\/div>\n\t\t\t\t<\/div>\n\t\t\t\t\t<\/div>\n\t\t\t\t<\/div>\n\t\t\t\t<\/a>\n\t\t<a class=\"elementor-element elementor-element-7bb49ce8 e-con-full e-flex elementor-invisible e-con e-child\" data-id=\"7bb49ce8\" data-element_type=\"container\" data-settings=\"{&quot;animation&quot;:&quot;fadeIn&quot;}\" href=\"https:\/\/omel.com.br\/es\/rotametros\/\">\n\t\t\t\t<div class=\"elementor-element elementor-element-3ebcd0b1 elementor-widget elementor-widget-image\" data-id=\"3ebcd0b1\" data-element_type=\"widget\" data-widget_type=\"image.default\">\n\t\t\t\t<div class=\"elementor-widget-container\">\n\t\t\t\t\t\t\t\t\t\t\t\t\t\t\t<img loading=\"lazy\" decoding=\"async\" width=\"768\" height=\"413\" src=\"https:\/\/omel.com.br\/wp-content\/uploads\/2023\/06\/rotametros-omel-e1688952358472-768x413.webp\" class=\"attachment-medium_large size-medium_large wp-image-7504\" alt=\"\" srcset=\"https:\/\/omel.com.br\/wp-content\/uploads\/2023\/06\/rotametros-omel-e1688952358472-768x413.webp 768w, https:\/\/omel.com.br\/wp-content\/uploads\/2023\/06\/rotametros-omel-e1688952358472-300x161.webp 300w, https:\/\/omel.com.br\/wp-content\/uploads\/2023\/06\/rotametros-omel-e1688952358472-1024x550.webp 1024w, https:\/\/omel.com.br\/wp-content\/uploads\/2023\/06\/rotametros-omel-e1688952358472-jpg.webp 1200w\" sizes=\"(max-width: 768px) 100vw, 768px\" \/>\t\t\t\t\t\t\t\t\t\t\t\t\t\t\t<\/div>\n\t\t\t\t<\/div>\n\t\t<div class=\"elementor-element elementor-element-7e8bf429 e-flex e-con-boxed e-con e-child\" data-id=\"7e8bf429\" data-element_type=\"container\" data-settings=\"{&quot;background_background&quot;:&quot;classic&quot;}\">\n\t\t\t\t\t<div class=\"e-con-inner\">\n\t\t<div class=\"elementor-element elementor-element-69a01f83 e-flex e-con-boxed e-con e-child\" data-id=\"69a01f83\" data-element_type=\"container\">\n\t\t\t\t\t<div class=\"e-con-inner\">\n\t\t\t\t<div class=\"elementor-element elementor-element-104148e0 elementor-widget elementor-widget-heading\" data-id=\"104148e0\" data-element_type=\"widget\" data-widget_type=\"heading.default\">\n\t\t\t\t<div class=\"elementor-widget-container\">\n\t\t\t\t\t<h2 class=\"elementor-heading-title elementor-size-default\">Rot\u00e1metros<\/h2>\t\t\t\t<\/div>\n\t\t\t\t<\/div>\n\t\t\t\t<div class=\"elementor-element elementor-element-7f13a88f elementor-widget elementor-widget-heading\" data-id=\"7f13a88f\" data-element_type=\"widget\" data-widget_type=\"heading.default\">\n\t\t\t\t<div class=\"elementor-widget-container\">\n\t\t\t\t\t<h2 class=\"elementor-heading-title elementor-size-default\">Calibrados para lectura sin tablas de conversi\u00f3n<\/h2>\t\t\t\t<\/div>\n\t\t\t\t<\/div>\n\t\t\t\t\t<\/div>\n\t\t\t\t<\/div>\n\t\t\t\t<div class=\"elementor-element elementor-element-37e31966 elementor-view-default elementor-widget elementor-widget-icon\" data-id=\"37e31966\" data-element_type=\"widget\" data-widget_type=\"icon.default\">\n\t\t\t\t<div class=\"elementor-widget-container\">\n\t\t\t\t\t\t\t<div class=\"elementor-icon-wrapper\">\n\t\t\t<div class=\"elementor-icon\">\n\t\t\t<i aria-hidden=\"true\" class=\"fas fa-angle-double-right\"><\/i>\t\t\t<\/div>\n\t\t<\/div>\n\t\t\t\t\t\t<\/div>\n\t\t\t\t<\/div>\n\t\t\t\t\t<\/div>\n\t\t\t\t<\/div>\n\t\t\t\t<\/a>\n\t\t\t\t<\/div>\n\t\t\t\t<\/div>\n\t\t<div class=\"elementor-element elementor-element-687b3bbc e-con-full e-flex e-con e-parent\" data-id=\"687b3bbc\" data-element_type=\"container\" data-settings=\"{&quot;background_background&quot;:&quot;classic&quot;}\">\n\t\t<div class=\"elementor-element elementor-element-13c0cd0b e-con-full e-flex e-con e-child\" data-id=\"13c0cd0b\" data-element_type=\"container\">\n\t\t\t\t<div class=\"elementor-element elementor-element-335636ad elementor-widget elementor-widget-heading\" data-id=\"335636ad\" data-element_type=\"widget\" data-widget_type=\"heading.default\">\n\t\t\t\t<div class=\"elementor-widget-container\">\n\t\t\t\t\t<h2 class=\"elementor-heading-title elementor-size-default\">Solicita una propuesta personalizada<\/h2>\t\t\t\t<\/div>\n\t\t\t\t<\/div>\n\t\t\t\t<div class=\"elementor-element elementor-element-54f64abc elementor-widget elementor-widget-heading\" data-id=\"54f64abc\" data-element_type=\"widget\" data-widget_type=\"heading.default\">\n\t\t\t\t<div class=\"elementor-widget-container\">\n\t\t\t\t\t<h2 class=\"elementor-heading-title elementor-size-default\">O haga clic en el bot\u00f3n de WhatsApp y hable con nuestro equipo de expertos sobre las necesidades de su aplicaci\u00f3n ahora.<\/h2>\t\t\t\t<\/div>\n\t\t\t\t<\/div>\n\t\t\t\t<div class=\"elementor-element elementor-element-281e22c7 elementor-align-center elementor-widget elementor-widget-button\" data-id=\"281e22c7\" data-element_type=\"widget\" data-widget_type=\"button.default\">\n\t\t\t\t<div class=\"elementor-widget-container\">\n\t\t\t\t\t\t\t\t\t<div class=\"elementor-button-wrapper\">\n\t\t\t\t\t<a class=\"elementor-button elementor-button-link elementor-size-sm\" href=\"https:\/\/omel.com.br\/es\/contacto\/\">\n\t\t\t\t\t\t<span class=\"elementor-button-content-wrapper\">\n\t\t\t\t\t\t\t\t\t<span class=\"elementor-button-text\">Cont\u00e1ctenos<\/span>\n\t\t\t\t\t<\/span>\n\t\t\t\t\t<\/a>\n\t\t\t\t<\/div>\n\t\t\t\t\t\t\t\t<\/div>\n\t\t\t\t<\/div>\n\t\t\t\t<\/div>\n\t\t\t\t<\/div>\n\t\t\t\t<\/div>\n\t\t","protected":false},"excerpt":{"rendered":"<p>Miner\u00eda y Siderurgia El mercado minero y sider\u00fargico es uno de los m\u00e1s importantes y estrat\u00e9gicos del mundo, ya que involucra la extracci\u00f3n, procesamiento, transporte y comercializaci\u00f3n de minerales met\u00e1licos y no met\u00e1licos como hierro, cobre, oro, bauxita, carb\u00f3n, entre otros, los cuales son insumos elementales en la producci\u00f3n de acero y otros productos metal\u00fargicos [&hellip;]<\/p>\n","protected":false},"author":1,"featured_media":0,"parent":9091,"menu_order":0,"comment_status":"closed","ping_status":"closed","template":"","meta":{"footnotes":""},"class_list":["post-9143","page","type-page","status-publish","hentry"],"_links":{"self":[{"href":"https:\/\/omel.com.br\/es\/wp-json\/wp\/v2\/pages\/9143","targetHints":{"allow":["GET"]}}],"collection":[{"href":"https:\/\/omel.com.br\/es\/wp-json\/wp\/v2\/pages"}],"about":[{"href":"https:\/\/omel.com.br\/es\/wp-json\/wp\/v2\/types\/page"}],"author":[{"embeddable":true,"href":"https:\/\/omel.com.br\/es\/wp-json\/wp\/v2\/users\/1"}],"replies":[{"embeddable":true,"href":"https:\/\/omel.com.br\/es\/wp-json\/wp\/v2\/comments?post=9143"}],"version-history":[{"count":2,"href":"https:\/\/omel.com.br\/es\/wp-json\/wp\/v2\/pages\/9143\/revisions"}],"predecessor-version":[{"id":9355,"href":"https:\/\/omel.com.br\/es\/wp-json\/wp\/v2\/pages\/9143\/revisions\/9355"}],"up":[{"embeddable":true,"href":"https:\/\/omel.com.br\/es\/wp-json\/wp\/v2\/pages\/9091"}],"wp:attachment":[{"href":"https:\/\/omel.com.br\/es\/wp-json\/wp\/v2\/media?parent=9143"}],"curies":[{"name":"wp","href":"https:\/\/api.w.org\/{rel}","templated":true}]}}