{"id":9159,"date":"2023-07-24T09:43:51","date_gmt":"2023-07-24T12:43:51","guid":{"rendered":"https:\/\/omel.com.br\/aplicaciones-y-mercados\/saneamiento\/"},"modified":"2024-11-03T13:44:58","modified_gmt":"2024-11-03T16:44:58","slug":"saneamiento","status":"publish","type":"page","link":"https:\/\/omel.com.br\/es\/aplicaciones-y-mercados\/saneamiento\/","title":{"rendered":"Saneamiento"},"content":{"rendered":"\t\t<div data-elementor-type=\"wp-page\" data-elementor-id=\"9159\" class=\"elementor elementor-9159 elementor-898\" data-elementor-post-type=\"page\">\n\t\t\t\t<div class=\"elementor-element elementor-element-6ac76781 animated-fast e-flex e-con-boxed elementor-invisible e-con e-parent\" data-id=\"6ac76781\" data-element_type=\"container\" data-settings=\"{&quot;background_background&quot;:&quot;classic&quot;,&quot;animation&quot;:&quot;fadeIn&quot;}\">\n\t\t\t\t\t<div class=\"e-con-inner\">\n\t\t\t\t\t<\/div>\n\t\t\t\t<\/div>\n\t\t<div class=\"elementor-element elementor-element-72d94c48 e-con-full e-flex e-con e-parent\" data-id=\"72d94c48\" data-element_type=\"container\" data-settings=\"{&quot;background_background&quot;:&quot;classic&quot;}\">\n\t\t\t\t<div class=\"elementor-element elementor-element-42f5ea9d breadcrumb-style elementor-widget elementor-widget-global elementor-global-1021 elementor-widget-shortcode\" data-id=\"42f5ea9d\" data-element_type=\"widget\" data-widget_type=\"shortcode.default\">\n\t\t\t\t<div class=\"elementor-widget-container\">\n\t\t\t\t\t\t\t<div class=\"elementor-shortcode\"><nav aria-label=\"breadcrumbs\" class=\"rank-math-breadcrumb\"><p><span class=\"last\">P\u00e1gina Inicial<\/span><\/p><\/nav><\/div>\n\t\t\t\t\t\t<\/div>\n\t\t\t\t<\/div>\n\t\t\t\t<div class=\"elementor-element elementor-element-1a11edca elementor-widget elementor-widget-heading\" data-id=\"1a11edca\" data-element_type=\"widget\" data-widget_type=\"heading.default\">\n\t\t\t\t<div class=\"elementor-widget-container\">\n\t\t\t\t\t<h1 class=\"elementor-heading-title elementor-size-default\">Saneamiento<\/h1>\t\t\t\t<\/div>\n\t\t\t\t<\/div>\n\t\t<div class=\"elementor-element elementor-element-f84b4b8 e-con-full e-flex e-con e-child\" data-id=\"f84b4b8\" data-element_type=\"container\">\n\t\t\t\t<div class=\"elementor-element elementor-element-9632fd1 elementor-widget elementor-widget-image\" data-id=\"9632fd1\" data-element_type=\"widget\" data-widget_type=\"image.default\">\n\t\t\t\t<div class=\"elementor-widget-container\">\n\t\t\t\t\t\t\t\t\t\t\t\t\t\t\t<img fetchpriority=\"high\" decoding=\"async\" width=\"1000\" height=\"580\" src=\"https:\/\/omel.com.br\/wp-content\/uploads\/2024\/04\/selo-distribuidor-exclusivo-omel-mercados-logo-vallair-site-omel-1000x580-1.png\" class=\"attachment-full size-full wp-image-8692\" alt=\"\" srcset=\"https:\/\/omel.com.br\/wp-content\/uploads\/2024\/04\/selo-distribuidor-exclusivo-omel-mercados-logo-vallair-site-omel-1000x580-1.png 1000w, https:\/\/omel.com.br\/wp-content\/uploads\/2024\/04\/selo-distribuidor-exclusivo-omel-mercados-logo-vallair-site-omel-1000x580-1-300x174.png 300w, https:\/\/omel.com.br\/wp-content\/uploads\/2024\/04\/selo-distribuidor-exclusivo-omel-mercados-logo-vallair-site-omel-1000x580-1-768x445.png 768w\" sizes=\"(max-width: 1000px) 100vw, 1000px\" \/>\t\t\t\t\t\t\t\t\t\t\t\t\t\t\t<\/div>\n\t\t\t\t<\/div>\n\t\t<div class=\"elementor-element elementor-element-b69be23 e-con-full e-flex e-con e-child\" data-id=\"b69be23\" data-element_type=\"container\">\n\t\t\t\t<div class=\"elementor-element elementor-element-83d773e elementor-widget__width-initial elementor-widget-tablet__width-inherit elementor-widget elementor-widget-heading\" data-id=\"83d773e\" data-element_type=\"widget\" data-widget_type=\"heading.default\">\n\t\t\t\t<div class=\"elementor-widget-container\">\n\t\t\t\t\t<h2 class=\"elementor-heading-title elementor-size-default\">Vallair es distribuidor exclusivo de las l\u00edneas de productos OMEL para los sectores de petr\u00f3leo y gas, energ\u00eda y saneamiento.<\/h2>\t\t\t\t<\/div>\n\t\t\t\t<\/div>\n\t\t\t\t<div class=\"elementor-element elementor-element-796ab79 elementor-mobile-align-justify elementor-widget elementor-widget-button\" data-id=\"796ab79\" data-element_type=\"widget\" data-widget_type=\"button.default\">\n\t\t\t\t<div class=\"elementor-widget-container\">\n\t\t\t\t\t\t\t\t\t<div class=\"elementor-button-wrapper\">\n\t\t\t\t\t<a class=\"elementor-button elementor-button-link elementor-size-sm\" href=\"https:\/\/vallair.com.br\" target=\"_blank\" rel=\"noopener\">\n\t\t\t\t\t\t<span class=\"elementor-button-content-wrapper\">\n\t\t\t\t\t\t\t\t\t<span class=\"elementor-button-text\">Visitar sitio web \u00bb<\/span>\n\t\t\t\t\t<\/span>\n\t\t\t\t\t<\/a>\n\t\t\t\t<\/div>\n\t\t\t\t\t\t\t\t<\/div>\n\t\t\t\t<\/div>\n\t\t\t\t<\/div>\n\t\t\t\t<\/div>\n\t\t\t\t<\/div>\n\t\t<div class=\"elementor-element elementor-element-3673fc70 e-con-full e-flex e-con e-parent\" data-id=\"3673fc70\" data-element_type=\"container\" data-settings=\"{&quot;background_background&quot;:&quot;classic&quot;}\">\n\t\t<div class=\"elementor-element elementor-element-2431c047 e-con-full e-flex e-con e-child\" data-id=\"2431c047\" data-element_type=\"container\">\n\t\t\t\t<div class=\"elementor-element elementor-element-762229a5 elementor-widget elementor-widget-text-editor\" data-id=\"762229a5\" data-element_type=\"widget\" data-widget_type=\"text-editor.default\">\n\t\t\t\t<div class=\"elementor-widget-container\">\n\t\t\t\t\t\t\t\t\t<p>El mercado de saneamiento es uno de los m\u00e1s esenciales y desafiantes, ya que involucra la prestaci\u00f3n de servicios p\u00fablicos de agua potable, recolecci\u00f3n y tratamiento de aguas residuales, manejo de residuos s\u00f3lidos y drenaje urbano para la poblaci\u00f3n.<\/p>\n\t\t\t\t\t\t\t\t<\/div>\n\t\t\t\t<\/div>\n\t\t\t\t<div class=\"elementor-element elementor-element-1cf7e846 elementor-widget elementor-widget-text-editor\" data-id=\"1cf7e846\" data-element_type=\"widget\" data-widget_type=\"text-editor.default\">\n\t\t\t\t<div class=\"elementor-widget-container\">\n\t\t\t\t\t\t\t\t\t<p>Entre los principales desaf\u00edos que enfrenta el segmento se pueden destacar la necesidad de universalizar el acceso, mejorar la calidad, reducir las p\u00e9rdidas, una regulaci\u00f3n eficiente y la sostenibilidad. Las empresas del sector necesitan una inversi\u00f3n continua en infraestructura y tecnolog\u00eda como medio para mejorar la eficiencia de sus procesos. <\/p>\n\t\t\t\t\t\t\t\t<\/div>\n\t\t\t\t<\/div>\n\t\t\t\t<div class=\"elementor-element elementor-element-7c8ecc1d elementor-widget elementor-widget-text-editor\" data-id=\"7c8ecc1d\" data-element_type=\"widget\" data-widget_type=\"text-editor.default\">\n\t\t\t\t<div class=\"elementor-widget-container\">\n\t\t\t\t\t\t\t\t\t<p>OMEL lleva d\u00e9cadas operando en este mercado, siendo uno de los principales proveedores de las medianas y grandes empresas del sector. OMEL ofrece productos y sistemas personalizados, dise\u00f1ados y fabricados para satisfacer las demandas de las diversas aplicaciones del sector. <\/p>\n\t\t\t\t\t\t\t\t<\/div>\n\t\t\t\t<\/div>\n\t\t\t\t<div class=\"elementor-element elementor-element-6586c79d elementor-widget elementor-widget-text-editor\" data-id=\"6586c79d\" data-element_type=\"widget\" data-widget_type=\"text-editor.default\">\n\t\t\t\t<div class=\"elementor-widget-container\">\n\t\t\t\t\t\t\t\t\t<p>Aplicaciones principales<\/p>\n\t\t\t\t\t\t\t\t<\/div>\n\t\t\t\t<\/div>\n\t\t\t\t<div class=\"elementor-element elementor-element-1f4c4a8e elementor-widget elementor-widget-text-editor\" data-id=\"1f4c4a8e\" data-element_type=\"widget\" data-widget_type=\"text-editor.default\">\n\t\t\t\t<div class=\"elementor-widget-container\">\n\t\t\t\t\t\t\t\t\t<div>\n<ul>\n<li>Sistemas de desodorizaci\u00f3n<\/li>\n<li>Estanques de aireaci\u00f3n<\/li>\n<li>Cebado de bombas y sistemas<\/li>\n<li>Pozos de recolecci\u00f3n industriales<\/li>\n<li>Agotamiento de minas y galer\u00edas<\/li>\n<li>Unidades de tratamiento de efluentes<\/li>\n<li>Medici\u00f3n instant\u00e1nea de flujo de l\u00edquidos y gases<\/li>\n<li>Estanques de aireaci\u00f3n<\/li>\n<li>Dosificaci\u00f3n qu\u00edmica<\/li>\n<li>Bombeo de sulfato de aluminio, cal, etc.<\/li>\n<li>Laboratorio de calibraci\u00f3n de contadores de agua<\/li>\n<\/ul>\n<\/div>\n\t\t\t\t\t\t\t\t<\/div>\n\t\t\t\t<\/div>\n\t\t\t\t<\/div>\n\t\t\t\t<\/div>\n\t\t<div class=\"elementor-element elementor-element-338d2f9e e-con-full e-flex e-con e-parent\" data-id=\"338d2f9e\" data-element_type=\"container\" data-settings=\"{&quot;background_background&quot;:&quot;classic&quot;}\">\n\t\t<div class=\"elementor-element elementor-element-77710e4c e-con-full e-flex e-con e-child\" data-id=\"77710e4c\" data-element_type=\"container\">\n\t\t\t\t<div class=\"elementor-element elementor-element-bd13059 elementor-widget elementor-widget-heading\" data-id=\"bd13059\" data-element_type=\"widget\" data-widget_type=\"heading.default\">\n\t\t\t\t<div class=\"elementor-widget-container\">\n\t\t\t\t\t<h2 class=\"elementor-heading-title elementor-size-default\">Los productos <strong style=\"font-weight:800\">OMEL <\/strong>en el mercado del Saneamiento<br><\/h2>\t\t\t\t<\/div>\n\t\t\t\t<\/div>\n\t\t\t\t<\/div>\n\t\t\t\t<\/div>\n\t\t<div class=\"elementor-element elementor-element-3eae7935 e-con-full e-flex e-con e-parent\" data-id=\"3eae7935\" data-element_type=\"container\" data-settings=\"{&quot;background_background&quot;:&quot;classic&quot;}\">\n\t\t<div class=\"elementor-element elementor-element-59121887 e-con-full e-flex e-con e-child\" data-id=\"59121887\" data-element_type=\"container\">\n\t\t<a class=\"elementor-element elementor-element-42f1ff06 e-con-full e-flex elementor-invisible e-con e-child\" data-id=\"42f1ff06\" data-element_type=\"container\" data-settings=\"{&quot;animation&quot;:&quot;fadeIn&quot;}\" href=\"https:\/\/omel.com.br\/es\/sopladores-tipo-roots\/\">\n\t\t\t\t<div class=\"elementor-element elementor-element-3a0a548b elementor-widget elementor-widget-image\" data-id=\"3a0a548b\" data-element_type=\"widget\" data-widget_type=\"image.default\">\n\t\t\t\t<div class=\"elementor-widget-container\">\n\t\t\t\t\t\t\t\t\t\t\t\t\t\t\t<img decoding=\"async\" width=\"768\" height=\"413\" src=\"https:\/\/omel.com.br\/wp-content\/uploads\/2023\/06\/sopradores-tipo-roots-omel-e1688952304999-768x413.webp\" class=\"attachment-medium_large size-medium_large wp-image-7506\" alt=\"\" srcset=\"https:\/\/omel.com.br\/wp-content\/uploads\/2023\/06\/sopradores-tipo-roots-omel-e1688952304999-768x413.webp 768w, https:\/\/omel.com.br\/wp-content\/uploads\/2023\/06\/sopradores-tipo-roots-omel-e1688952304999-300x161.webp 300w, https:\/\/omel.com.br\/wp-content\/uploads\/2023\/06\/sopradores-tipo-roots-omel-e1688952304999-1024x550.webp 1024w, https:\/\/omel.com.br\/wp-content\/uploads\/2023\/06\/sopradores-tipo-roots-omel-e1688952304999-jpg.webp 1200w\" sizes=\"(max-width: 768px) 100vw, 768px\" \/>\t\t\t\t\t\t\t\t\t\t\t\t\t\t\t<\/div>\n\t\t\t\t<\/div>\n\t\t<div class=\"elementor-element elementor-element-4b9ffd10 e-flex e-con-boxed e-con e-child\" data-id=\"4b9ffd10\" data-element_type=\"container\" data-settings=\"{&quot;background_background&quot;:&quot;classic&quot;}\">\n\t\t\t\t\t<div class=\"e-con-inner\">\n\t\t<div class=\"elementor-element elementor-element-79036ec9 e-flex e-con-boxed e-con e-child\" data-id=\"79036ec9\" data-element_type=\"container\">\n\t\t\t\t\t<div class=\"e-con-inner\">\n\t\t\t\t<div class=\"elementor-element elementor-element-3b123058 elementor-widget elementor-widget-heading\" data-id=\"3b123058\" data-element_type=\"widget\" data-widget_type=\"heading.default\">\n\t\t\t\t<div class=\"elementor-widget-container\">\n\t\t\t\t\t<h2 class=\"elementor-heading-title elementor-size-default\">Sopladores tipo \"Ra\u00edces\"<\/h2>\t\t\t\t<\/div>\n\t\t\t\t<\/div>\n\t\t\t\t<div class=\"elementor-element elementor-element-1185f71f elementor-widget elementor-widget-heading\" data-id=\"1185f71f\" data-element_type=\"widget\" data-widget_type=\"heading.default\">\n\t\t\t\t<div class=\"elementor-widget-container\">\n\t\t\t\t\t<h2 class=\"elementor-heading-title elementor-size-default\">Soplantes, cabinas y accesorios <br>\n<br><\/h2>\t\t\t\t<\/div>\n\t\t\t\t<\/div>\n\t\t\t\t\t<\/div>\n\t\t\t\t<\/div>\n\t\t\t\t<div class=\"elementor-element elementor-element-7ceb7ae2 elementor-view-default elementor-widget elementor-widget-icon\" data-id=\"7ceb7ae2\" data-element_type=\"widget\" data-widget_type=\"icon.default\">\n\t\t\t\t<div class=\"elementor-widget-container\">\n\t\t\t\t\t\t\t<div class=\"elementor-icon-wrapper\">\n\t\t\t<div class=\"elementor-icon\">\n\t\t\t<i aria-hidden=\"true\" class=\"fas fa-angle-double-right\"><\/i>\t\t\t<\/div>\n\t\t<\/div>\n\t\t\t\t\t\t<\/div>\n\t\t\t\t<\/div>\n\t\t\t\t\t<\/div>\n\t\t\t\t<\/div>\n\t\t\t\t<\/a>\n\t\t<a class=\"elementor-element elementor-element-23cbe7d0 e-con-full e-flex elementor-invisible e-con e-child\" data-id=\"23cbe7d0\" data-element_type=\"container\" data-settings=\"{&quot;animation&quot;:&quot;fadeIn&quot;}\" href=\"https:\/\/omel.com.br\/es\/bombas-dosificadoras\/\">\n\t\t\t\t<div class=\"elementor-element elementor-element-48cd5eb0 elementor-widget elementor-widget-image\" data-id=\"48cd5eb0\" data-element_type=\"widget\" data-widget_type=\"image.default\">\n\t\t\t\t<div class=\"elementor-widget-container\">\n\t\t\t\t\t\t\t\t\t\t\t\t\t\t\t<img decoding=\"async\" width=\"768\" height=\"413\" src=\"https:\/\/omel.com.br\/wp-content\/uploads\/2023\/06\/bombas-dosadoras-omel-e1688952323954-768x413.webp\" class=\"attachment-medium_large size-medium_large wp-image-7502\" alt=\"\" srcset=\"https:\/\/omel.com.br\/wp-content\/uploads\/2023\/06\/bombas-dosadoras-omel-e1688952323954-768x413.webp 768w, https:\/\/omel.com.br\/wp-content\/uploads\/2023\/06\/bombas-dosadoras-omel-e1688952323954-300x161.webp 300w, https:\/\/omel.com.br\/wp-content\/uploads\/2023\/06\/bombas-dosadoras-omel-e1688952323954-1024x550.webp 1024w, https:\/\/omel.com.br\/wp-content\/uploads\/2023\/06\/bombas-dosadoras-omel-e1688952323954-jpg.webp 1200w\" sizes=\"(max-width: 768px) 100vw, 768px\" \/>\t\t\t\t\t\t\t\t\t\t\t\t\t\t\t<\/div>\n\t\t\t\t<\/div>\n\t\t<div class=\"elementor-element elementor-element-5807ee41 e-flex e-con-boxed e-con e-child\" data-id=\"5807ee41\" data-element_type=\"container\" data-settings=\"{&quot;background_background&quot;:&quot;classic&quot;}\">\n\t\t\t\t\t<div class=\"e-con-inner\">\n\t\t<div class=\"elementor-element elementor-element-7f4fdf4 e-flex e-con-boxed e-con e-child\" data-id=\"7f4fdf4\" data-element_type=\"container\">\n\t\t\t\t\t<div class=\"e-con-inner\">\n\t\t\t\t<div class=\"elementor-element elementor-element-25ce7bfb elementor-widget elementor-widget-heading\" data-id=\"25ce7bfb\" data-element_type=\"widget\" data-widget_type=\"heading.default\">\n\t\t\t\t<div class=\"elementor-widget-container\">\n\t\t\t\t\t<h2 class=\"elementor-heading-title elementor-size-default\">Bombas dosificadoras<\/h2>\t\t\t\t<\/div>\n\t\t\t\t<\/div>\n\t\t\t\t<div class=\"elementor-element elementor-element-3f5398e5 elementor-widget elementor-widget-heading\" data-id=\"3f5398e5\" data-element_type=\"widget\" data-widget_type=\"heading.default\">\n\t\t\t\t<div class=\"elementor-widget-container\">\n\t\t\t\t\t<h2 class=\"elementor-heading-title elementor-size-default\">Diafragma o pist\u00f3n, tambi\u00e9n aptas para API<\/h2>\t\t\t\t<\/div>\n\t\t\t\t<\/div>\n\t\t\t\t\t<\/div>\n\t\t\t\t<\/div>\n\t\t\t\t<div class=\"elementor-element elementor-element-47ed3d66 elementor-view-default elementor-widget elementor-widget-icon\" data-id=\"47ed3d66\" data-element_type=\"widget\" data-widget_type=\"icon.default\">\n\t\t\t\t<div class=\"elementor-widget-container\">\n\t\t\t\t\t\t\t<div class=\"elementor-icon-wrapper\">\n\t\t\t<div class=\"elementor-icon\">\n\t\t\t<i aria-hidden=\"true\" class=\"fas fa-angle-double-right\"><\/i>\t\t\t<\/div>\n\t\t<\/div>\n\t\t\t\t\t\t<\/div>\n\t\t\t\t<\/div>\n\t\t\t\t\t<\/div>\n\t\t\t\t<\/div>\n\t\t\t\t<\/a>\n\t\t<a class=\"elementor-element elementor-element-41b8e21 e-con-full e-flex elementor-invisible e-con e-child\" data-id=\"41b8e21\" data-element_type=\"container\" data-settings=\"{&quot;animation&quot;:&quot;fadeIn&quot;}\" href=\"https:\/\/omel.com.br\/es\/valvulas-de-manguito\/\">\n\t\t\t\t<div class=\"elementor-element elementor-element-6ab4fcc3 elementor-widget elementor-widget-image\" data-id=\"6ab4fcc3\" data-element_type=\"widget\" data-widget_type=\"image.default\">\n\t\t\t\t<div class=\"elementor-widget-container\">\n\t\t\t\t\t\t\t\t\t\t\t\t\t\t\t<img loading=\"lazy\" decoding=\"async\" width=\"768\" height=\"413\" src=\"https:\/\/omel.com.br\/wp-content\/uploads\/2023\/06\/valvulas-de-mangote-omel-e1688952338312-768x413.webp\" class=\"attachment-medium_large size-medium_large wp-image-7508\" alt=\"\" srcset=\"https:\/\/omel.com.br\/wp-content\/uploads\/2023\/06\/valvulas-de-mangote-omel-e1688952338312-768x413.webp 768w, https:\/\/omel.com.br\/wp-content\/uploads\/2023\/06\/valvulas-de-mangote-omel-e1688952338312-300x161.webp 300w, https:\/\/omel.com.br\/wp-content\/uploads\/2023\/06\/valvulas-de-mangote-omel-e1688952338312-1024x550.webp 1024w, https:\/\/omel.com.br\/wp-content\/uploads\/2023\/06\/valvulas-de-mangote-omel-e1688952338312-jpg.webp 1200w\" sizes=\"(max-width: 768px) 100vw, 768px\" \/>\t\t\t\t\t\t\t\t\t\t\t\t\t\t\t<\/div>\n\t\t\t\t<\/div>\n\t\t<div class=\"elementor-element elementor-element-5124f126 e-flex e-con-boxed e-con e-child\" data-id=\"5124f126\" data-element_type=\"container\" data-settings=\"{&quot;background_background&quot;:&quot;classic&quot;}\">\n\t\t\t\t\t<div class=\"e-con-inner\">\n\t\t<div class=\"elementor-element elementor-element-2dd8a1af e-flex e-con-boxed e-con e-child\" data-id=\"2dd8a1af\" data-element_type=\"container\">\n\t\t\t\t\t<div class=\"e-con-inner\">\n\t\t\t\t<div class=\"elementor-element elementor-element-304a6707 elementor-widget elementor-widget-heading\" data-id=\"304a6707\" data-element_type=\"widget\" data-widget_type=\"heading.default\">\n\t\t\t\t<div class=\"elementor-widget-container\">\n\t\t\t\t\t<h2 class=\"elementor-heading-title elementor-size-default\">V\u00e1lvulas de manguito<\/h2>\t\t\t\t<\/div>\n\t\t\t\t<\/div>\n\t\t\t\t<div class=\"elementor-element elementor-element-7bef7cdb elementor-widget elementor-widget-heading\" data-id=\"7bef7cdb\" data-element_type=\"widget\" data-widget_type=\"heading.default\">\n\t\t\t\t<div class=\"elementor-widget-container\">\n\t\t\t\t\t<h2 class=\"elementor-heading-title elementor-size-default\">Alta gama de procesos <br>\n<br><\/h2>\t\t\t\t<\/div>\n\t\t\t\t<\/div>\n\t\t\t\t\t<\/div>\n\t\t\t\t<\/div>\n\t\t\t\t<div class=\"elementor-element elementor-element-72f04081 elementor-view-default elementor-widget elementor-widget-icon\" data-id=\"72f04081\" data-element_type=\"widget\" data-widget_type=\"icon.default\">\n\t\t\t\t<div class=\"elementor-widget-container\">\n\t\t\t\t\t\t\t<div class=\"elementor-icon-wrapper\">\n\t\t\t<div class=\"elementor-icon\">\n\t\t\t<i aria-hidden=\"true\" class=\"fas fa-angle-double-right\"><\/i>\t\t\t<\/div>\n\t\t<\/div>\n\t\t\t\t\t\t<\/div>\n\t\t\t\t<\/div>\n\t\t\t\t\t<\/div>\n\t\t\t\t<\/div>\n\t\t\t\t<\/a>\n\t\t<a class=\"elementor-element elementor-element-1cb77ede e-con-full e-flex elementor-invisible e-con e-child\" data-id=\"1cb77ede\" data-element_type=\"container\" data-settings=\"{&quot;animation&quot;:&quot;fadeIn&quot;}\" href=\"https:\/\/omel.com.br\/es\/rotametros\/\">\n\t\t\t\t<div class=\"elementor-element elementor-element-197e2cf2 elementor-widget elementor-widget-image\" data-id=\"197e2cf2\" data-element_type=\"widget\" data-widget_type=\"image.default\">\n\t\t\t\t<div class=\"elementor-widget-container\">\n\t\t\t\t\t\t\t\t\t\t\t\t\t\t\t<img loading=\"lazy\" decoding=\"async\" width=\"768\" height=\"413\" src=\"https:\/\/omel.com.br\/wp-content\/uploads\/2023\/06\/rotametros-omel-e1688952358472-768x413.webp\" class=\"attachment-medium_large size-medium_large wp-image-7504\" alt=\"\" srcset=\"https:\/\/omel.com.br\/wp-content\/uploads\/2023\/06\/rotametros-omel-e1688952358472-768x413.webp 768w, https:\/\/omel.com.br\/wp-content\/uploads\/2023\/06\/rotametros-omel-e1688952358472-300x161.webp 300w, https:\/\/omel.com.br\/wp-content\/uploads\/2023\/06\/rotametros-omel-e1688952358472-1024x550.webp 1024w, https:\/\/omel.com.br\/wp-content\/uploads\/2023\/06\/rotametros-omel-e1688952358472-jpg.webp 1200w\" sizes=\"(max-width: 768px) 100vw, 768px\" \/>\t\t\t\t\t\t\t\t\t\t\t\t\t\t\t<\/div>\n\t\t\t\t<\/div>\n\t\t<div class=\"elementor-element elementor-element-6053da55 e-flex e-con-boxed e-con e-child\" data-id=\"6053da55\" data-element_type=\"container\" data-settings=\"{&quot;background_background&quot;:&quot;classic&quot;}\">\n\t\t\t\t\t<div class=\"e-con-inner\">\n\t\t<div class=\"elementor-element elementor-element-46d00c7f e-flex e-con-boxed e-con e-child\" data-id=\"46d00c7f\" data-element_type=\"container\">\n\t\t\t\t\t<div class=\"e-con-inner\">\n\t\t\t\t<div class=\"elementor-element elementor-element-5193a3c8 elementor-widget elementor-widget-heading\" data-id=\"5193a3c8\" data-element_type=\"widget\" data-widget_type=\"heading.default\">\n\t\t\t\t<div class=\"elementor-widget-container\">\n\t\t\t\t\t<h2 class=\"elementor-heading-title elementor-size-default\">Rot\u00e1metros<\/h2>\t\t\t\t<\/div>\n\t\t\t\t<\/div>\n\t\t\t\t<div class=\"elementor-element elementor-element-3dd327f5 elementor-widget elementor-widget-heading\" data-id=\"3dd327f5\" data-element_type=\"widget\" data-widget_type=\"heading.default\">\n\t\t\t\t<div class=\"elementor-widget-container\">\n\t\t\t\t\t<h2 class=\"elementor-heading-title elementor-size-default\">Calibrados para lectura sin tablas de conversi\u00f3n<\/h2>\t\t\t\t<\/div>\n\t\t\t\t<\/div>\n\t\t\t\t\t<\/div>\n\t\t\t\t<\/div>\n\t\t\t\t<div class=\"elementor-element elementor-element-39bc4084 elementor-view-default elementor-widget elementor-widget-icon\" data-id=\"39bc4084\" data-element_type=\"widget\" data-widget_type=\"icon.default\">\n\t\t\t\t<div class=\"elementor-widget-container\">\n\t\t\t\t\t\t\t<div class=\"elementor-icon-wrapper\">\n\t\t\t<div class=\"elementor-icon\">\n\t\t\t<i aria-hidden=\"true\" class=\"fas fa-angle-double-right\"><\/i>\t\t\t<\/div>\n\t\t<\/div>\n\t\t\t\t\t\t<\/div>\n\t\t\t\t<\/div>\n\t\t\t\t\t<\/div>\n\t\t\t\t<\/div>\n\t\t\t\t<\/a>\n\t\t\t\t<\/div>\n\t\t\t\t<\/div>\n\t\t<div class=\"elementor-element elementor-element-fd284c6 e-con-full e-flex e-con e-parent\" data-id=\"fd284c6\" data-element_type=\"container\" data-settings=\"{&quot;background_background&quot;:&quot;classic&quot;}\">\n\t\t<div class=\"elementor-element elementor-element-1424234b e-con-full e-flex e-con e-child\" data-id=\"1424234b\" data-element_type=\"container\">\n\t\t\t\t<div class=\"elementor-element elementor-element-531e18d6 elementor-widget elementor-widget-heading\" data-id=\"531e18d6\" data-element_type=\"widget\" data-widget_type=\"heading.default\">\n\t\t\t\t<div class=\"elementor-widget-container\">\n\t\t\t\t\t<h2 class=\"elementor-heading-title elementor-size-default\">Solicita una propuesta personalizada<\/h2>\t\t\t\t<\/div>\n\t\t\t\t<\/div>\n\t\t\t\t<div class=\"elementor-element elementor-element-1f0ab13a elementor-widget elementor-widget-heading\" data-id=\"1f0ab13a\" data-element_type=\"widget\" data-widget_type=\"heading.default\">\n\t\t\t\t<div class=\"elementor-widget-container\">\n\t\t\t\t\t<h2 class=\"elementor-heading-title elementor-size-default\">O haga clic en el bot\u00f3n de WhatsApp y hable con nuestro equipo de expertos sobre las necesidades de su aplicaci\u00f3n ahora.<\/h2>\t\t\t\t<\/div>\n\t\t\t\t<\/div>\n\t\t\t\t<div class=\"elementor-element elementor-element-7389cdbf elementor-align-center elementor-widget elementor-widget-button\" data-id=\"7389cdbf\" data-element_type=\"widget\" data-widget_type=\"button.default\">\n\t\t\t\t<div class=\"elementor-widget-container\">\n\t\t\t\t\t\t\t\t\t<div class=\"elementor-button-wrapper\">\n\t\t\t\t\t<a class=\"elementor-button elementor-button-link elementor-size-sm\" href=\"https:\/\/omel.com.br\/es\/contacto\/\">\n\t\t\t\t\t\t<span class=\"elementor-button-content-wrapper\">\n\t\t\t\t\t\t\t\t\t<span class=\"elementor-button-text\">Cont\u00e1ctenos<\/span>\n\t\t\t\t\t<\/span>\n\t\t\t\t\t<\/a>\n\t\t\t\t<\/div>\n\t\t\t\t\t\t\t\t<\/div>\n\t\t\t\t<\/div>\n\t\t\t\t<\/div>\n\t\t\t\t<\/div>\n\t\t\t\t<\/div>\n\t\t","protected":false},"excerpt":{"rendered":"<p>Saneamiento Vallair es distribuidor exclusivo de las l\u00edneas de productos OMEL para los sectores de petr\u00f3leo y gas, energ\u00eda y saneamiento. Visitar sitio web \u00bb El mercado de saneamiento es uno de los m\u00e1s esenciales y desafiantes, ya que involucra la prestaci\u00f3n de servicios p\u00fablicos de agua potable, recolecci\u00f3n y tratamiento de aguas residuales, manejo [&hellip;]<\/p>\n","protected":false},"author":1,"featured_media":0,"parent":9091,"menu_order":0,"comment_status":"closed","ping_status":"closed","template":"","meta":{"footnotes":""},"class_list":["post-9159","page","type-page","status-publish","hentry"],"_links":{"self":[{"href":"https:\/\/omel.com.br\/es\/wp-json\/wp\/v2\/pages\/9159","targetHints":{"allow":["GET"]}}],"collection":[{"href":"https:\/\/omel.com.br\/es\/wp-json\/wp\/v2\/pages"}],"about":[{"href":"https:\/\/omel.com.br\/es\/wp-json\/wp\/v2\/types\/page"}],"author":[{"embeddable":true,"href":"https:\/\/omel.com.br\/es\/wp-json\/wp\/v2\/users\/1"}],"replies":[{"embeddable":true,"href":"https:\/\/omel.com.br\/es\/wp-json\/wp\/v2\/comments?post=9159"}],"version-history":[{"count":2,"href":"https:\/\/omel.com.br\/es\/wp-json\/wp\/v2\/pages\/9159\/revisions"}],"predecessor-version":[{"id":9359,"href":"https:\/\/omel.com.br\/es\/wp-json\/wp\/v2\/pages\/9159\/revisions\/9359"}],"up":[{"embeddable":true,"href":"https:\/\/omel.com.br\/es\/wp-json\/wp\/v2\/pages\/9091"}],"wp:attachment":[{"href":"https:\/\/omel.com.br\/es\/wp-json\/wp\/v2\/media?parent=9159"}],"curies":[{"name":"wp","href":"https:\/\/api.w.org\/{rel}","templated":true}]}}